{"id":693498,"date":"2025-08-27T14:14:48","date_gmt":"2025-08-27T11:14:48","guid":{"rendered":"https:\/\/roveyayinevi.com.tr\/index.php\/urun\/barbaros-denizler-fatihi\/"},"modified":"2026-04-16T02:03:09","modified_gmt":"2026-04-15T23:03:09","slug":"barbaros-denizler-fatihi","status":"publish","type":"product","link":"https:\/\/roveyayinevi.com.tr\/index.php\/urun\/barbaros-denizler-fatihi\/","title":{"rendered":"Barbaros Denizler Fatihi"},"content":{"rendered":"<p>D\u00fcnyan\u0131n en b\u00fcy\u00fck donanmalar\u0131ndan birini olu\u015fturan denizler fatihi\u2026\u2022 Tarihin en b\u00fcy\u00fck deniz sava\u015f\u0131n\u0131 kazanan komutan\u2026\u2022 Tarihimizin en \u00f6nemli amirali\u2026\u2022 Kazand\u0131klar\u0131n\u0131n tamam\u0131n\u0131 hay\u0131r i\u015flerine harcayan bir hay\u0131rsever\u2026\u2022 Be\u015f dil bilen bir entelekt\u00fcel&#8230;\u2022 Hi\u00e7 sava\u015f kaybetmeyen bir profesyonel&#8230;\u2022 D\u00fc\u015fmanlar\u0131na bile ho\u015fg\u00f6r\u00fc g\u00f6sterip, onlar\u0131 affeden m\u00fctevaz\u0131 bir lider\u2026Bu kitapta onunla denizlerde harika bir yolculu\u011fa \u00e7\u0131kacaks\u0131n&#8230; Yelkenler fora, d\u00fcmen al\u0131nd\u0131, rota kontrol edildi, tam yol ileri; e\u011flenceli yolculuk ba\u015fl\u0131yor&#8230;\ufffc<\/p>\n","protected":false},"excerpt":{"rendered":"<p>D\u00fcnyan\u0131n en b\u00fcy\u00fck donanmalar\u0131ndan birini olu\u015fturan denizler fatihi\u2026\u2022 Tarihin en b\u00fcy\u00fck deniz sava\u015f\u0131n\u0131 kazanan komutan\u2026\u2022 Tarihimizin en \u00f6nemli amirali\u2026\u2022 Kazand\u0131klar\u0131n\u0131n tamam\u0131n\u0131 hay\u0131r i\u015flerine harcayan bir hay\u0131rsever\u2026\u2022<span class=\"excerpt-hellip\"> [\u2026]<\/span><\/p>\n","protected":false},"featured_media":0,"template":"","meta":{"_monsterinsights_skip_tracking":false,"_monsterinsights_sitenote_active":false,"_monsterinsights_sitenote_note":"","_monsterinsights_sitenote_category":0},"product_brand":[],"product_cat":[13517,12304],"product_tag":[],"class_list":{"0":"post-693498","1":"product","2":"type-product","3":"status-publish","5":"product_cat-osmanli-tarihi","6":"product_cat-tarih","7":"pa_cilt-ciltsiz","8":"pa_tur-kitap","9":"pa_yayinevi-eglenceli-bilgi-yayinlari","10":"pa_yazar-metin-ozdamarlar","12":"first","13":"instock","14":"sale","15":"shipping-taxable","16":"purchasable","17":"product-type-simple"},"_links":{"self":[{"href":"https:\/\/roveyayinevi.com.tr\/index.php\/wp-json\/wp\/v2\/product\/693498","targetHints":{"allow":["GET"]}}],"collection":[{"href":"https:\/\/roveyayinevi.com.tr\/index.php\/wp-json\/wp\/v2\/product"}],"about":[{"href":"https:\/\/roveyayinevi.com.tr\/index.php\/wp-json\/wp\/v2\/types\/product"}],"wp:attachment":[{"href":"https:\/\/roveyayinevi.com.tr\/index.php\/wp-json\/wp\/v2\/media?parent=693498"}],"wp:term":[{"taxonomy":"product_brand","embeddable":true,"href":"https:\/\/roveyayinevi.com.tr\/index.php\/wp-json\/wp\/v2\/product_brand?post=693498"},{"taxonomy":"product_cat","embeddable":true,"href":"https:\/\/roveyayinevi.com.tr\/index.php\/wp-json\/wp\/v2\/product_cat?post=693498"},{"taxonomy":"product_tag","embeddable":true,"href":"https:\/\/roveyayinevi.com.tr\/index.php\/wp-json\/wp\/v2\/product_tag?post=693498"}],"curies":[{"name":"wp","href":"https:\/\/api.w.org\/{rel}","templated":true}]}}