{"id":693497,"date":"2025-08-27T14:14:48","date_gmt":"2025-08-27T11:14:48","guid":{"rendered":"https:\/\/roveyayinevi.com.tr\/index.php\/urun\/bir-dunya-yikildi\/"},"modified":"2026-04-16T02:03:09","modified_gmt":"2026-04-15T23:03:09","slug":"bir-dunya-yikildi","status":"publish","type":"product","link":"https:\/\/roveyayinevi.com.tr\/index.php\/urun\/bir-dunya-yikildi\/","title":{"rendered":"Bir D\u00fcnya Y\u0131k\u0131ld\u0131"},"content":{"rendered":"<p>\u00c7aresiz, ba\u015f\u0131bo\u015f bir hayat&#8230; Y\u0131llard\u0131r ihmal edilen insanl\u0131k ve y\u0131k\u0131lan bir d\u00fcnya&#8230; Romanlar\u0131nda toplum ger\u00e7e\u011fini t\u00fcm detaylar\u0131na inerek ele alan yazar, bu romanda da ne\u015fterini ustaca kullan\u0131yor&#8230;<\/p>\n","protected":false},"excerpt":{"rendered":"<p>\u00c7aresiz, ba\u015f\u0131bo\u015f bir hayat&#8230; Y\u0131llard\u0131r ihmal edilen insanl\u0131k ve y\u0131k\u0131lan bir d\u00fcnya&#8230; Romanlar\u0131nda toplum ger\u00e7e\u011fini t\u00fcm detaylar\u0131na inerek ele alan yazar, bu romanda da ne\u015fterini ustaca<span class=\"excerpt-hellip\"> [\u2026]<\/span><\/p>\n","protected":false},"featured_media":0,"template":"","meta":{"_monsterinsights_skip_tracking":false,"_monsterinsights_sitenote_active":false,"_monsterinsights_sitenote_note":"","_monsterinsights_sitenote_category":0},"product_brand":[],"product_cat":[12291,12292],"product_tag":[],"class_list":{"0":"post-693497","1":"product","2":"type-product","3":"status-publish","5":"product_cat-edebiyat","6":"product_cat-turk-edebiyati","7":"pa_cilt-ciltsiz","8":"pa_tur-kitap","9":"pa_yayinevi-timas-yayinlari","10":"pa_yazar-ahmed-gunbay-yildiz","12":"first","13":"instock","14":"sale","15":"shipping-taxable","16":"purchasable","17":"product-type-simple"},"_links":{"self":[{"href":"https:\/\/roveyayinevi.com.tr\/index.php\/wp-json\/wp\/v2\/product\/693497","targetHints":{"allow":["GET"]}}],"collection":[{"href":"https:\/\/roveyayinevi.com.tr\/index.php\/wp-json\/wp\/v2\/product"}],"about":[{"href":"https:\/\/roveyayinevi.com.tr\/index.php\/wp-json\/wp\/v2\/types\/product"}],"wp:attachment":[{"href":"https:\/\/roveyayinevi.com.tr\/index.php\/wp-json\/wp\/v2\/media?parent=693497"}],"wp:term":[{"taxonomy":"product_brand","embeddable":true,"href":"https:\/\/roveyayinevi.com.tr\/index.php\/wp-json\/wp\/v2\/product_brand?post=693497"},{"taxonomy":"product_cat","embeddable":true,"href":"https:\/\/roveyayinevi.com.tr\/index.php\/wp-json\/wp\/v2\/product_cat?post=693497"},{"taxonomy":"product_tag","embeddable":true,"href":"https:\/\/roveyayinevi.com.tr\/index.php\/wp-json\/wp\/v2\/product_tag?post=693497"}],"curies":[{"name":"wp","href":"https:\/\/api.w.org\/{rel}","templated":true}]}}