{"id":693495,"date":"2025-08-27T14:14:47","date_gmt":"2025-08-27T11:14:47","guid":{"rendered":"https:\/\/roveyayinevi.com.tr\/index.php\/urun\/bi-musaade-sinavim-var\/"},"modified":"2026-04-16T02:03:09","modified_gmt":"2026-04-15T23:03:09","slug":"bi-musaade-sinavim-var","status":"publish","type":"product","link":"https:\/\/roveyayinevi.com.tr\/index.php\/urun\/bi-musaade-sinavim-var\/","title":{"rendered":"Bi M\u00fcsaade S\u0131nav\u0131m Var"},"content":{"rendered":"<p>Bi\u2019 M\u00fcsaade S\u0131nav\u0131m Var on ya\u015f\u0131ndan eri\u015fkinli\u011fe kadar farkl\u0131 s\u0131navlara girecek herkese \u015f\u00f6yle diyor: \u00d6\u011fretmenler, anne babalar, \u00e7ocuklar ve gen\u00e7ler: S\u0131nav kolayd\u0131r! Yeter ki nas\u0131l haz\u0131rlanaca\u011f\u0131n\u0131z\u0131 bilin. Dr. Faruk \u00d6nda\u011f, Bi\u2019 M\u00fcsaade S\u0131nav\u0131m Var\u2019da t\u00fcm \u00f6\u011frencilerin s\u0131nav s\u00fcrecinde neler ya\u015fad\u0131\u011f\u0131n\u0131, bu s\u00fcre\u00e7te onlar\u0131 ne gibi g\u00f6r\u00fcnmez engellerin bekledi\u011fini ve bu engellerin nas\u0131l a\u015f\u0131laca\u011f\u0131n\u0131 keyifli bir anlat\u0131mla aktar\u0131yor. S\u0131nava haz\u0131rl\u0131k s\u00fcrecinde, bir hafta \u00f6ncesinde ve \u00f6zellikle s\u0131nav an\u0131nda nelere dikkat edilece\u011fini titizlikle i\u015flerken okuyucuya bir yol haritas\u0131 veriyor. Ya\u015fanm\u0131\u015f onlarca s\u0131nav \u00f6yk\u00fcs\u00fc payla\u015f\u0131l\u0131yor. Bi\u2019 M\u00fcsaade S\u0131nav\u0131m Var adeta bir s\u0131nav\u0131 kolayla\u015ft\u0131rma rehberi. Dr. Faruk \u00d6nda\u011f\u2019\u0131n s\u0131ms\u0131cak, e\u011flenceli ve hayat\u0131n i\u00e7inden anlat\u0131m\u0131yla.<\/p>\n","protected":false},"excerpt":{"rendered":"<p>Bi\u2019 M\u00fcsaade S\u0131nav\u0131m Var on ya\u015f\u0131ndan eri\u015fkinli\u011fe kadar farkl\u0131 s\u0131navlara girecek herkese \u015f\u00f6yle diyor: \u00d6\u011fretmenler, anne babalar, \u00e7ocuklar ve gen\u00e7ler: S\u0131nav kolayd\u0131r! Yeter ki nas\u0131l haz\u0131rlanaca\u011f\u0131n\u0131z\u0131<span class=\"excerpt-hellip\"> [\u2026]<\/span><\/p>\n","protected":false},"featured_media":0,"template":"","meta":{"_monsterinsights_skip_tracking":false,"_monsterinsights_sitenote_active":false,"_monsterinsights_sitenote_note":"","_monsterinsights_sitenote_category":0},"product_brand":[],"product_cat":[14787,13488],"product_tag":[],"class_list":{"0":"post-693495","1":"product","2":"type-product","3":"status-publish","5":"product_cat-diger-toplum-ve-insan","6":"product_cat-toplum-ve-insan","7":"pa_cilt-ciltsiz","8":"pa_tur-kitap","9":"pa_yayinevi-timas-yayinlari","10":"pa_yazar-faruk-ondag","12":"first","13":"instock","14":"sale","15":"shipping-taxable","16":"purchasable","17":"product-type-simple"},"_links":{"self":[{"href":"https:\/\/roveyayinevi.com.tr\/index.php\/wp-json\/wp\/v2\/product\/693495","targetHints":{"allow":["GET"]}}],"collection":[{"href":"https:\/\/roveyayinevi.com.tr\/index.php\/wp-json\/wp\/v2\/product"}],"about":[{"href":"https:\/\/roveyayinevi.com.tr\/index.php\/wp-json\/wp\/v2\/types\/product"}],"wp:attachment":[{"href":"https:\/\/roveyayinevi.com.tr\/index.php\/wp-json\/wp\/v2\/media?parent=693495"}],"wp:term":[{"taxonomy":"product_brand","embeddable":true,"href":"https:\/\/roveyayinevi.com.tr\/index.php\/wp-json\/wp\/v2\/product_brand?post=693495"},{"taxonomy":"product_cat","embeddable":true,"href":"https:\/\/roveyayinevi.com.tr\/index.php\/wp-json\/wp\/v2\/product_cat?post=693495"},{"taxonomy":"product_tag","embeddable":true,"href":"https:\/\/roveyayinevi.com.tr\/index.php\/wp-json\/wp\/v2\/product_tag?post=693495"}],"curies":[{"name":"wp","href":"https:\/\/api.w.org\/{rel}","templated":true}]}}