{"id":693491,"date":"2025-08-27T14:14:46","date_gmt":"2025-08-27T11:14:46","guid":{"rendered":"https:\/\/roveyayinevi.com.tr\/index.php\/urun\/kent-cemaat-etnisite\/"},"modified":"2026-01-29T02:05:56","modified_gmt":"2026-01-28T23:05:56","slug":"kent-cemaat-etnisite","status":"publish","type":"product","link":"https:\/\/roveyayinevi.com.tr\/index.php\/urun\/kent-cemaat-etnisite\/","title":{"rendered":"Kent Cemaat Etnisite"},"content":{"rendered":"<p>Kenti anlaman\u0131n yollar\u0131ndan biri kenti metin olarak g\u00f6rmek; kentteki bir etnik toplulu\u011fu incelemenin en \u00f6nemli yollar\u0131ndan biri de, s\u00f6z konusu etnik toplulu\u011fun, sosyal ili\u015fki ve sosyal s\u00fcre\u00e7lerdeki konumlan\u0131\u015f\u0131yla, metni nas\u0131l yeniden \u00fcretti\u011fi ve okudu\u011funu anlamaya \u00e7al\u0131\u015fmakt\u0131r. \u00c7\u00fcnk\u00fc, kentin fiziksel mek\u00e2nlar\u0131na ya da bir b\u00fct\u00fcn olarak kente y\u00fcklenen anlam, farkl\u0131 k\u00fclt\u00fcrel \u00f6zelliklere sahip etnik topluluklar taraf\u0131ndan farkl\u0131 okumalara tabi tutuldu\u011fu i\u00e7in bu fiziksel mek\u00e2nlar cans\u0131z birer varl\u0131k olmaktan \u00e7\u0131karak, ki\u015fisel ve sosyal belleklerde \u00f6nemli birer \u00f6\u011feye d\u00f6n\u00fc\u015fmektedir. Kent ya\u015fam\u0131 ve etnisite bir arada d\u00fc\u015f\u00fcn\u00fcld\u00fc\u011f\u00fcnde de yap\u0131lmas\u0131 gereken kenti ve etnik topluluklar\u0131 verili birer yap\u0131 olarak almaktan \u00e7ok, bu iki yap\u0131y\u0131 etkileyen girift katmanlar\u0131 g\u00f6z \u00f6n\u00fcne sermektir. \u00c7\u00fcnk\u00fc, hem kent ve dolays\u0131z bi\u00e7imde kentle\u015fme ve kentlile\u015fme s\u00fcre\u00e7leri; hem de etnik topluluklar\u0131n geli\u015fimi ve kendilerini tan\u0131mlamas\u0131 i\u00e7inde, yer ald\u0131klar\u0131 ve kendilerinden daha kapsaml\u0131 olan farkl\u0131 s\u00fcre\u00e7lerin etkisinde \u015fekillenmektedir. Ba\u015fka bir deyi\u015fle, kent ya\u015fam\u0131ndaki etnik ili\u015fkileri yaln\u0131zca etnik topluluklar\u0131n i\u00e7sel \u00f6zellikleri ya da bu topluluklar\u0131n birbirine bak\u0131\u015f\u0131 ile a\u00e7\u0131klamak sonu\u00e7suz bir \u00e7aba olarak kalacakt\u0131r. Bu nedenle, \u00e7al\u0131\u015fmada; Adana Nusayrilerinin, kentsel ya\u015fam\u0131n b\u00fct\u00fcn devingenli\u011fine ra\u011fmen k\u00fclt\u00fcrel farkl\u0131l\u0131klar\u0131n\u0131 nas\u0131l koruduklar\u0131 ve s\u0131n\u0131rlar\u0131n\u0131, de\u011fi\u015fen ko\u015fullarda nas\u0131l yeniden \u00fcretebildikleri, sorusuna m\u00fcmk\u00fcn oldu\u011fu \u00f6l\u00e7\u00fcde cevap verilmeye \u00e7al\u0131\u015f\u0131lm\u0131\u015f; bu s\u00fcre\u00e7te topluluk kamusall\u0131\u011f\u0131n\u0131n olu\u015fumu ve etkinli\u011fi tart\u0131\u015f\u0131lm\u0131\u015ft\u0131r. <\/p>\n","protected":false},"excerpt":{"rendered":"<p>Kenti anlaman\u0131n yollar\u0131ndan biri kenti metin olarak g\u00f6rmek; kentteki bir etnik toplulu\u011fu incelemenin en \u00f6nemli yollar\u0131ndan biri de, s\u00f6z konusu etnik toplulu\u011fun, sosyal ili\u015fki ve sosyal<span class=\"excerpt-hellip\"> [\u2026]<\/span><\/p>\n","protected":false},"featured_media":0,"template":"","meta":{"_monsterinsights_skip_tracking":false,"_monsterinsights_sitenote_active":false,"_monsterinsights_sitenote_note":"","_monsterinsights_sitenote_category":0},"product_brand":[],"product_cat":[12767,12324],"product_tag":[],"class_list":{"0":"post-693491","1":"product","2":"type-product","3":"status-publish","5":"product_cat-kentlesme-modernlesme","6":"product_cat-sosyoloji","7":"pa_cilt-ciltsiz","8":"pa_tur-kitap","9":"pa_yayinevi-utopya-yayinevi","10":"pa_yazar-inan-keser","12":"first","13":"instock","14":"sale","15":"shipping-taxable","16":"purchasable","17":"product-type-simple"},"_links":{"self":[{"href":"https:\/\/roveyayinevi.com.tr\/index.php\/wp-json\/wp\/v2\/product\/693491","targetHints":{"allow":["GET"]}}],"collection":[{"href":"https:\/\/roveyayinevi.com.tr\/index.php\/wp-json\/wp\/v2\/product"}],"about":[{"href":"https:\/\/roveyayinevi.com.tr\/index.php\/wp-json\/wp\/v2\/types\/product"}],"wp:attachment":[{"href":"https:\/\/roveyayinevi.com.tr\/index.php\/wp-json\/wp\/v2\/media?parent=693491"}],"wp:term":[{"taxonomy":"product_brand","embeddable":true,"href":"https:\/\/roveyayinevi.com.tr\/index.php\/wp-json\/wp\/v2\/product_brand?post=693491"},{"taxonomy":"product_cat","embeddable":true,"href":"https:\/\/roveyayinevi.com.tr\/index.php\/wp-json\/wp\/v2\/product_cat?post=693491"},{"taxonomy":"product_tag","embeddable":true,"href":"https:\/\/roveyayinevi.com.tr\/index.php\/wp-json\/wp\/v2\/product_tag?post=693491"}],"curies":[{"name":"wp","href":"https:\/\/api.w.org\/{rel}","templated":true}]}}