{"id":693490,"date":"2025-08-27T14:14:46","date_gmt":"2025-08-27T11:14:46","guid":{"rendered":"https:\/\/roveyayinevi.com.tr\/index.php\/urun\/bir-fransiz-romani\/"},"modified":"2026-04-16T02:03:09","modified_gmt":"2026-04-15T23:03:09","slug":"bir-fransiz-romani","status":"publish","type":"product","link":"https:\/\/roveyayinevi.com.tr\/index.php\/urun\/bir-fransiz-romani\/","title":{"rendered":"Bir Frans\u0131z Roman\u0131"},"content":{"rendered":"<p>Frans\u0131z edebiyat\u0131n\u0131n mavi kanl\u0131 serserisi, g\u00f6zalt\u0131nda divana uzan\u0131yor, adalet sisteminin \u00e7arklar\u0131nda ki\u015fisel tarihini hat\u0131rlamaya \u00e7al\u0131\u015f\u0131yor. A\u011fabeyinin \u00f6d\u00fcllendirildi\u011fi bir d\u00fcnyada cezaland\u0131r\u0131lan bir karde\u015fin sorgulamas\u0131: Fr\u00e9d\u00e9ric Beigbeder\u2019in son itirafnamesi, Bir Frans\u0131z Roman\u0131. <\/p>\n","protected":false},"excerpt":{"rendered":"<p>Frans\u0131z edebiyat\u0131n\u0131n mavi kanl\u0131 serserisi, g\u00f6zalt\u0131nda divana uzan\u0131yor, adalet sisteminin \u00e7arklar\u0131nda ki\u015fisel tarihini hat\u0131rlamaya \u00e7al\u0131\u015f\u0131yor. A\u011fabeyinin \u00f6d\u00fcllendirildi\u011fi bir d\u00fcnyada cezaland\u0131r\u0131lan bir karde\u015fin sorgulamas\u0131: Fr\u00e9d\u00e9ric Beigbeder\u2019in son<span class=\"excerpt-hellip\"> [\u2026]<\/span><\/p>\n","protected":false},"featured_media":0,"template":"","meta":{"_monsterinsights_skip_tracking":false,"_monsterinsights_sitenote_active":false,"_monsterinsights_sitenote_note":"","_monsterinsights_sitenote_category":0},"product_brand":[],"product_cat":[12291,13376],"product_tag":[],"class_list":{"0":"post-693490","1":"product","2":"type-product","3":"status-publish","5":"product_cat-edebiyat","6":"product_cat-fransiz-edebiyati","7":"pa_tur-kitap","8":"pa_yayinevi-sel-yayincilik","9":"pa_yazar-frederic-beigbeder","11":"first","12":"instock","13":"sale","14":"shipping-taxable","15":"purchasable","16":"product-type-simple"},"_links":{"self":[{"href":"https:\/\/roveyayinevi.com.tr\/index.php\/wp-json\/wp\/v2\/product\/693490","targetHints":{"allow":["GET"]}}],"collection":[{"href":"https:\/\/roveyayinevi.com.tr\/index.php\/wp-json\/wp\/v2\/product"}],"about":[{"href":"https:\/\/roveyayinevi.com.tr\/index.php\/wp-json\/wp\/v2\/types\/product"}],"wp:attachment":[{"href":"https:\/\/roveyayinevi.com.tr\/index.php\/wp-json\/wp\/v2\/media?parent=693490"}],"wp:term":[{"taxonomy":"product_brand","embeddable":true,"href":"https:\/\/roveyayinevi.com.tr\/index.php\/wp-json\/wp\/v2\/product_brand?post=693490"},{"taxonomy":"product_cat","embeddable":true,"href":"https:\/\/roveyayinevi.com.tr\/index.php\/wp-json\/wp\/v2\/product_cat?post=693490"},{"taxonomy":"product_tag","embeddable":true,"href":"https:\/\/roveyayinevi.com.tr\/index.php\/wp-json\/wp\/v2\/product_tag?post=693490"}],"curies":[{"name":"wp","href":"https:\/\/api.w.org\/{rel}","templated":true}]}}