{"id":693488,"date":"2025-08-27T14:14:46","date_gmt":"2025-08-27T11:14:46","guid":{"rendered":"https:\/\/roveyayinevi.com.tr\/index.php\/urun\/eglenceli-tarih-serisi-07-gecit-vermez-canakkale\/"},"modified":"2026-04-16T02:03:09","modified_gmt":"2026-04-15T23:03:09","slug":"eglenceli-tarih-serisi-07-gecit-vermez-canakkale","status":"publish","type":"product","link":"https:\/\/roveyayinevi.com.tr\/index.php\/urun\/eglenceli-tarih-serisi-07-gecit-vermez-canakkale\/","title":{"rendered":"E\u011flenceli Tarih Serisi 07 &#8211; Ge\u00e7it Vermez \u00c7anakkale"},"content":{"rendered":"<p>Y\u0131l 1915&#8230; \u00c7anakkale Bo\u011faz\u0131&#8230; Dev bir donanma ve kara ordusu&#8230; Denizden, karadan, havadn bo\u011faz\u0131 ge\u00e7mek i\u00e7in verilen inan\u0131lmaz m\u00fccadele&#8230; Onlara zor ko\u015fullar altnda kar\u015f\u0131 koyan Mehmet\u00e7ik&#8230; \u00dczerine en \u00e7ok kitap yaz\u0131lan, t\u00fcrk\u00fc yak\u0131lan, belgesellere, tarih kitaplar\u0131na, \u015fiirlere konu olan bir sava\u015f&#8230; Bir kahramanl\u0131k destan\u0131&#8230;<\/p>\n","protected":false},"excerpt":{"rendered":"<p>Y\u0131l 1915&#8230; \u00c7anakkale Bo\u011faz\u0131&#8230; Dev bir donanma ve kara ordusu&#8230; Denizden, karadan, havadn bo\u011faz\u0131 ge\u00e7mek i\u00e7in verilen inan\u0131lmaz m\u00fccadele&#8230; Onlara zor ko\u015fullar altnda kar\u015f\u0131 koyan Mehmet\u00e7ik&#8230;<span class=\"excerpt-hellip\"> [\u2026]<\/span><\/p>\n","protected":false},"featured_media":0,"template":"","meta":{"_monsterinsights_skip_tracking":false,"_monsterinsights_sitenote_active":false,"_monsterinsights_sitenote_note":"","_monsterinsights_sitenote_category":0},"product_brand":[],"product_cat":[12312,12304],"product_tag":[],"class_list":{"0":"post-693488","1":"product","2":"type-product","3":"status-publish","5":"product_cat-diger","6":"product_cat-tarih","7":"pa_cilt-ciltsiz","8":"pa_tur-kitap","9":"pa_yayinevi-timas-yayinlari","10":"pa_yazar-metin-ozdamarlar","12":"first","13":"instock","14":"sale","15":"shipping-taxable","16":"purchasable","17":"product-type-simple"},"_links":{"self":[{"href":"https:\/\/roveyayinevi.com.tr\/index.php\/wp-json\/wp\/v2\/product\/693488","targetHints":{"allow":["GET"]}}],"collection":[{"href":"https:\/\/roveyayinevi.com.tr\/index.php\/wp-json\/wp\/v2\/product"}],"about":[{"href":"https:\/\/roveyayinevi.com.tr\/index.php\/wp-json\/wp\/v2\/types\/product"}],"wp:attachment":[{"href":"https:\/\/roveyayinevi.com.tr\/index.php\/wp-json\/wp\/v2\/media?parent=693488"}],"wp:term":[{"taxonomy":"product_brand","embeddable":true,"href":"https:\/\/roveyayinevi.com.tr\/index.php\/wp-json\/wp\/v2\/product_brand?post=693488"},{"taxonomy":"product_cat","embeddable":true,"href":"https:\/\/roveyayinevi.com.tr\/index.php\/wp-json\/wp\/v2\/product_cat?post=693488"},{"taxonomy":"product_tag","embeddable":true,"href":"https:\/\/roveyayinevi.com.tr\/index.php\/wp-json\/wp\/v2\/product_tag?post=693488"}],"curies":[{"name":"wp","href":"https:\/\/api.w.org\/{rel}","templated":true}]}}