{"id":693485,"date":"2025-08-27T14:14:45","date_gmt":"2025-08-27T11:14:45","guid":{"rendered":"https:\/\/roveyayinevi.com.tr\/index.php\/urun\/felsefe-yazilari\/"},"modified":"2026-04-16T02:03:09","modified_gmt":"2026-04-15T23:03:09","slug":"felsefe-yazilari","status":"publish","type":"product","link":"https:\/\/roveyayinevi.com.tr\/index.php\/urun\/felsefe-yazilari\/","title":{"rendered":"Felsefe Yaz\u0131lar\u0131"},"content":{"rendered":"<p>Felsefe Yaz\u0131lar\u0131, di\u011fer eserlerinden farkl\u0131 olarak Hilmi Yavuz\u2018un felsefeci kimli\u011fini \u00f6ne \u00e7\u0131kar\u0131rken, birikim ve analizlerine vurgu yap\u0131yor. Kuram-dil ba\u011f\u0131nt\u0131s\u0131, felsefe e\u011fitimi ve dili soyut &#8211; somut ili\u015fkisi, varl\u0131k ve zaman, yap\u0131s\u00f6k\u00fcm gibi belli ba\u015fl\u0131 felsefe ba\u015fl\u0131klar\u0131 \u00fczerine yaz\u0131lm\u0131\u015f makalelerden meydana gelen kitap, konular\u0131 Yavuz\u2018un bak\u0131\u015f a\u00e7\u0131s\u0131yla ele al\u0131yor. <\/p>\n","protected":false},"excerpt":{"rendered":"<p>Felsefe Yaz\u0131lar\u0131, di\u011fer eserlerinden farkl\u0131 olarak Hilmi Yavuz\u2018un felsefeci kimli\u011fini \u00f6ne \u00e7\u0131kar\u0131rken, birikim ve analizlerine vurgu yap\u0131yor. Kuram-dil ba\u011f\u0131nt\u0131s\u0131, felsefe e\u011fitimi ve dili soyut &#8211; somut<span class=\"excerpt-hellip\"> [\u2026]<\/span><\/p>\n","protected":false},"featured_media":0,"template":"","meta":{"_monsterinsights_skip_tracking":false,"_monsterinsights_sitenote_active":false,"_monsterinsights_sitenote_note":"","_monsterinsights_sitenote_category":0},"product_brand":[],"product_cat":[12389,12388],"product_tag":[],"class_list":{"0":"post-693485","1":"product","2":"type-product","3":"status-publish","5":"product_cat-diger-felsefe","6":"product_cat-felsefe","7":"pa_tur-kitap","8":"pa_yayinevi-timas-yayinlari","9":"pa_yazar-hilmi-yavuz","11":"first","12":"instock","13":"sale","14":"shipping-taxable","15":"purchasable","16":"product-type-simple"},"_links":{"self":[{"href":"https:\/\/roveyayinevi.com.tr\/index.php\/wp-json\/wp\/v2\/product\/693485","targetHints":{"allow":["GET"]}}],"collection":[{"href":"https:\/\/roveyayinevi.com.tr\/index.php\/wp-json\/wp\/v2\/product"}],"about":[{"href":"https:\/\/roveyayinevi.com.tr\/index.php\/wp-json\/wp\/v2\/types\/product"}],"wp:attachment":[{"href":"https:\/\/roveyayinevi.com.tr\/index.php\/wp-json\/wp\/v2\/media?parent=693485"}],"wp:term":[{"taxonomy":"product_brand","embeddable":true,"href":"https:\/\/roveyayinevi.com.tr\/index.php\/wp-json\/wp\/v2\/product_brand?post=693485"},{"taxonomy":"product_cat","embeddable":true,"href":"https:\/\/roveyayinevi.com.tr\/index.php\/wp-json\/wp\/v2\/product_cat?post=693485"},{"taxonomy":"product_tag","embeddable":true,"href":"https:\/\/roveyayinevi.com.tr\/index.php\/wp-json\/wp\/v2\/product_tag?post=693485"}],"curies":[{"name":"wp","href":"https:\/\/api.w.org\/{rel}","templated":true}]}}