{"id":693484,"date":"2025-08-27T14:14:45","date_gmt":"2025-08-27T11:14:45","guid":{"rendered":"https:\/\/roveyayinevi.com.tr\/index.php\/urun\/ask-ve-flort-kiskacinda-ergen\/"},"modified":"2026-04-16T02:03:09","modified_gmt":"2026-04-15T23:03:09","slug":"ask-ve-flort-kiskacinda-ergen","status":"publish","type":"product","link":"https:\/\/roveyayinevi.com.tr\/index.php\/urun\/ask-ve-flort-kiskacinda-ergen\/","title":{"rendered":"A\u015fk ve Fl\u00f6rt K\u0131skac\u0131nda Ergen"},"content":{"rendered":"<p>Her an\u0131nda farkl\u0131 bir geli\u015fim sanc\u0131s\u0131 ya\u015fanan ergenli\u011fin en kritik konusu fl\u00f6rt, Psikolojik Dan\u0131\u015fman M. Kemal Hayta ve Psikolojik Dan\u0131\u015fman Osman Alg\u0131n taraf\u0131ndan A\u015fk ve Fl\u00f6rt K\u0131skac\u0131nda Ergen\u2019de kaleme al\u0131nd\u0131. <\/p>\n","protected":false},"excerpt":{"rendered":"<p>Her an\u0131nda farkl\u0131 bir geli\u015fim sanc\u0131s\u0131 ya\u015fanan ergenli\u011fin en kritik konusu fl\u00f6rt, Psikolojik Dan\u0131\u015fman M. Kemal Hayta ve Psikolojik Dan\u0131\u015fman Osman Alg\u0131n taraf\u0131ndan A\u015fk ve Fl\u00f6rt<span class=\"excerpt-hellip\"> [\u2026]<\/span><\/p>\n","protected":false},"featured_media":0,"template":"","meta":{"_monsterinsights_skip_tracking":false,"_monsterinsights_sitenote_active":false,"_monsterinsights_sitenote_note":"","_monsterinsights_sitenote_category":0},"product_brand":[],"product_cat":[14787,13488],"product_tag":[],"class_list":{"0":"post-693484","1":"product","2":"type-product","3":"status-publish","5":"product_cat-diger-toplum-ve-insan","6":"product_cat-toplum-ve-insan","7":"pa_tur-kitap","8":"pa_yayinevi-timas-yayinlari","9":"pa_yazar-osman-algin","11":"first","12":"instock","13":"sale","14":"shipping-taxable","15":"purchasable","16":"product-type-simple"},"_links":{"self":[{"href":"https:\/\/roveyayinevi.com.tr\/index.php\/wp-json\/wp\/v2\/product\/693484","targetHints":{"allow":["GET"]}}],"collection":[{"href":"https:\/\/roveyayinevi.com.tr\/index.php\/wp-json\/wp\/v2\/product"}],"about":[{"href":"https:\/\/roveyayinevi.com.tr\/index.php\/wp-json\/wp\/v2\/types\/product"}],"wp:attachment":[{"href":"https:\/\/roveyayinevi.com.tr\/index.php\/wp-json\/wp\/v2\/media?parent=693484"}],"wp:term":[{"taxonomy":"product_brand","embeddable":true,"href":"https:\/\/roveyayinevi.com.tr\/index.php\/wp-json\/wp\/v2\/product_brand?post=693484"},{"taxonomy":"product_cat","embeddable":true,"href":"https:\/\/roveyayinevi.com.tr\/index.php\/wp-json\/wp\/v2\/product_cat?post=693484"},{"taxonomy":"product_tag","embeddable":true,"href":"https:\/\/roveyayinevi.com.tr\/index.php\/wp-json\/wp\/v2\/product_tag?post=693484"}],"curies":[{"name":"wp","href":"https:\/\/api.w.org\/{rel}","templated":true}]}}