{"id":693481,"date":"2025-08-27T14:14:44","date_gmt":"2025-08-27T11:14:44","guid":{"rendered":"https:\/\/roveyayinevi.com.tr\/index.php\/urun\/gonulden-gonule-mevlana-imgesi\/"},"modified":"2026-01-29T02:05:56","modified_gmt":"2026-01-28T23:05:56","slug":"gonulden-gonule-mevlana-imgesi","status":"publish","type":"product","link":"https:\/\/roveyayinevi.com.tr\/index.php\/urun\/gonulden-gonule-mevlana-imgesi\/","title":{"rendered":"G\u00f6n\u00fclden G\u00f6n\u00fcle Mevlana \u0130mgesi"},"content":{"rendered":"<p>\u0130mgeler evreninde d\u00f6nen beyazlar y\u00fcrekleri  yak\u0131yordu , Konya\u2019da ka\u015f\u0131klar\u0131n, cam ve tahta \u00e7er\u00e7evelerin \u00fczerindeki \u00f6\u011f\u00fctler, \u00f6\u011f\u00fctlerin aras\u0131ndaki Mevlana, Konya\u2019ya gelenlere kendilerini be\u011fendirmeye \u00e7al\u0131\u015f\u0131yor, bin bir renk ve bi\u00e7ime b\u00fcr\u00fcnm\u00fc\u015f olarak, vitrinlerde, vitrinlerden caddeye ta\u015fan uzant\u0131lar\u0131n \u00fczerinde s\u0131ralanm\u0131\u015f, se\u00e7ilmeyi bekliyorlard\u0131. Boyunlar\u0131 b\u00fck\u00fckt\u00fc, i\u00e7lerinin bo\u015falt\u0131ld\u0131\u011f\u0131n\u0131 biliyorlard\u0131, ama yapacak bir \u015fey yoktu. Onlar da al\u0131c\u0131lar\u0131n \u00e7antalar\u0131nda, tak\u0131 olarak parmaklar\u0131nda, boyunlar\u0131nda sema seyretmeye gidebilirlerdi. Mevlana imgesine, bu imgenin t\u00fcketilmesine ve yeniden \u00fcretilmesine odaklanan bu kitap, Mevlana imgesinin t\u00fcketimine iki g\u00f6sterge \u00fczerinden yakla\u015fmakta: Mevlana\u2019n\u0131n yedi \u00f6\u011f\u00fcd\u00fc ve sema. \u00d6zellikle 2007 y\u0131l\u0131n\u0131n UNESCO taraf\u0131ndan Mevlana y\u0131l\u0131 olarak kabul edilmesinin ard\u0131ndan bu t\u00fcketimin ve yeniden \u00fcretimin daha da artt\u0131\u011f\u0131na tan\u0131k olmaktay\u0131z. Kitapta, g\u00f6r\u00fcn\u00fcrde g\u00fcndelik ya\u015fam ko\u015fullar\u0131 ile ilgili olan \u00f6\u011f\u00fctler, bili\u015fsel d\u00fczeydeki anlamland\u0131rmalar, d\u00fcnyevi olmayana ait olan sema ise duygusal d\u00fczeydeki anlamland\u0131rmalar i\u00e7in temel al\u0131nmakta. Kitap, imge evreninde Mevlana\u2019n\u0131n var olu\u015f ko\u015fullar\u0131n\u0131 ve bu ko\u015fullarda de\u011fi\u015fik toplumsal gruplar\u0131n kendi ger\u00e7eklikleri i\u00e7inde Mevlana\u2019y\u0131 nas\u0131l al\u0131mlad\u0131klar\u0131n\u0131 (yorumlad\u0131klar\u0131n\u0131) ortaya \u00e7\u0131karmaya \u00e7al\u0131\u015f\u0131yor. B\u00f6ylece pop\u00fcler bir imgeden hareketle, toplumsal ger\u00e7ekli\u011fimizin alt\u0131ndaki ger\u00e7ekleri anlamaya giri\u015fiyor. Bireylerin \u00f6zg\u00fcn anlamland\u0131rmalar\u0131ndan hareketle toplumu anlamaya dair \u00f6nemli ipu\u00e7lar\u0131 sunuyor. <\/p>\n","protected":false},"excerpt":{"rendered":"<p>\u0130mgeler evreninde d\u00f6nen beyazlar y\u00fcrekleri yak\u0131yordu , Konya\u2019da ka\u015f\u0131klar\u0131n, cam ve tahta \u00e7er\u00e7evelerin \u00fczerindeki \u00f6\u011f\u00fctler, \u00f6\u011f\u00fctlerin aras\u0131ndaki Mevlana, Konya\u2019ya gelenlere kendilerini be\u011fendirmeye \u00e7al\u0131\u015f\u0131yor, bin bir renk<span class=\"excerpt-hellip\"> [\u2026]<\/span><\/p>\n","protected":false},"featured_media":0,"template":"","meta":{"_monsterinsights_skip_tracking":false,"_monsterinsights_sitenote_active":false,"_monsterinsights_sitenote_note":"","_monsterinsights_sitenote_category":0},"product_brand":[],"product_cat":[15983,13488],"product_tag":[],"class_list":{"0":"post-693481","1":"product","2":"type-product","3":"status-publish","5":"product_cat-iletisim-ve-medya","6":"product_cat-toplum-ve-insan","7":"pa_cilt-ciltsiz","8":"pa_tur-kitap","9":"pa_yayinevi-utopya-yayinevi","10":"pa_yazar-aydan-ozsoy","12":"first","13":"instock","14":"sale","15":"shipping-taxable","16":"purchasable","17":"product-type-simple"},"_links":{"self":[{"href":"https:\/\/roveyayinevi.com.tr\/index.php\/wp-json\/wp\/v2\/product\/693481","targetHints":{"allow":["GET"]}}],"collection":[{"href":"https:\/\/roveyayinevi.com.tr\/index.php\/wp-json\/wp\/v2\/product"}],"about":[{"href":"https:\/\/roveyayinevi.com.tr\/index.php\/wp-json\/wp\/v2\/types\/product"}],"wp:attachment":[{"href":"https:\/\/roveyayinevi.com.tr\/index.php\/wp-json\/wp\/v2\/media?parent=693481"}],"wp:term":[{"taxonomy":"product_brand","embeddable":true,"href":"https:\/\/roveyayinevi.com.tr\/index.php\/wp-json\/wp\/v2\/product_brand?post=693481"},{"taxonomy":"product_cat","embeddable":true,"href":"https:\/\/roveyayinevi.com.tr\/index.php\/wp-json\/wp\/v2\/product_cat?post=693481"},{"taxonomy":"product_tag","embeddable":true,"href":"https:\/\/roveyayinevi.com.tr\/index.php\/wp-json\/wp\/v2\/product_tag?post=693481"}],"curies":[{"name":"wp","href":"https:\/\/api.w.org\/{rel}","templated":true}]}}