{"id":693478,"date":"2025-08-27T14:14:44","date_gmt":"2025-08-27T11:14:44","guid":{"rendered":"https:\/\/roveyayinevi.com.tr\/index.php\/urun\/aska-uyanmak\/"},"modified":"2026-04-16T02:03:09","modified_gmt":"2026-04-15T23:03:09","slug":"aska-uyanmak","status":"publish","type":"product","link":"https:\/\/roveyayinevi.com.tr\/index.php\/urun\/aska-uyanmak\/","title":{"rendered":"A\u015fka Uyanmak"},"content":{"rendered":"<p>Her ya\u015ftan insan\u0131n zevkle okudu\u011fu usta romanc\u0131 Ahmed G\u00fcnbay Y\u0131ld\u0131z, A\u015fka Uyanmak ile kar\u015f\u0131m\u0131za \u00e7\u0131k\u0131yor bu kez&#8230; Eserde, her t\u00fcrl\u00fc olumsuzluklarla kar\u015f\u0131 kar\u015f\u0131ya gelmi\u015f fakat hi\u00e7bir yol g\u00f6stericisi olmayan gen\u00e7lerin a\u00e7mazlar\u0131 ele al\u0131n\u0131yor. Bug\u00fcne kadar pek\u00e7ok insan\u0131n \u00fczerinde olumlu etkiler b\u0131rakan yazar, bu eseri ile \u00f6nceki romanlar\u0131n\u0131 da a\u015farak yepyeni bir tahlil ve ifade zenginli\u011fine ula\u015fm\u0131\u015ft\u0131r. \ufffcTan\u0131t\u0131m Metni<\/p>\n","protected":false},"excerpt":{"rendered":"<p>Her ya\u015ftan insan\u0131n zevkle okudu\u011fu usta romanc\u0131 Ahmed G\u00fcnbay Y\u0131ld\u0131z, A\u015fka Uyanmak ile kar\u015f\u0131m\u0131za \u00e7\u0131k\u0131yor bu kez&#8230; Eserde, her t\u00fcrl\u00fc olumsuzluklarla kar\u015f\u0131 kar\u015f\u0131ya gelmi\u015f fakat hi\u00e7bir<span class=\"excerpt-hellip\"> [\u2026]<\/span><\/p>\n","protected":false},"featured_media":0,"template":"","meta":{"_monsterinsights_skip_tracking":false,"_monsterinsights_sitenote_active":false,"_monsterinsights_sitenote_note":"","_monsterinsights_sitenote_category":0},"product_brand":[],"product_cat":[14643,12291],"product_tag":[],"class_list":{"0":"post-693478","1":"product","2":"type-product","3":"status-publish","5":"product_cat-ask","6":"product_cat-edebiyat","7":"pa_tur-kitap","8":"pa_yayinevi-timas-yayinlari","9":"pa_yazar-ahmed-gunbay-yildiz","11":"first","12":"instock","13":"sale","14":"shipping-taxable","15":"purchasable","16":"product-type-simple"},"_links":{"self":[{"href":"https:\/\/roveyayinevi.com.tr\/index.php\/wp-json\/wp\/v2\/product\/693478","targetHints":{"allow":["GET"]}}],"collection":[{"href":"https:\/\/roveyayinevi.com.tr\/index.php\/wp-json\/wp\/v2\/product"}],"about":[{"href":"https:\/\/roveyayinevi.com.tr\/index.php\/wp-json\/wp\/v2\/types\/product"}],"wp:attachment":[{"href":"https:\/\/roveyayinevi.com.tr\/index.php\/wp-json\/wp\/v2\/media?parent=693478"}],"wp:term":[{"taxonomy":"product_brand","embeddable":true,"href":"https:\/\/roveyayinevi.com.tr\/index.php\/wp-json\/wp\/v2\/product_brand?post=693478"},{"taxonomy":"product_cat","embeddable":true,"href":"https:\/\/roveyayinevi.com.tr\/index.php\/wp-json\/wp\/v2\/product_cat?post=693478"},{"taxonomy":"product_tag","embeddable":true,"href":"https:\/\/roveyayinevi.com.tr\/index.php\/wp-json\/wp\/v2\/product_tag?post=693478"}],"curies":[{"name":"wp","href":"https:\/\/api.w.org\/{rel}","templated":true}]}}