{"id":693476,"date":"2025-08-27T14:14:43","date_gmt":"2025-08-27T11:14:43","guid":{"rendered":"https:\/\/roveyayinevi.com.tr\/index.php\/urun\/asi-robotlar\/"},"modified":"2026-04-16T02:03:09","modified_gmt":"2026-04-15T23:03:09","slug":"asi-robotlar","status":"publish","type":"product","link":"https:\/\/roveyayinevi.com.tr\/index.php\/urun\/asi-robotlar\/","title":{"rendered":"Asi Robotlar"},"content":{"rendered":"<p>\u00d6nce bizim i\u00e7in hayal \u00fcr\u00fcn\u00fcyd\u00fcler. Sonra, fabrikalarda insanlar\u0131n yerlerini almaya ba\u015flad\u0131lar. \u015eimdi ev i\u015fleri ve beyin ameliyatlar\u0131 gibi \u00e7ok ince i\u015fleri bile yapabiliyorlar. (Her iki i\u015fi ayn\u0131 zamanda yapam\u0131yor olsalar da&#8230;) Robotlar\u0131n, \u00f6nlerine \u00e7\u0131kan insanlar\u0131 \u00f6ld\u00fcrd\u00fckleri ya da d\u00fcnyay\u0131 ele ge\u00e7irmeye \u00e7al\u0131\u015ft\u0131klar\u0131 filmler izlemi\u015fsinizdir. Ancak ger\u00e7ek robotlar, filmlerdeki gibi korkun\u00e7 de\u011fildir. Belki \u00e7al\u0131\u015f\u0131rken biraz tehlikeli olabilirler. Ancak insanlar\u0131 \u00f6ld\u00fcrebilecekleri pek s\u00f6ylenemez. En az\u0131ndan \u015fimdilik&#8230; Robotlar g\u00f6revlerini d\u00fczenli bir \u015fekilde yerine getiren, son derece karma\u015f\u0131k makinelerdir. Bu kitapta \u00e7ok farkl\u0131 t\u00fcrden robotlarla tan\u0131\u015facaks\u0131n\u0131z. Evet, Asi Robotlar d\u00fcnyan\u0131n her yerine yay\u0131l\u0131yorlar ve bu kitap size, robotlar\u0131n bunu nas\u0131l yapt\u0131\u011f\u0131n\u0131 anlat\u0131yor. Bu metal \u015faheserler, yeralt\u0131 ke\u015fiflerinden uzay ara\u015ft\u0131rmalar\u0131na kadar gezegendeki en heyecanl\u0131 i\u015flerde g\u00f6rev al\u0131yorlar. Robotlarla ilgili \u00f6\u011frenmek istedi\u011finiz her \u015fey bu kitapta! Bilim, hi\u00e7 bu kadar e\u011flenceli olmam\u0131\u015ft\u0131! \ufffcTan\u0131t\u0131m Metni<\/p>\n","protected":false},"excerpt":{"rendered":"<p>\u00d6nce bizim i\u00e7in hayal \u00fcr\u00fcn\u00fcyd\u00fcler. Sonra, fabrikalarda insanlar\u0131n yerlerini almaya ba\u015flad\u0131lar. \u015eimdi ev i\u015fleri ve beyin ameliyatlar\u0131 gibi \u00e7ok ince i\u015fleri bile yapabiliyorlar. (Her iki i\u015fi<span class=\"excerpt-hellip\"> [\u2026]<\/span><\/p>\n","protected":false},"featured_media":0,"template":"","meta":{"_monsterinsights_skip_tracking":false,"_monsterinsights_sitenote_active":false,"_monsterinsights_sitenote_note":"","_monsterinsights_sitenote_category":0},"product_brand":[],"product_cat":[12274,14573],"product_tag":[],"class_list":{"0":"post-693476","1":"product","2":"type-product","3":"status-publish","5":"product_cat-cocuk-ve-genclik-kitaplari","6":"product_cat-referans-kitaplar-cocuk-ve-genclik-kitaplari","7":"pa_cilt-ciltsiz","8":"pa_tur-kitap","9":"pa_yayinevi-timas-yayinlari","10":"pa_yazar-mike-goldsmith","12":"first","13":"instock","14":"sale","15":"shipping-taxable","16":"purchasable","17":"product-type-simple"},"_links":{"self":[{"href":"https:\/\/roveyayinevi.com.tr\/index.php\/wp-json\/wp\/v2\/product\/693476","targetHints":{"allow":["GET"]}}],"collection":[{"href":"https:\/\/roveyayinevi.com.tr\/index.php\/wp-json\/wp\/v2\/product"}],"about":[{"href":"https:\/\/roveyayinevi.com.tr\/index.php\/wp-json\/wp\/v2\/types\/product"}],"wp:attachment":[{"href":"https:\/\/roveyayinevi.com.tr\/index.php\/wp-json\/wp\/v2\/media?parent=693476"}],"wp:term":[{"taxonomy":"product_brand","embeddable":true,"href":"https:\/\/roveyayinevi.com.tr\/index.php\/wp-json\/wp\/v2\/product_brand?post=693476"},{"taxonomy":"product_cat","embeddable":true,"href":"https:\/\/roveyayinevi.com.tr\/index.php\/wp-json\/wp\/v2\/product_cat?post=693476"},{"taxonomy":"product_tag","embeddable":true,"href":"https:\/\/roveyayinevi.com.tr\/index.php\/wp-json\/wp\/v2\/product_tag?post=693476"}],"curies":[{"name":"wp","href":"https:\/\/api.w.org\/{rel}","templated":true}]}}