{"id":693474,"date":"2025-08-27T14:14:43","date_gmt":"2025-08-27T11:14:43","guid":{"rendered":"https:\/\/roveyayinevi.com.tr\/index.php\/urun\/globallesme-populer-kultur-ve-medya\/"},"modified":"2026-01-29T02:05:56","modified_gmt":"2026-01-28T23:05:56","slug":"globallesme-populer-kultur-ve-medya","status":"publish","type":"product","link":"https:\/\/roveyayinevi.com.tr\/index.php\/urun\/globallesme-populer-kultur-ve-medya\/","title":{"rendered":"Globalle\u015fme Pop\u00fcler K\u00fclt\u00fcr ve Medya"},"content":{"rendered":"<p>Erol Mutlu\u2019nun iste\u011fi \u00fczerine bir araya getirilen bu derlemede, ileti\u015fim, kitle ileti\u015fimi, televizyon, sinema, izleyici, kuram, globalle\u015fme, \u00fcniversite, kimlik, pop\u00fcler k\u00fclt\u00fcr, modernizm, postmodernizm, siyasal ileti\u015fim gibi kavramlar\u0131n sorgulanmas\u0131na, \u00f6rneklerle a\u00e7\u0131mlan\u0131p tart\u0131\u015f\u0131lmas\u0131na tan\u0131k oluyoruz. Bir b\u00fct\u00fcn olarak bu kitab\u0131n, T\u00fcrkiye\u2019de bir sosyal bilimcinin, bir akademisyenin, bir enleket\u00fcelin d\u00fc\u015f\u00fcnsel ser\u00fcveninin on y\u0131ll\u0131k bir kesitini sundu\u011fu kadar ileti\u015fim, sosyoloji, siyaset bilimi alanlar\u0131nda \u00f6\u011frenim g\u00f6renlerin yararlanabilece\u011fi vazge\u00e7ilmez bir kaynak olaca\u011f\u0131 d\u00fc\u015f\u00fcncesindeyiz. <\/p>\n","protected":false},"excerpt":{"rendered":"<p>Erol Mutlu\u2019nun iste\u011fi \u00fczerine bir araya getirilen bu derlemede, ileti\u015fim, kitle ileti\u015fimi, televizyon, sinema, izleyici, kuram, globalle\u015fme, \u00fcniversite, kimlik, pop\u00fcler k\u00fclt\u00fcr, modernizm, postmodernizm, siyasal ileti\u015fim gibi<span class=\"excerpt-hellip\"> [\u2026]<\/span><\/p>\n","protected":false},"featured_media":0,"template":"","meta":{"_monsterinsights_skip_tracking":false,"_monsterinsights_sitenote_active":false,"_monsterinsights_sitenote_note":"","_monsterinsights_sitenote_category":0},"product_brand":[],"product_cat":[12338,12337],"product_tag":[],"class_list":{"0":"post-693474","1":"product","2":"type-product","3":"status-publish","5":"product_cat-dunya-siyaseti-ve-politikasi","6":"product_cat-politika-siyaset","7":"pa_cilt-ciltsiz","8":"pa_tur-kitap","9":"pa_yayinevi-utopya-yayinevi","10":"pa_yazar-erol-mutlu","12":"first","13":"instock","14":"sale","15":"shipping-taxable","16":"purchasable","17":"product-type-simple"},"_links":{"self":[{"href":"https:\/\/roveyayinevi.com.tr\/index.php\/wp-json\/wp\/v2\/product\/693474","targetHints":{"allow":["GET"]}}],"collection":[{"href":"https:\/\/roveyayinevi.com.tr\/index.php\/wp-json\/wp\/v2\/product"}],"about":[{"href":"https:\/\/roveyayinevi.com.tr\/index.php\/wp-json\/wp\/v2\/types\/product"}],"wp:attachment":[{"href":"https:\/\/roveyayinevi.com.tr\/index.php\/wp-json\/wp\/v2\/media?parent=693474"}],"wp:term":[{"taxonomy":"product_brand","embeddable":true,"href":"https:\/\/roveyayinevi.com.tr\/index.php\/wp-json\/wp\/v2\/product_brand?post=693474"},{"taxonomy":"product_cat","embeddable":true,"href":"https:\/\/roveyayinevi.com.tr\/index.php\/wp-json\/wp\/v2\/product_cat?post=693474"},{"taxonomy":"product_tag","embeddable":true,"href":"https:\/\/roveyayinevi.com.tr\/index.php\/wp-json\/wp\/v2\/product_tag?post=693474"}],"curies":[{"name":"wp","href":"https:\/\/api.w.org\/{rel}","templated":true}]}}