{"id":693471,"date":"2025-08-27T14:14:42","date_gmt":"2025-08-27T11:14:42","guid":{"rendered":"https:\/\/roveyayinevi.com.tr\/index.php\/urun\/ali-emirinin-izinde\/"},"modified":"2026-04-16T02:03:09","modified_gmt":"2026-04-15T23:03:09","slug":"ali-emirinin-izinde","status":"publish","type":"product","link":"https:\/\/roveyayinevi.com.tr\/index.php\/urun\/ali-emirinin-izinde\/","title":{"rendered":"Ali Emiri\u2019nin \u0130zinde"},"content":{"rendered":"<p>Millet K\u00fct\u00fcphanesi\u2018nin m\u00fcessisi Ali Em\u00eer\u00ee Efendi\u2018nin emanetlerini g\u00f6z\u00fc gibi koruyan, bunun i\u00e7in m\u00fccadele etmekten hi\u00e7 y\u0131lmayan bir k\u00fclt\u00fcr adam\u0131n\u0131n Mehmet Serhan Tay\u015fi\u2018nin hat\u0131ralar\u0131, nefs-i \u0130stanbul\u2018un orta yerinde, Millet K\u00fct\u00fcphanesi\u2018nde ge\u00e7en uzun seneleri, o senelerde tan\u0131\u015f\u0131lan insanlar\u0131, edinilen tecr\u00fcbeleri anlat\u0131yor. Elbette, T\u00fcrkiye\u2018nin ge\u00e7en y\u00fczy\u0131l\u0131nda \u0130stanbul\u2018un k\u00fclt\u00fcr muhitlerinin g\u00fcndemlerini, \u00f6nemli \u015fahsiyetlerinin \u00e7al\u0131\u015fmalar\u0131n\u0131, yer yer ele\u015ftirilerini, amason derece samimi bir \u00fcslupla o d\u00f6nemin kendine has yap\u0131s\u0131n\u0131 da&#8230; Millet K\u00fct\u00fcphanesi\u2018nde memurluk, uzmanl\u0131k, m\u00fcd\u00fcr yard\u0131mc\u0131l\u0131\u011f\u0131 ve m\u00fcd\u00fcrl\u00fck yapan Mehmet Serhan Tay\u015fi, \u00e7ocuklu\u011fundan ve ailesinden ba\u015flayarak, Dolmabah\u00e7e Saray\u0131\u2018nda sekiz y\u0131l boyunca Mustafa Kemal Atat\u00fcrk\u2018\u00fcn muhaf\u0131zl\u0131\u011f\u0131n\u0131 yapan polis babas\u0131 Ahmet R\u00e2sih Tay\u015fi\u2018nin hat\u0131ralar\u0131n\u0131 da ekleyerek, sizi bir devrin \u015fahitli\u011fine, \u015fimdilerde \u00f6rnekleri giderek yok olan farkl\u0131 hayatlara \u00e7a\u011f\u0131r\u0131yor&#8230; II. D\u00fcnya Sava\u015f\u0131\u2018n\u0131n netameli g\u00fcnlerindeki Adana\u2018dan, \u0130zmir Bay\u0131nd\u0131r\u2018\u0131n Melam\u00ee, Nak\u015f\u00ee manev\u00ee iklimine, oradan da \u0130stanbul\u2018un \u00e7ok renkli ilim ve k\u00fclt\u00fcr hayat\u0131na do\u011fru akan keyifli bir hik\u00e2ye&#8230; Yer yer h\u00fcz\u00fcnl\u00fc hat\u0131ralar da ihtiva etse, ibretlerle, \u015f\u00fck\u00fcrlerle, mutluluklarla dolu bir hayat \u00f6yk\u00fcs\u00fc&#8230; Kendinizden \u00e7ok \u015feyler bulaca\u011f\u0131n\u0131z, okuduk\u00e7a da\u011farc\u0131\u011f\u0131n\u0131z\u0131n zenginle\u015fti\u011fini hissedece\u011finiz bir resm-i ge\u00e7it&#8230; <\/p>\n","protected":false},"excerpt":{"rendered":"<p>Millet K\u00fct\u00fcphanesi\u2018nin m\u00fcessisi Ali Em\u00eer\u00ee Efendi\u2018nin emanetlerini g\u00f6z\u00fc gibi koruyan, bunun i\u00e7in m\u00fccadele etmekten hi\u00e7 y\u0131lmayan bir k\u00fclt\u00fcr adam\u0131n\u0131n Mehmet Serhan Tay\u015fi\u2018nin hat\u0131ralar\u0131, nefs-i \u0130stanbul\u2018un orta<span class=\"excerpt-hellip\"> [\u2026]<\/span><\/p>\n","protected":false},"featured_media":0,"template":"","meta":{"_monsterinsights_skip_tracking":false,"_monsterinsights_sitenote_active":false,"_monsterinsights_sitenote_note":"","_monsterinsights_sitenote_category":0},"product_brand":[],"product_cat":[12718,18102,12719],"product_tag":[],"class_list":{"0":"post-693471","1":"product","2":"type-product","3":"status-publish","5":"product_cat-din","6":"product_cat-edebiyat-roman","7":"product_cat-islam","8":"pa_cilt-ciltsiz","9":"pa_tur-kitap","10":"pa_yayinevi-timas-yayinlari","11":"pa_yazar-mehmet-serhan-taysi","13":"first","14":"instock","15":"sale","16":"shipping-taxable","17":"purchasable","18":"product-type-simple"},"_links":{"self":[{"href":"https:\/\/roveyayinevi.com.tr\/index.php\/wp-json\/wp\/v2\/product\/693471","targetHints":{"allow":["GET"]}}],"collection":[{"href":"https:\/\/roveyayinevi.com.tr\/index.php\/wp-json\/wp\/v2\/product"}],"about":[{"href":"https:\/\/roveyayinevi.com.tr\/index.php\/wp-json\/wp\/v2\/types\/product"}],"wp:attachment":[{"href":"https:\/\/roveyayinevi.com.tr\/index.php\/wp-json\/wp\/v2\/media?parent=693471"}],"wp:term":[{"taxonomy":"product_brand","embeddable":true,"href":"https:\/\/roveyayinevi.com.tr\/index.php\/wp-json\/wp\/v2\/product_brand?post=693471"},{"taxonomy":"product_cat","embeddable":true,"href":"https:\/\/roveyayinevi.com.tr\/index.php\/wp-json\/wp\/v2\/product_cat?post=693471"},{"taxonomy":"product_tag","embeddable":true,"href":"https:\/\/roveyayinevi.com.tr\/index.php\/wp-json\/wp\/v2\/product_tag?post=693471"}],"curies":[{"name":"wp","href":"https:\/\/api.w.org\/{rel}","templated":true}]}}