{"id":693470,"date":"2025-08-27T14:14:42","date_gmt":"2025-08-27T11:14:42","guid":{"rendered":"https:\/\/roveyayinevi.com.tr\/index.php\/urun\/ezidiler\/"},"modified":"2026-01-29T02:05:56","modified_gmt":"2026-01-28T23:05:56","slug":"ezidiler","status":"publish","type":"product","link":"https:\/\/roveyayinevi.com.tr\/index.php\/urun\/ezidiler\/","title":{"rendered":"Ezidiler"},"content":{"rendered":"<p>Ezidiler, M\u00fcsl\u00fcman ve H\u0131ristiyan kom\u015fular\u0131nca  \u015eeytana tapanlar  olarak bilinmektedir. \u00dcstelik bu kli\u015fe art\u0131k genel bir kanaat olman\u0131n \u00f6tesinde akademik bir veri olarak da kabul edilmekte ve Ezidilik hakk\u0131nda \u00e7al\u0131\u015fan \u00e7o\u011fu akademisyen taraf\u0131ndan da tekrarlanmaktad\u0131r. Oysa inan\u00e7lar\u0131nda k\u00f6t\u00fcl\u00fc\u011f\u00fcn lanetlendi\u011fi, \u015eeytan veya k\u00f6t\u00fcl\u00fck tanr\u0131\/tanr\u0131\u00e7as\u0131 gibi varl\u0131klar\u0131n bulunmad\u0131\u011f\u0131 Ezidilikte, \u00e7er\u00e7evesini Melek Tavus\u2019un \u00e7izdi\u011fi iyilik kavram\u0131n\u0131n en \u00f6nemli erdem oldu\u011fu g\u00f6r\u00fclmektedir. Ezidilik, eski Hint-\u0130ran dinleri -\u00f6zellikle Zerd\u00fc\u015ftilik- ile Semitik dinlerdeki heretik ve heterodoks geleneklerin etkiledi\u011fi senkretik bir dindir. Ancak bu senkretik varolu\u015fu yanl\u0131\u015f yorumlayan \u00e7evreler, Ezidili\u011fi, \u00f6zg\u00fcn bir taraf\u0131 olmayan ve sadece di\u011fer inan\u00e7lar\u0131n toplam\u0131ndan ibaret bir din olarak de\u011ferlendirmektedir. Bu indirgemeci tav\u0131r, Ezidilik gibi senkretik \u00f6zellikler ta\u015f\u0131yan dinlerin \u00f6zg\u00fcnl\u00fcklerini g\u00f6rmezden gelmektedir. S\u00f6z konusu indirgemeci tav\u0131r ancak antropolojik bir yakla\u015f\u0131mla a\u015f\u0131labilir. Bu kitap antropolojik bir bak\u0131\u015f a\u00e7\u0131s\u0131yla ve y\u0131llara yay\u0131lan alan ara\u015ft\u0131rmalar\u0131 sonucunda elde edilen verilerle haz\u0131rlanm\u0131\u015ft\u0131r. Yazar\u0131n amac\u0131 Ezidilere ra\u011fmen onlar\u0131n inan\u00e7lar\u0131 ve kimlikleri hakk\u0131nda s\u00f6z s\u00f6ylemek de\u011fil, Ezidileri ve Ezidili\u011fi kendi anlam d\u00fcnyalar\u0131 i\u00e7erisinde anlamaya \u00e7al\u0131\u015fmakt\u0131r. <\/p>\n","protected":false},"excerpt":{"rendered":"<p>Ezidiler, M\u00fcsl\u00fcman ve H\u0131ristiyan kom\u015fular\u0131nca \u015eeytana tapanlar olarak bilinmektedir. \u00dcstelik bu kli\u015fe art\u0131k genel bir kanaat olman\u0131n \u00f6tesinde akademik bir veri olarak da kabul edilmekte ve<span class=\"excerpt-hellip\"> [\u2026]<\/span><\/p>\n","protected":false},"featured_media":0,"template":"","meta":{"_monsterinsights_skip_tracking":false,"_monsterinsights_sitenote_active":false,"_monsterinsights_sitenote_note":"","_monsterinsights_sitenote_category":0},"product_brand":[],"product_cat":[16382,12718],"product_tag":[],"class_list":{"0":"post-693470","1":"product","2":"type-product","3":"status-publish","5":"product_cat-diger-inanclar","6":"product_cat-din","7":"pa_cilt-ciltsiz","8":"pa_tur-kitap","9":"pa_yayinevi-utopya-yayinevi","10":"pa_yazar-cakir-ceyhan-suvari","12":"first","13":"instock","14":"sale","15":"shipping-taxable","16":"purchasable","17":"product-type-simple"},"_links":{"self":[{"href":"https:\/\/roveyayinevi.com.tr\/index.php\/wp-json\/wp\/v2\/product\/693470","targetHints":{"allow":["GET"]}}],"collection":[{"href":"https:\/\/roveyayinevi.com.tr\/index.php\/wp-json\/wp\/v2\/product"}],"about":[{"href":"https:\/\/roveyayinevi.com.tr\/index.php\/wp-json\/wp\/v2\/types\/product"}],"wp:attachment":[{"href":"https:\/\/roveyayinevi.com.tr\/index.php\/wp-json\/wp\/v2\/media?parent=693470"}],"wp:term":[{"taxonomy":"product_brand","embeddable":true,"href":"https:\/\/roveyayinevi.com.tr\/index.php\/wp-json\/wp\/v2\/product_brand?post=693470"},{"taxonomy":"product_cat","embeddable":true,"href":"https:\/\/roveyayinevi.com.tr\/index.php\/wp-json\/wp\/v2\/product_cat?post=693470"},{"taxonomy":"product_tag","embeddable":true,"href":"https:\/\/roveyayinevi.com.tr\/index.php\/wp-json\/wp\/v2\/product_tag?post=693470"}],"curies":[{"name":"wp","href":"https:\/\/api.w.org\/{rel}","templated":true}]}}