{"id":693469,"date":"2025-08-27T14:14:42","date_gmt":"2025-08-27T11:14:42","guid":{"rendered":"https:\/\/roveyayinevi.com.tr\/index.php\/urun\/eylul-kokusu\/"},"modified":"2026-01-29T02:05:56","modified_gmt":"2026-01-28T23:05:56","slug":"eylul-kokusu","status":"publish","type":"product","link":"https:\/\/roveyayinevi.com.tr\/index.php\/urun\/eylul-kokusu\/","title":{"rendered":"Eyl\u00fcl Kokusu"},"content":{"rendered":"<p>seni aramazd\u0131mya\u011fmur durmazd\u0131ba\u015f ucumda bir tenceredan dan dana dana dan dandamlalar d\u00fc\u015flerime damlaravludaki y\u00fcznumaran\u0131n k\u0131r\u0131k kap\u0131s\u0131 r\u00fczgarla ritim tutard\u0131\u00e7aykovski&#8217;yi bilmezdim o zamanlarne de schubert&#8217;iariel dorfman&#8217;\u0131 artist san\u0131rd\u0131m&#8217;gen\u00e7 k\u0131z ve \u00f6l\u00fcm\u00fc&#8217;naz\u0131m&#8217;\u0131n tanya&#8217;s\u0131bunlar\u0131 babam anlat\u0131rd\u0131 da takmazd\u0131mvarsa yoksa a\u015f\u0131k ihsan\u00eeradyoda yasaklar ruhi su&#8217;yla ba\u015flard\u0131yast\u0131\u011f\u0131m\u0131n alt\u0131nda ihtiyar bir 7.65&#8217;likduvarda ernesto che guevaraher gece k\u0131\u015fl\u0131k saray\u0131 basard\u0131m <\/p>\n","protected":false},"excerpt":{"rendered":"<p>seni aramazd\u0131mya\u011fmur durmazd\u0131ba\u015f ucumda bir tenceredan dan dana dana dan dandamlalar d\u00fc\u015flerime damlaravludaki y\u00fcznumaran\u0131n k\u0131r\u0131k kap\u0131s\u0131 r\u00fczgarla ritim tutard\u0131\u00e7aykovski&#8217;yi bilmezdim o zamanlarne de schubert&#8217;iariel dorfman&#8217;\u0131 artist<span class=\"excerpt-hellip\"> [\u2026]<\/span><\/p>\n","protected":false},"featured_media":0,"template":"","meta":{"_monsterinsights_skip_tracking":false,"_monsterinsights_sitenote_active":false,"_monsterinsights_sitenote_note":"","_monsterinsights_sitenote_category":0},"product_brand":[],"product_cat":[12291,12509],"product_tag":[],"class_list":{"0":"post-693469","1":"product","2":"type-product","3":"status-publish","5":"product_cat-edebiyat","6":"product_cat-siir","7":"pa_cilt-ciltsiz","8":"pa_tur-kitap","9":"pa_yayinevi-utopya-yayinevi","10":"pa_yazar-adil-okay","12":"first","13":"instock","14":"sale","15":"shipping-taxable","16":"purchasable","17":"product-type-simple"},"_links":{"self":[{"href":"https:\/\/roveyayinevi.com.tr\/index.php\/wp-json\/wp\/v2\/product\/693469","targetHints":{"allow":["GET"]}}],"collection":[{"href":"https:\/\/roveyayinevi.com.tr\/index.php\/wp-json\/wp\/v2\/product"}],"about":[{"href":"https:\/\/roveyayinevi.com.tr\/index.php\/wp-json\/wp\/v2\/types\/product"}],"wp:attachment":[{"href":"https:\/\/roveyayinevi.com.tr\/index.php\/wp-json\/wp\/v2\/media?parent=693469"}],"wp:term":[{"taxonomy":"product_brand","embeddable":true,"href":"https:\/\/roveyayinevi.com.tr\/index.php\/wp-json\/wp\/v2\/product_brand?post=693469"},{"taxonomy":"product_cat","embeddable":true,"href":"https:\/\/roveyayinevi.com.tr\/index.php\/wp-json\/wp\/v2\/product_cat?post=693469"},{"taxonomy":"product_tag","embeddable":true,"href":"https:\/\/roveyayinevi.com.tr\/index.php\/wp-json\/wp\/v2\/product_tag?post=693469"}],"curies":[{"name":"wp","href":"https:\/\/api.w.org\/{rel}","templated":true}]}}