{"id":693468,"date":"2025-08-27T14:14:42","date_gmt":"2025-08-27T11:14:42","guid":{"rendered":"https:\/\/roveyayinevi.com.tr\/index.php\/urun\/egitim-bilimlerine-giris\/"},"modified":"2026-01-29T02:05:56","modified_gmt":"2026-01-28T23:05:56","slug":"egitim-bilimlerine-giris","status":"publish","type":"product","link":"https:\/\/roveyayinevi.com.tr\/index.php\/urun\/egitim-bilimlerine-giris\/","title":{"rendered":"E\u011fitim Bilimlerine Giri\u015f"},"content":{"rendered":"<p>Bu kitap, \u00f6\u011fretmenlik programlar\u0131nda okuyan ya da \u00f6\u011fretmenlik sertifikas\u0131 almaya kalkan her \u00f6\u011frencinin okumas\u0131 gereken  E\u011fitim Bilimlerine Giri\u015f  dersinin ders kitab\u0131 olarak haz\u0131rlanm\u0131\u015ft\u0131r. Bu kitap, Y\u00fckesek\u00f6\u011fretim Kurulu (Y\u00d6K)\u2019nun belirledi\u011fi ders i\u00e7eri\u011fi g\u00f6z \u00f6n\u00fcne al\u0131narak, yazar\u0131n yurti\u00e7i ve yurtd\u0131\u015f\u0131 e\u011fitimi yan\u0131nda orta\u00f6\u011fretim okullar\u0131nda, Milli E\u011fitim Bakanl\u0131\u011f\u0131\u2019nda ve Bo\u011fazi\u00e7i \u00dcniversite\u2019sinde ge\u00e7en k\u0131rk d\u00f6rt y\u0131ll\u0131k \u00e7al\u0131\u015fma deneyimlerinin bir sonucu olarak 10 b\u00f6l\u00fcm halinde haz\u0131rlanm\u0131\u015ft\u0131r. E\u011fitimle ilgili temel kavramlar ve gereksinimler b\u00f6l\u00fcm\u00fcyle ba\u015flayan kitap, e\u011fitimin felsefi, bilimsel, psikolojik, toplumsal ve evrensel temelleri ile tarihsel temellerini inceleyen b\u00f6l\u00fcmlerle devam etmektedir. E\u011fitim alan\u0131n\u0131 belirleyen bu genel bilgilerden sonra, e\u011fitim sistemimizin yap\u0131s\u0131, \u00f6\u011fretmen yeti\u015ftirme sistemimiz, \u00f6\u011fretmenlik mesle\u011fi ile sistem kavram\u0131 ve e\u011fitim sistemimiz konular\u0131n\u0131 inceleyen b\u00f6l\u00fcmlere yer verilmektedir. Bu kitab\u0131n genel amac\u0131, \u00f6\u011frenciyi e\u011fitim bilimleri konular\u0131nda giri\u015f d\u00fczeyinde bilgilendirmenin yan\u0131nda, onlara \u00f6\u011fretmen ve ayn\u0131 zamanda birer e\u011fitimci olman\u0131n bilincini ve sorumlulu\u011funu kazand\u0131rmak; e\u011fitsel olaylara biraz ele\u015ftirel bakabilmelerini sa\u011flamakt\u0131r. Bu ders kitab\u0131n\u0131n, var olan pek \u00e7ok kitap i\u00e7inde ayr\u0131 bir yeri olaca\u011f\u0131 san\u0131lmaktad\u0131r. <\/p>\n","protected":false},"excerpt":{"rendered":"<p>Bu kitap, \u00f6\u011fretmenlik programlar\u0131nda okuyan ya da \u00f6\u011fretmenlik sertifikas\u0131 almaya kalkan her \u00f6\u011frencinin okumas\u0131 gereken E\u011fitim Bilimlerine Giri\u015f dersinin ders kitab\u0131 olarak haz\u0131rlanm\u0131\u015ft\u0131r. Bu kitap, Y\u00fckesek\u00f6\u011fretim<span class=\"excerpt-hellip\"> [\u2026]<\/span><\/p>\n","protected":false},"featured_media":0,"template":"","meta":{"_monsterinsights_skip_tracking":false,"_monsterinsights_sitenote_active":false,"_monsterinsights_sitenote_note":"","_monsterinsights_sitenote_category":0},"product_brand":[],"product_cat":[12312,12304],"product_tag":[],"class_list":{"0":"post-693468","1":"product","2":"type-product","3":"status-publish","5":"product_cat-diger","6":"product_cat-tarih","7":"pa_cilt-ciltsiz","8":"pa_tur-kitap","9":"pa_yayinevi-utopya-yayinevi","10":"pa_yazar-rifat-okcabol","12":"first","13":"instock","14":"sale","15":"shipping-taxable","16":"purchasable","17":"product-type-simple"},"_links":{"self":[{"href":"https:\/\/roveyayinevi.com.tr\/index.php\/wp-json\/wp\/v2\/product\/693468","targetHints":{"allow":["GET"]}}],"collection":[{"href":"https:\/\/roveyayinevi.com.tr\/index.php\/wp-json\/wp\/v2\/product"}],"about":[{"href":"https:\/\/roveyayinevi.com.tr\/index.php\/wp-json\/wp\/v2\/types\/product"}],"wp:attachment":[{"href":"https:\/\/roveyayinevi.com.tr\/index.php\/wp-json\/wp\/v2\/media?parent=693468"}],"wp:term":[{"taxonomy":"product_brand","embeddable":true,"href":"https:\/\/roveyayinevi.com.tr\/index.php\/wp-json\/wp\/v2\/product_brand?post=693468"},{"taxonomy":"product_cat","embeddable":true,"href":"https:\/\/roveyayinevi.com.tr\/index.php\/wp-json\/wp\/v2\/product_cat?post=693468"},{"taxonomy":"product_tag","embeddable":true,"href":"https:\/\/roveyayinevi.com.tr\/index.php\/wp-json\/wp\/v2\/product_tag?post=693468"}],"curies":[{"name":"wp","href":"https:\/\/api.w.org\/{rel}","templated":true}]}}