{"id":693467,"date":"2025-08-27T14:14:41","date_gmt":"2025-08-27T11:14:41","guid":{"rendered":"https:\/\/roveyayinevi.com.tr\/index.php\/urun\/ailede-ofke-kontrolu\/"},"modified":"2026-04-16T02:03:09","modified_gmt":"2026-04-15T23:03:09","slug":"ailede-ofke-kontrolu","status":"publish","type":"product","link":"https:\/\/roveyayinevi.com.tr\/index.php\/urun\/ailede-ofke-kontrolu\/","title":{"rendered":"Ailede \u00d6fke Kontrol\u00fc"},"content":{"rendered":"<p>\u00d6fke, i\u00e7inde bulundu\u011fumuz \u00e7a\u011f\u0131n \u00f6nde gelen problemlerinden biri. Her g\u00fcn bir anl\u0131k \u00f6fke y\u00fcz\u00fcnden da\u011f\u0131lm\u0131\u015f hayatlara, par\u00e7alanm\u0131\u015f ailelere, gelece\u011fini karartm\u0131\u015f gen\u00e7lere \u015fahit oluyoruz. Olumsuz duygular\u0131n ba\u015f\u0131nda gelen \u00f6fke, \u00f6zellikle aile i\u00e7i ili\u015fkilerde sonu\u00e7lar\u0131 d\u00fc\u015f\u00fcn\u00fclmeden sergilenebiliyor. \u00d6fke i\u00e7eren davran\u0131\u015flara \u015fahit olarak yeti\u015fen \u00e7ocuklar bu davran\u0131\u015flar\u0131 modelleyerek bebeklik d\u00f6nemlerinde oyuncaklar\u0131na, \u00e7ocukluk d\u00f6nemlerinde arkada\u015flar\u0131na, evlendiklerinde ise e\u015flerine ve \u00e7ocuklar\u0131na \u015fiddet uyguluyorlar. B\u00f6ylece engellenemeyen bir k\u0131s\u0131r d\u00f6ng\u00fc ortaya \u00e7\u0131k\u0131yor. Bu k\u0131s\u0131r d\u00f6ng\u00fcye son vermek i\u00e7in \u00f6fkeyi olu\u015fturan nedenler hakk\u0131nda bilgi sahibi olmak, bu duygunun kontrol a\u015famalar\u0131n\u0131 ve sonu\u00e7lar\u0131n\u0131 anlamak gerekiyor. Ay\u015fenur \u00d6zkan, din\u00ee ve psikolojik kaynaklar\u0131 tarayarak kaleme ald\u0131\u011f\u0131   Ailede \u00d6fke Kontrol\u00fc  nde k\u00fclt\u00fcr\u00fcm\u00fcze uygun alternatifli \u00e7\u00f6z\u00fcmlerle mutlu ve huzurlu bir aile ortam\u0131na ula\u015fman\u0131n ipu\u00e7lar\u0131n\u0131 veriyor. <\/p>\n","protected":false},"excerpt":{"rendered":"<p>\u00d6fke, i\u00e7inde bulundu\u011fumuz \u00e7a\u011f\u0131n \u00f6nde gelen problemlerinden biri. Her g\u00fcn bir anl\u0131k \u00f6fke y\u00fcz\u00fcnden da\u011f\u0131lm\u0131\u015f hayatlara, par\u00e7alanm\u0131\u015f ailelere, gelece\u011fini karartm\u0131\u015f gen\u00e7lere \u015fahit oluyoruz. Olumsuz duygular\u0131n ba\u015f\u0131nda<span class=\"excerpt-hellip\"> [\u2026]<\/span><\/p>\n","protected":false},"featured_media":0,"template":"","meta":{"_monsterinsights_skip_tracking":false,"_monsterinsights_sitenote_active":false,"_monsterinsights_sitenote_note":"","_monsterinsights_sitenote_category":0},"product_brand":[],"product_cat":[17996,12364],"product_tag":[],"class_list":{"0":"post-693467","1":"product","2":"type-product","3":"status-publish","5":"product_cat-ebeveyn-kitaplari","6":"product_cat-genel-konular","7":"pa_cilt-ciltsiz","8":"pa_tur-kitap","9":"pa_yayinevi-timas-yayinlari","10":"pa_yazar-ayse-nur-ozkan","12":"first","13":"instock","14":"sale","15":"shipping-taxable","16":"purchasable","17":"product-type-simple"},"_links":{"self":[{"href":"https:\/\/roveyayinevi.com.tr\/index.php\/wp-json\/wp\/v2\/product\/693467","targetHints":{"allow":["GET"]}}],"collection":[{"href":"https:\/\/roveyayinevi.com.tr\/index.php\/wp-json\/wp\/v2\/product"}],"about":[{"href":"https:\/\/roveyayinevi.com.tr\/index.php\/wp-json\/wp\/v2\/types\/product"}],"wp:attachment":[{"href":"https:\/\/roveyayinevi.com.tr\/index.php\/wp-json\/wp\/v2\/media?parent=693467"}],"wp:term":[{"taxonomy":"product_brand","embeddable":true,"href":"https:\/\/roveyayinevi.com.tr\/index.php\/wp-json\/wp\/v2\/product_brand?post=693467"},{"taxonomy":"product_cat","embeddable":true,"href":"https:\/\/roveyayinevi.com.tr\/index.php\/wp-json\/wp\/v2\/product_cat?post=693467"},{"taxonomy":"product_tag","embeddable":true,"href":"https:\/\/roveyayinevi.com.tr\/index.php\/wp-json\/wp\/v2\/product_tag?post=693467"}],"curies":[{"name":"wp","href":"https:\/\/api.w.org\/{rel}","templated":true}]}}