{"id":693465,"date":"2025-08-27T14:14:41","date_gmt":"2025-08-27T11:14:41","guid":{"rendered":"https:\/\/roveyayinevi.com.tr\/index.php\/urun\/ailede-ahlak-egitimi\/"},"modified":"2026-04-16T02:03:09","modified_gmt":"2026-04-15T23:03:09","slug":"ailede-ahlak-egitimi","status":"publish","type":"product","link":"https:\/\/roveyayinevi.com.tr\/index.php\/urun\/ailede-ahlak-egitimi\/","title":{"rendered":"Ailede Ahlak E\u011fitimi"},"content":{"rendered":"<p>\u00c7ocu\u011funuz sizin umudunuz, ailenizin ne\u015fesi ve en de\u011ferli varl\u0131\u011f\u0131n\u0131z. Onun iyi ahlakl\u0131 ve g\u00fc\u00e7l\u00fc ki\u015filikli bir birey olmas\u0131 i\u00e7in her \u015feyi yapmaya haz\u0131rs\u0131n\u0131z. Ama \u00e7ocu\u011funuz b\u00fcy\u00fcd\u00fck\u00e7e sorunlar da b\u00fcy\u00fcyor ve siz bu sorunlarla nas\u0131l ba\u015fa \u00e7\u0131kaca\u011f\u0131n\u0131z\u0131 bilmiyorsunuz.  Disiplin ve ho\u015fg\u00f6r\u00fc aras\u0131ndaki dengeyi nas\u0131l sa\u011flar\u0131m? Hangi durumlarda \u00e7ocu\u011fumu cezaland\u0131raca\u011f\u0131m? TV ya da bilgisayar ba\u015f\u0131ndan kalkmayan \u00e7ocu\u011fu bunlardan nas\u0131l uzakla\u015ft\u0131r\u0131r\u0131m? \u00c7ocu\u011fuma kitab\u0131 nas\u0131l sevdirece\u011fim? \u00c7ocu\u011fumun beni terleten sorular\u0131na nas\u0131l cevap verece\u011fim? Hikaye, masal ve atas\u00f6zlerini \u00e7ocuk e\u011fitiminde nas\u0131l kullan\u0131r\u0131m? \u00c7ocu\u011fum karde\u015fini k\u0131skan\u0131yor, nas\u0131l davranmal\u0131y\u0131m? \u00d6fkeli ve huysuz bir \u00e7ocukla nas\u0131l ba\u015fa \u00e7\u0131kar\u0131m? \u00c7ocu\u011fum ders \u00e7al\u0131\u015fm\u0131yor ne yapmal\u0131y\u0131m? \u00c7ocu\u011fuma nas\u0131l \u00f6zg\u00fcven kazand\u0131r\u0131r\u0131m? \u00d6d\u00fcl verirken nelere dikkat etmeliyim? \u00c7ocu\u011fu kendimden uzakla\u015ft\u0131rmadan evde disiplini nas\u0131l sa\u011flar\u0131m?  Prof. Dr. Mehmet Zeki Ayd\u0131n\u2018\u0131n kaleme ald\u0131\u011f\u0131  Ailede Ahlak E\u011fitimi  t\u00fcm bu sorulara ve \u00e7ok daha fazlas\u0131na g\u00fcvenilir ve uygulanabilir cevaplar veriyor. Yazar, alan\u0131nda uzman olman\u0131n verdi\u011fi yetkinlikle konular\u0131 pedagojik a\u00e7\u0131dan son derece g\u00fcvenilir bir bi\u00e7imde ele al\u0131yor. Ayn\u0131 zamanda anne-babalara, kolay pratik bilgiler veriyor ve kar\u015f\u0131la\u015facaklar\u0131 zor durumlarda nas\u0131l davranacaklar\u0131na dair yol g\u00f6steriyor. Ebeveynlerin bebeklikten ergenli\u011fe kadar \u00e7ocuklar\u0131yla kuracaklar\u0131 ileti\u015fimin e\u011fitimdeki \u00f6nemine de\u011finiyor. Bu kitapla okur, yaln\u0131zca \u00e7ocu\u011funu de\u011fil anne-baba olarak kendini de tan\u0131ma imkan\u0131 bulacakt\u0131r. Resimler ve tablolarla zenginle\u015ftirilen kitab\u0131 zevkle okuyacak ve okuduklar\u0131n\u0131z\u0131 kolayl\u0131kla uygulayacaks\u0131n\u0131z. Bu kitap, \u00e7ocuklar i\u00e7in sorumluluk ve endi\u015fe duyan anne babalara, b\u00fcy\u00fck anne ve b\u00fcy\u00fck babalara, \u00f6\u011fretmenlere ve t\u00fcm yeti\u015fkinlere yard\u0131mc\u0131 olmak amac\u0131yla haz\u0131rlanm\u0131\u015ft\u0131r. \u2018Kendimi geli\u015ftirmek istiyorum. Sorunlar \u00e7\u0131kmadan haz\u0131rl\u0131kl\u0131 olmak istiyorum. Kendi anne babamdan daha iyi bir yeti\u015fkin olmak istiyorum. \u00c7evremde korkun\u00e7 hatalar yapan, her \u015feye ba\u015fkald\u0131rm\u0131\u015f ergen ve gen\u00e7lerden korkuyorum. Bir hata yapmak istemiyorum.\u2018 diyenler, bu kitapta arad\u0131klar\u0131n\u0131 bulabilirler. Bu a\u00e7\u0131dan bu eserin bir anlamda el kitab\u0131 olma \u00f6zelli\u011fi vard\u0131r. Bu kitab\u0131n bir \u00f6zelli\u011fi de anne babalar\u0131 su\u00e7lamadan onlara yol g\u00f6steren bir \u00fcslupla hitap etmesidir. \u00c7\u00fcnk\u00fc baz\u0131 kitaplarda psikolog ve e\u011fitimciler, konuyu \u00f6yle sunmaktad\u0131rlar ki, bunu okuyan veya duyanlar su\u00e7luluk duygusuna kap\u0131labilmektedirler. Halbuki insanlar\u0131m\u0131zda su\u00e7luluk duygusu yerine sorumluluk duygusunu geli\u015ftirmek ve buna ba\u011fl\u0131 olarak davran\u0131\u015flar\u0131nda olumlu de\u011fi\u015fim \u00fczerinde durmak daha \u00f6nemlidir. Bu kitap, son y\u0131llarda yayg\u0131n olan terc\u00fcme kitaplar\u0131n etkisinde kalmadan kaleme al\u0131nma gayreti i\u00e7inde haz\u0131rlanm\u0131\u015ft\u0131r. \u00c7ocu\u011funuzun e\u011fitimi i\u00e7in sevginin yeterli oldu\u011funu d\u00fc\u015f\u00fcn\u00fcyorsan\u0131z, etraf\u0131n\u0131zdaki anne babalar\u0131n hatalar\u0131n\u0131 tekrarlamaktan korkmuyorsan\u0131z, i\u00e7g\u00fcd\u00fclerim sayesinde \u00e7ocuk yeti\u015ftirmedeki t\u00fcm engelleri a\u015far\u0131m diyorsan\u0131z, onun ileride p\u0131s\u0131r\u0131k, tembel ya da \u015fiddet e\u011filimli bir birey olmas\u0131n\u0131 umursam\u0131yorsan\u0131z, \u00e7ocu\u011funuz markette \u00e7ikolatay\u0131 cebine att\u0131\u011f\u0131nda, arkada\u015flar\u0131yla s\u00fcrekli kavga etti\u011finde ya da karde\u015fini \u0131s\u0131rd\u0131\u011f\u0131nda ne yapaca\u011f\u0131n\u0131z\u0131 zaten biliyorsan\u0131z, bu kitab\u0131 okumay\u0131n! <\/p>\n","protected":false},"excerpt":{"rendered":"<p>\u00c7ocu\u011funuz sizin umudunuz, ailenizin ne\u015fesi ve en de\u011ferli varl\u0131\u011f\u0131n\u0131z. Onun iyi ahlakl\u0131 ve g\u00fc\u00e7l\u00fc ki\u015filikli bir birey olmas\u0131 i\u00e7in her \u015feyi yapmaya haz\u0131rs\u0131n\u0131z. Ama \u00e7ocu\u011funuz b\u00fcy\u00fcd\u00fck\u00e7e<span class=\"excerpt-hellip\"> [\u2026]<\/span><\/p>\n","protected":false},"featured_media":0,"template":"","meta":{"_monsterinsights_skip_tracking":false,"_monsterinsights_sitenote_active":false,"_monsterinsights_sitenote_note":"","_monsterinsights_sitenote_category":0},"product_brand":[],"product_cat":[12831,12324],"product_tag":[],"class_list":{"0":"post-693465","1":"product","2":"type-product","3":"status-publish","5":"product_cat-aile-ve-cocuk","6":"product_cat-sosyoloji","7":"pa_tur-kitap","8":"pa_yayinevi-timas-yayinlari","9":"pa_yazar-mehmet-zeki-aydin","11":"first","12":"instock","13":"sale","14":"shipping-taxable","15":"purchasable","16":"product-type-simple"},"_links":{"self":[{"href":"https:\/\/roveyayinevi.com.tr\/index.php\/wp-json\/wp\/v2\/product\/693465","targetHints":{"allow":["GET"]}}],"collection":[{"href":"https:\/\/roveyayinevi.com.tr\/index.php\/wp-json\/wp\/v2\/product"}],"about":[{"href":"https:\/\/roveyayinevi.com.tr\/index.php\/wp-json\/wp\/v2\/types\/product"}],"wp:attachment":[{"href":"https:\/\/roveyayinevi.com.tr\/index.php\/wp-json\/wp\/v2\/media?parent=693465"}],"wp:term":[{"taxonomy":"product_brand","embeddable":true,"href":"https:\/\/roveyayinevi.com.tr\/index.php\/wp-json\/wp\/v2\/product_brand?post=693465"},{"taxonomy":"product_cat","embeddable":true,"href":"https:\/\/roveyayinevi.com.tr\/index.php\/wp-json\/wp\/v2\/product_cat?post=693465"},{"taxonomy":"product_tag","embeddable":true,"href":"https:\/\/roveyayinevi.com.tr\/index.php\/wp-json\/wp\/v2\/product_tag?post=693465"}],"curies":[{"name":"wp","href":"https:\/\/api.w.org\/{rel}","templated":true}]}}