{"id":693464,"date":"2025-08-27T14:14:41","date_gmt":"2025-08-27T11:14:41","guid":{"rendered":"https:\/\/roveyayinevi.com.tr\/index.php\/urun\/afedersin-hayat\/"},"modified":"2026-04-16T02:03:09","modified_gmt":"2026-04-15T23:03:09","slug":"afedersin-hayat","status":"publish","type":"product","link":"https:\/\/roveyayinevi.com.tr\/index.php\/urun\/afedersin-hayat\/","title":{"rendered":"Afedersin Hayat"},"content":{"rendered":"<p>Kavramlar sahi bu kadar ikiy\u00fczl\u00fc m\u00fcyd\u00fc? Yoksa, istedi\u011fimiz gibi yorumlay\u0131\u015f\u0131m\u0131z m\u0131yd\u0131 onlar\u0131 \u00f6z\u00fcnden kopar\u0131p birer karma\u015fa haline getiren? Bilmiyorum do\u011frusu. Bild\u011fim tek \u015fey, i\u015fimize gelmeyen ger\u00e7ekleri kendimize uyduru\u015fumuz!&#8230; Maskeler utan\u00e7 vericidir benim bildi\u011fim. Utan\u00e7sa, ger\u00e7eklerden gocundu\u011fu i\u00e7in do\u011far su\u00e7lu vicdanlarda. Sahi, utand\u0131n m\u0131 yapt\u0131klar\u0131ndan? Daha \u015fimdiden hayal eder gibiyim, mektubumu okurken neler hissedece\u011fini&#8230; \u2018Afedersin Hayat!&#8230;\u2018 diyeceksin kah\u0131rlan\u0131p; ama hayat, ya\u015fanm\u0131\u015flar\u0131 affetmez ki! Evliliklerde ilan gerekir benim bildi\u011fim&#8230; E\u015f, dost, anne, baba&#8230; herkesin duyumuna a\u00e7\u0131k bir ilan&#8230; Sorumsuz ya\u015famak mutluluk gibi g\u00f6r\u00fcnse de ba\u015flang\u0131\u00e7ta, her istedi\u011fini yapmak, sonu\u00e7lar\u0131n\u0131da g\u00f6ze almay\u0131 gerektirir; bunu \u00f6\u011frendin mi hi\u00e7 olmazsa?&#8230; \ufffcTan\u0131t\u0131m Metni<\/p>\n","protected":false},"excerpt":{"rendered":"<p>Kavramlar sahi bu kadar ikiy\u00fczl\u00fc m\u00fcyd\u00fc? Yoksa, istedi\u011fimiz gibi yorumlay\u0131\u015f\u0131m\u0131z m\u0131yd\u0131 onlar\u0131 \u00f6z\u00fcnden kopar\u0131p birer karma\u015fa haline getiren? Bilmiyorum do\u011frusu. Bild\u011fim tek \u015fey, i\u015fimize gelmeyen ger\u00e7ekleri<span class=\"excerpt-hellip\"> [\u2026]<\/span><\/p>\n","protected":false},"featured_media":0,"template":"","meta":{"_monsterinsights_skip_tracking":false,"_monsterinsights_sitenote_active":false,"_monsterinsights_sitenote_note":"","_monsterinsights_sitenote_category":0},"product_brand":[],"product_cat":[12291,12292],"product_tag":[],"class_list":{"0":"post-693464","1":"product","2":"type-product","3":"status-publish","5":"product_cat-edebiyat","6":"product_cat-turk-edebiyati","7":"pa_tur-kitap","8":"pa_yayinevi-timas-yayinlari","9":"pa_yazar-ahmed-gunbay-yildiz","11":"first","12":"instock","13":"sale","14":"shipping-taxable","15":"purchasable","16":"product-type-simple"},"_links":{"self":[{"href":"https:\/\/roveyayinevi.com.tr\/index.php\/wp-json\/wp\/v2\/product\/693464","targetHints":{"allow":["GET"]}}],"collection":[{"href":"https:\/\/roveyayinevi.com.tr\/index.php\/wp-json\/wp\/v2\/product"}],"about":[{"href":"https:\/\/roveyayinevi.com.tr\/index.php\/wp-json\/wp\/v2\/types\/product"}],"wp:attachment":[{"href":"https:\/\/roveyayinevi.com.tr\/index.php\/wp-json\/wp\/v2\/media?parent=693464"}],"wp:term":[{"taxonomy":"product_brand","embeddable":true,"href":"https:\/\/roveyayinevi.com.tr\/index.php\/wp-json\/wp\/v2\/product_brand?post=693464"},{"taxonomy":"product_cat","embeddable":true,"href":"https:\/\/roveyayinevi.com.tr\/index.php\/wp-json\/wp\/v2\/product_cat?post=693464"},{"taxonomy":"product_tag","embeddable":true,"href":"https:\/\/roveyayinevi.com.tr\/index.php\/wp-json\/wp\/v2\/product_tag?post=693464"}],"curies":[{"name":"wp","href":"https:\/\/api.w.org\/{rel}","templated":true}]}}