{"id":693463,"date":"2025-08-27T14:14:41","date_gmt":"2025-08-27T11:14:41","guid":{"rendered":"https:\/\/roveyayinevi.com.tr\/index.php\/urun\/1915-osmanli-ermenilerine-ne-oldu\/"},"modified":"2026-04-16T02:03:09","modified_gmt":"2026-04-15T23:03:09","slug":"1915-osmanli-ermenilerine-ne-oldu","status":"publish","type":"product","link":"https:\/\/roveyayinevi.com.tr\/index.php\/urun\/1915-osmanli-ermenilerine-ne-oldu\/","title":{"rendered":"1915 &#8211; Osmanl\u0131 Ermenilerine Ne Oldu?"},"content":{"rendered":"<p>\u201cErmeni meselesi konusunda \u015fimdiye kadar yaz\u0131lm\u0131\u015f en tarafs\u0131z, ger\u00e7ekleri oldu\u011fu gibi aksettiren \u00f6nemli bir kitap ama Bat\u0131\u2019da bu kitaptan kimse s\u00f6z etmiyor.<\/p>\n","protected":false},"excerpt":{"rendered":"<p>\u201cErmeni meselesi konusunda \u015fimdiye kadar yaz\u0131lm\u0131\u015f en tarafs\u0131z, ger\u00e7ekleri oldu\u011fu gibi aksettiren \u00f6nemli bir kitap ama Bat\u0131\u2019da bu kitaptan kimse s\u00f6z etmiyor.<\/p>\n","protected":false},"featured_media":0,"template":"","meta":{"_monsterinsights_skip_tracking":false,"_monsterinsights_sitenote_active":false,"_monsterinsights_sitenote_note":"","_monsterinsights_sitenote_category":0},"product_brand":[],"product_cat":[12370,12304],"product_tag":[],"class_list":{"0":"post-693463","1":"product","2":"type-product","3":"status-publish","5":"product_cat-arastirma-inceleme","6":"product_cat-tarih","7":"pa_cilt-ciltsiz","8":"pa_tur-kitap","9":"pa_yayinevi-timas-yayinlari","10":"pa_yazar-guenter-lewy","12":"first","13":"instock","14":"sale","15":"shipping-taxable","16":"purchasable","17":"product-type-simple"},"_links":{"self":[{"href":"https:\/\/roveyayinevi.com.tr\/index.php\/wp-json\/wp\/v2\/product\/693463","targetHints":{"allow":["GET"]}}],"collection":[{"href":"https:\/\/roveyayinevi.com.tr\/index.php\/wp-json\/wp\/v2\/product"}],"about":[{"href":"https:\/\/roveyayinevi.com.tr\/index.php\/wp-json\/wp\/v2\/types\/product"}],"wp:attachment":[{"href":"https:\/\/roveyayinevi.com.tr\/index.php\/wp-json\/wp\/v2\/media?parent=693463"}],"wp:term":[{"taxonomy":"product_brand","embeddable":true,"href":"https:\/\/roveyayinevi.com.tr\/index.php\/wp-json\/wp\/v2\/product_brand?post=693463"},{"taxonomy":"product_cat","embeddable":true,"href":"https:\/\/roveyayinevi.com.tr\/index.php\/wp-json\/wp\/v2\/product_cat?post=693463"},{"taxonomy":"product_tag","embeddable":true,"href":"https:\/\/roveyayinevi.com.tr\/index.php\/wp-json\/wp\/v2\/product_tag?post=693463"}],"curies":[{"name":"wp","href":"https:\/\/api.w.org\/{rel}","templated":true}]}}