{"id":693462,"date":"2025-08-27T14:14:40","date_gmt":"2025-08-27T11:14:40","guid":{"rendered":"https:\/\/roveyayinevi.com.tr\/index.php\/urun\/liberter-teori-modern-topluma-ozgurlukcu-yaklasim\/"},"modified":"2026-01-29T02:05:55","modified_gmt":"2026-01-28T23:05:55","slug":"liberter-teori-modern-topluma-ozgurlukcu-yaklasim","status":"publish","type":"product","link":"https:\/\/roveyayinevi.com.tr\/index.php\/urun\/liberter-teori-modern-topluma-ozgurlukcu-yaklasim\/","title":{"rendered":"Liberter Teori Modern Topluma \u00d6zg\u00fcrl\u00fck\u00e7\u00fc Yakla\u015f\u0131m"},"content":{"rendered":"<p>Modern toplumun bireyi hi\u00e7le\u015ftirici do\u011fas\u0131na kar\u015f\u0131 \u00f6zg\u00fcn bir ele\u015ftiri olan \u2018Liberter Teori\u2019, her \u015feyden \u00f6nce liberal ve sosyalist ak\u0131mlar\u0131 \u00f6z\u00fcmsemesi nedeniyle \u00f6nemli bir d\u00fc\u015f\u00fcnce okuludur. <\/p>\n","protected":false},"excerpt":{"rendered":"<p>Modern toplumun bireyi hi\u00e7le\u015ftirici do\u011fas\u0131na kar\u015f\u0131 \u00f6zg\u00fcn bir ele\u015ftiri olan \u2018Liberter Teori\u2019, her \u015feyden \u00f6nce liberal ve sosyalist ak\u0131mlar\u0131 \u00f6z\u00fcmsemesi nedeniyle \u00f6nemli bir d\u00fc\u015f\u00fcnce okuludur.<\/p>\n","protected":false},"featured_media":0,"template":"","meta":{"_monsterinsights_skip_tracking":false,"_monsterinsights_sitenote_active":false,"_monsterinsights_sitenote_note":"","_monsterinsights_sitenote_category":0},"product_brand":[],"product_cat":[12338,12337],"product_tag":[],"class_list":{"0":"post-693462","1":"product","2":"type-product","3":"status-publish","5":"product_cat-dunya-siyaseti-ve-politikasi","6":"product_cat-politika-siyaset","7":"pa_cilt-ciltsiz","8":"pa_tur-kitap","9":"pa_yayinevi-utopya-yayinevi","10":"pa_yazar-inan-keser","12":"first","13":"instock","14":"sale","15":"shipping-taxable","16":"purchasable","17":"product-type-simple"},"_links":{"self":[{"href":"https:\/\/roveyayinevi.com.tr\/index.php\/wp-json\/wp\/v2\/product\/693462","targetHints":{"allow":["GET"]}}],"collection":[{"href":"https:\/\/roveyayinevi.com.tr\/index.php\/wp-json\/wp\/v2\/product"}],"about":[{"href":"https:\/\/roveyayinevi.com.tr\/index.php\/wp-json\/wp\/v2\/types\/product"}],"wp:attachment":[{"href":"https:\/\/roveyayinevi.com.tr\/index.php\/wp-json\/wp\/v2\/media?parent=693462"}],"wp:term":[{"taxonomy":"product_brand","embeddable":true,"href":"https:\/\/roveyayinevi.com.tr\/index.php\/wp-json\/wp\/v2\/product_brand?post=693462"},{"taxonomy":"product_cat","embeddable":true,"href":"https:\/\/roveyayinevi.com.tr\/index.php\/wp-json\/wp\/v2\/product_cat?post=693462"},{"taxonomy":"product_tag","embeddable":true,"href":"https:\/\/roveyayinevi.com.tr\/index.php\/wp-json\/wp\/v2\/product_tag?post=693462"}],"curies":[{"name":"wp","href":"https:\/\/api.w.org\/{rel}","templated":true}]}}