{"id":693459,"date":"2025-08-27T14:14:40","date_gmt":"2025-08-27T11:14:40","guid":{"rendered":"https:\/\/roveyayinevi.com.tr\/index.php\/urun\/7den-77ye-zeka-sorulari\/"},"modified":"2026-03-05T02:06:21","modified_gmt":"2026-03-04T23:06:21","slug":"7den-77ye-zeka-sorulari","status":"publish","type":"product","link":"https:\/\/roveyayinevi.com.tr\/index.php\/urun\/7den-77ye-zeka-sorulari\/","title":{"rendered":"7\u2019den 77\u2019ye Zeka Sorular\u0131"},"content":{"rendered":"<p>E\u011flenceli Matematik dizisine g\u00f6sterilen ilgi g\u00fcnden g\u00fcne art\u0131yor. Diziyi bir kez tan\u0131yan, m\u00fcptelas\u0131 oluyor. Dizinin se\u00e7kin kitaplar\u0131ndan biri olan bu kitap da hayat\u0131n\u0131za ne\u015fe ve renk katmaya devam edecek. Bu kitab\u0131 evde, okulda, yolculukta, tatilde, arkada\u015f ortamlar\u0131nda, k\u0131sacas\u0131 her zaman ve her yerde rahatl\u0131kla okuyabilirsiniz. Neden 7\u2018den 77 ye Zek\u00e2 Sorular\u0131? \u00c7\u00fcnk\u00fc bu kitapta ilkokul birinci s\u0131n\u0131fa giden bir \u00f6\u011frencinin de, \u00fcniversiteye giden bir \u00f6\u011frencinin de \u00e7\u00f6zebilece\u011fi sorular var. Bu kitap \u00e7ocuklara, gen\u00e7lere, ya\u015fl\u0131lara k\u0131sacas\u0131 yediden yetmi\u015fe herkese hitap ediyor. Unutmay\u0131n zek\u00e2 kullan\u0131ld\u0131k\u00e7a keskinle\u015fir. Bir d\u00fc\u015f\u00fcn\u00fcr\u00fcn dedi\u011fi gibi   Zeka, kafan\u0131n i\u00e7indeki alt\u0131n madendir.   Bu kitap, zek\u00e2 madeninizi en g\u00fczel \u015fekilde i\u015flemenizi sa\u011flayacak. De Levis\u2018\u0131n dedi\u011fi gibi,   Bir insan\u0131n Zek\u00e2s\u0131 verece\u011fi cevaplardan de\u011fil, as\u0131l soraca\u011f\u0131 sorulardan anla\u015f\u0131l\u0131r.   Bu kitab\u0131 okuduktan sonra kimbilir belki siz de, \u00e7ok g\u00fczel sorular haz\u0131rlayabilecek, bu konunun uzmanlar\u0131ndan olacaks\u0131n\u0131z. Zekan\u0131z hi\u00e7 bu kadar keskin olmam\u0131\u015ft\u0131! <\/p>\n","protected":false},"excerpt":{"rendered":"<p>E\u011flenceli Matematik dizisine g\u00f6sterilen ilgi g\u00fcnden g\u00fcne art\u0131yor. Diziyi bir kez tan\u0131yan, m\u00fcptelas\u0131 oluyor. Dizinin se\u00e7kin kitaplar\u0131ndan biri olan bu kitap da hayat\u0131n\u0131za ne\u015fe ve renk<span class=\"excerpt-hellip\"> [\u2026]<\/span><\/p>\n","protected":false},"featured_media":0,"template":"","meta":{"_monsterinsights_skip_tracking":false,"_monsterinsights_sitenote_active":false,"_monsterinsights_sitenote_note":"","_monsterinsights_sitenote_category":0},"product_brand":[],"product_cat":[12492,12274],"product_tag":[],"class_list":{"0":"post-693459","1":"product","2":"type-product","3":"status-publish","5":"product_cat-bilmece-bulmaca","6":"product_cat-cocuk-ve-genclik-kitaplari","7":"pa_tur-kitap","8":"pa_yayinevi-timas-yayinlari","9":"pa_yazar-ahmet-oz","11":"first","12":"instock","13":"sale","14":"shipping-taxable","15":"purchasable","16":"product-type-simple"},"_links":{"self":[{"href":"https:\/\/roveyayinevi.com.tr\/index.php\/wp-json\/wp\/v2\/product\/693459","targetHints":{"allow":["GET"]}}],"collection":[{"href":"https:\/\/roveyayinevi.com.tr\/index.php\/wp-json\/wp\/v2\/product"}],"about":[{"href":"https:\/\/roveyayinevi.com.tr\/index.php\/wp-json\/wp\/v2\/types\/product"}],"wp:attachment":[{"href":"https:\/\/roveyayinevi.com.tr\/index.php\/wp-json\/wp\/v2\/media?parent=693459"}],"wp:term":[{"taxonomy":"product_brand","embeddable":true,"href":"https:\/\/roveyayinevi.com.tr\/index.php\/wp-json\/wp\/v2\/product_brand?post=693459"},{"taxonomy":"product_cat","embeddable":true,"href":"https:\/\/roveyayinevi.com.tr\/index.php\/wp-json\/wp\/v2\/product_cat?post=693459"},{"taxonomy":"product_tag","embeddable":true,"href":"https:\/\/roveyayinevi.com.tr\/index.php\/wp-json\/wp\/v2\/product_tag?post=693459"}],"curies":[{"name":"wp","href":"https:\/\/api.w.org\/{rel}","templated":true}]}}