{"id":693456,"date":"2025-08-27T14:14:39","date_gmt":"2025-08-27T11:14:39","guid":{"rendered":"https:\/\/roveyayinevi.com.tr\/index.php\/urun\/kuresellesmenin-yol-haritalari-tekno-siyasal-paradigmalar\/"},"modified":"2026-01-29T02:05:55","modified_gmt":"2026-01-28T23:05:55","slug":"kuresellesmenin-yol-haritalari-tekno-siyasal-paradigmalar","status":"publish","type":"product","link":"https:\/\/roveyayinevi.com.tr\/index.php\/urun\/kuresellesmenin-yol-haritalari-tekno-siyasal-paradigmalar\/","title":{"rendered":"K\u00fcreselle\u015fmenin Yol Haritalar\u0131 Tekno-Siyasal Paradigmalar"},"content":{"rendered":"<p>G\u00fcn\u00fcm\u00fczde geleneksel medyaya oranla yeni medya, yayg\u0131nla\u015fma d\u00fczeyine ba\u011fl\u0131 olarak ileti\u015fim etkinli\u011finde giderek daha \u00e7ok arac\u0131l\u0131k rol\u00fc; t\u00fcketimin kontrol\u00fc a\u00e7\u0131s\u0131ndan giderek daha \u00e7ok i\u015flev bi\u00e7ilmekte. Buna ayn\u0131 zamanda yeni medyay\u0131, siyasette paradigma de\u011fi\u015fimleriyle daha yo\u011fun ili\u015fkilendiren bir s\u00f6ylem de e\u015flik etmekte. Paradigma de\u011fi\u015fiminde yeni (etkili\/etkile\u015fimli) medyaya siyaseten bi\u00e7ilen bu rol-i\u015flev, siyasetin dilinde\/s\u00f6yleminde &#8216;istikrar ve denge&#8217; kavramlar\u0131na ko\u015fut olarak kapasite, verimlilik, etkile\u015fim, performans, an\u0131ndal\u0131k, s\u00fcreklilik, g\u00fcncellenebilirlik gibi araca teknolojik olanaklar\u0131 \u00f6ne \u00e7\u0131karmakta. <\/p>\n","protected":false},"excerpt":{"rendered":"<p>G\u00fcn\u00fcm\u00fczde geleneksel medyaya oranla yeni medya, yayg\u0131nla\u015fma d\u00fczeyine ba\u011fl\u0131 olarak ileti\u015fim etkinli\u011finde giderek daha \u00e7ok arac\u0131l\u0131k rol\u00fc; t\u00fcketimin kontrol\u00fc a\u00e7\u0131s\u0131ndan giderek daha \u00e7ok i\u015flev bi\u00e7ilmekte. Buna<span class=\"excerpt-hellip\"> [\u2026]<\/span><\/p>\n","protected":false},"featured_media":0,"template":"","meta":{"_monsterinsights_skip_tracking":false,"_monsterinsights_sitenote_active":false,"_monsterinsights_sitenote_note":"","_monsterinsights_sitenote_category":0},"product_brand":[],"product_cat":[13633,12324],"product_tag":[],"class_list":{"0":"post-693456","1":"product","2":"type-product","3":"status-publish","5":"product_cat-kultur-ve-bilim","6":"product_cat-sosyoloji","7":"pa_cilt-ciltsiz","8":"pa_tur-kitap","9":"pa_yayinevi-utopya-yayinevi","10":"pa_yazar-nurcan-torenli","12":"first","13":"instock","14":"sale","15":"shipping-taxable","16":"purchasable","17":"product-type-simple"},"_links":{"self":[{"href":"https:\/\/roveyayinevi.com.tr\/index.php\/wp-json\/wp\/v2\/product\/693456","targetHints":{"allow":["GET"]}}],"collection":[{"href":"https:\/\/roveyayinevi.com.tr\/index.php\/wp-json\/wp\/v2\/product"}],"about":[{"href":"https:\/\/roveyayinevi.com.tr\/index.php\/wp-json\/wp\/v2\/types\/product"}],"wp:attachment":[{"href":"https:\/\/roveyayinevi.com.tr\/index.php\/wp-json\/wp\/v2\/media?parent=693456"}],"wp:term":[{"taxonomy":"product_brand","embeddable":true,"href":"https:\/\/roveyayinevi.com.tr\/index.php\/wp-json\/wp\/v2\/product_brand?post=693456"},{"taxonomy":"product_cat","embeddable":true,"href":"https:\/\/roveyayinevi.com.tr\/index.php\/wp-json\/wp\/v2\/product_cat?post=693456"},{"taxonomy":"product_tag","embeddable":true,"href":"https:\/\/roveyayinevi.com.tr\/index.php\/wp-json\/wp\/v2\/product_tag?post=693456"}],"curies":[{"name":"wp","href":"https:\/\/api.w.org\/{rel}","templated":true}]}}