{"id":693455,"date":"2025-08-27T14:14:39","date_gmt":"2025-08-27T11:14:39","guid":{"rendered":"https:\/\/roveyayinevi.com.tr\/index.php\/urun\/konusan-fotograflar\/"},"modified":"2026-01-29T02:05:55","modified_gmt":"2026-01-28T23:05:55","slug":"konusan-fotograflar","status":"publish","type":"product","link":"https:\/\/roveyayinevi.com.tr\/index.php\/urun\/konusan-fotograflar\/","title":{"rendered":"Konu\u015fan Foto\u011fraflar"},"content":{"rendered":"<p>Sana bakarak, senden ge\u00e7erek bana ula\u015fmalar\u0131n\u0131, beni anlamalar\u0131n\u0131, beni bulmalar\u0131n\u0131 sa\u011flamak i\u00e7in; D\u00fcnyay\u0131 g\u00f6sterip yeni d\u00fcnyalar d\u00fc\u015f\u00fc kurdu\u011fu i\u00e7in; \u0130tiraz hakk\u0131m\u0131z\u0131 etkin bir bi\u00e7imde kullanmam\u0131za olanak sa\u011flad\u0131\u011f\u0131 i\u00e7in; Toplumsal belle\u011fimizi diri tutup, tarihimizi \u0131\u015f\u0131kla, zamanla yazd\u0131\u011f\u0131 i\u00e7in; Ve s\u00f6z\u00fcn t\u00fckendi\u011fi yerde foto\u011fraf konu\u015ftu\u011fu i\u00e7in (&#8230;) foto\u011fraf \u00e7ekiyoruz&#8230; Ellerimizde zamana ve \u0131\u015f\u0131\u011fa h\u00fckmeden kalbimizle, kalabal\u0131k caddelerin, \u0131rmak gibi ak\u0131p giden y\u00fcr\u00fcy\u00fc\u015f kortejlerinin, vitrinlerden yans\u0131yan yoksullu\u011fumuzun foto\u011fraf\u0131n\u0131 \u00e7ekiyoruz(&#8230;) \u0130\u015fgalcilerin k\u00fcl ve enkaza \u00e7evirdi\u011fi kentlerin ve k\u00fcl\u00fcn i\u00e7indeki k\u00f6z\u00fcn foto\u011fraf\u0131n\u0131 \u00e7ekiyoruz. D\u0131\u015flanm\u0131\u015flar\u0131n, \u00f6tekilerin, renklilerin foto\u011fraf\u0131n\u0131 \u00e7ekiyoruz. Hayat\u0131n ve a\u015fk\u0131n, vefan\u0131n ve vicdan\u0131n foto\u011fraf\u0131n\u0131 \u00e7ekiyoruz. Yollar\u0131n, yolculuklar\u0131n, bir s\u0131rt \u00e7antas\u0131na s\u0131\u011fd\u0131r\u0131lan bir \u00f6mr\u00fcn foto\u011fraflar\u0131n\u0131 \u00e7ekiyoruz. Akl\u0131na ve y\u00fcre\u011fine sa\u011fl\u0131k Adil karde\u015f, akl\u0131m\u0131z\u0131n e\u015fiklerine, kalbimizin nehirlerine ta\u015f\u0131d\u0131\u011f\u0131n \u00f6yk\u00fcler i\u00e7in&#8230;  -Mehmet \u00d6zer- <\/p>\n","protected":false},"excerpt":{"rendered":"<p>Sana bakarak, senden ge\u00e7erek bana ula\u015fmalar\u0131n\u0131, beni anlamalar\u0131n\u0131, beni bulmalar\u0131n\u0131 sa\u011flamak i\u00e7in; D\u00fcnyay\u0131 g\u00f6sterip yeni d\u00fcnyalar d\u00fc\u015f\u00fc kurdu\u011fu i\u00e7in; \u0130tiraz hakk\u0131m\u0131z\u0131 etkin bir bi\u00e7imde kullanmam\u0131za olanak<span class=\"excerpt-hellip\"> [\u2026]<\/span><\/p>\n","protected":false},"featured_media":0,"template":"","meta":{"_monsterinsights_skip_tracking":false,"_monsterinsights_sitenote_active":false,"_monsterinsights_sitenote_note":"","_monsterinsights_sitenote_category":0},"product_brand":[],"product_cat":[12409,12408],"product_tag":[],"class_list":{"0":"post-693455","1":"product","2":"type-product","3":"status-publish","5":"product_cat-fotograf-sinema-tiyatro","6":"product_cat-sanat","7":"pa_cilt-ciltsiz","8":"pa_tur-kitap","9":"pa_yayinevi-utopya-yayinevi","10":"pa_yazar-adil-okay","12":"first","13":"instock","14":"sale","15":"shipping-taxable","16":"purchasable","17":"product-type-simple"},"_links":{"self":[{"href":"https:\/\/roveyayinevi.com.tr\/index.php\/wp-json\/wp\/v2\/product\/693455","targetHints":{"allow":["GET"]}}],"collection":[{"href":"https:\/\/roveyayinevi.com.tr\/index.php\/wp-json\/wp\/v2\/product"}],"about":[{"href":"https:\/\/roveyayinevi.com.tr\/index.php\/wp-json\/wp\/v2\/types\/product"}],"wp:attachment":[{"href":"https:\/\/roveyayinevi.com.tr\/index.php\/wp-json\/wp\/v2\/media?parent=693455"}],"wp:term":[{"taxonomy":"product_brand","embeddable":true,"href":"https:\/\/roveyayinevi.com.tr\/index.php\/wp-json\/wp\/v2\/product_brand?post=693455"},{"taxonomy":"product_cat","embeddable":true,"href":"https:\/\/roveyayinevi.com.tr\/index.php\/wp-json\/wp\/v2\/product_cat?post=693455"},{"taxonomy":"product_tag","embeddable":true,"href":"https:\/\/roveyayinevi.com.tr\/index.php\/wp-json\/wp\/v2\/product_tag?post=693455"}],"curies":[{"name":"wp","href":"https:\/\/api.w.org\/{rel}","templated":true}]}}