{"id":693454,"date":"2025-08-27T14:14:39","date_gmt":"2025-08-27T11:14:39","guid":{"rendered":"https:\/\/roveyayinevi.com.tr\/index.php\/urun\/marksizm-tartismalari-manifestonun-guncelligi\/"},"modified":"2026-01-29T02:05:55","modified_gmt":"2026-01-28T23:05:55","slug":"marksizm-tartismalari-manifestonun-guncelligi","status":"publish","type":"product","link":"https:\/\/roveyayinevi.com.tr\/index.php\/urun\/marksizm-tartismalari-manifestonun-guncelligi\/","title":{"rendered":"Marksizm Tart\u0131\u015fmalar\u0131 Manifesto\u2019nun G\u00fcncelli\u011fi"},"content":{"rendered":"<p>Manifesto\u2019ya \u00d6vg\u00fc &#8211; L. Goldner Manifesto ve Rus Devrimi &#8211; S. Matgamna Manifesto\u2019nun \u00d6zg\u00fcrl\u00fck\u00e7\u00fc \u0130mgelemi &#8211; L. Castellina Manifesto: Kavrad\u0131klar\u0131 ve Sorunlar\u0131 &#8211; M. Bookchin Y\u00fczelli Y\u0131l Sonra Manifesto &#8211; P. Mattick Sivil Toplumun \u00d6tesi &#8211; J. Ehrenberg Ya\u015fas\u0131n Marksizm(in bir k\u0131sm\u0131)! &#8211; M. Albert Marksizm \u0130\u00e7in Bir Gelecek &#8211; N. Fraser Bilgi \u00c7a\u011f\u0131nda Marksizm &#8211; D. McNally D\u00fcnyay\u0131 Yorumlamak &#8211; B. Epstein Manifesto K\u0131lavuz Olmaya Devam Ediyor &#8211; I. Birchal Marksizm &#8211; B\u00f6l\u00fcnm\u00fc\u015f Miras &#8211; C. Boggs Marx\u2019\u0131n Sistemini Yeniden A\u00e7mak &#8211; E. S. Herman \u00d6z-Kurtulu\u015f Olarak Sosyalizm &#8211; N. Holmstrom Mali Kriz Hayaleti ve Solun Ba\u015far\u0131s\u0131zl\u0131\u011f\u0131 &#8211; R. W. Bologh &#8211; L. Mell Manifesto\u2019nun G\u00fc\u00e7l\u00fc ve Zay\u0131f Yanlar\u0131 &#8211; J. Petras Manifesto\u2019nun Ge\u00e7mi\u015fi ve Bug\u00fcn\u00fc &#8211; M. L\u00f6wy Marksizmin Tarihini Yeniden D\u00fc\u015f\u00fcnmek &#8211; E. Zaretsky Kom\u00fcnizm mi  Sosyalizm  mi? Marx ve Engels\u2019e Geri D\u00f6n\u00fc\u015f &#8211; P. Robeson Manifesto ve Evrensellik Sorunu &#8211; A. Ahmad Manifesto \u00dczerine Bir Not &#8211; H. Magdoff G\u00fcn\u00fcm\u00fczde Kom\u00fcnist Manifesto &#8211; P. M. Sweezy <\/p>\n","protected":false},"excerpt":{"rendered":"<p>Manifesto\u2019ya \u00d6vg\u00fc &#8211; L. Goldner Manifesto ve Rus Devrimi &#8211; S. Matgamna Manifesto\u2019nun \u00d6zg\u00fcrl\u00fck\u00e7\u00fc \u0130mgelemi &#8211; L. Castellina Manifesto: Kavrad\u0131klar\u0131 ve Sorunlar\u0131 &#8211; M. Bookchin Y\u00fczelli<span class=\"excerpt-hellip\"> [\u2026]<\/span><\/p>\n","protected":false},"featured_media":0,"template":"","meta":{"_monsterinsights_skip_tracking":false,"_monsterinsights_sitenote_active":false,"_monsterinsights_sitenote_note":"","_monsterinsights_sitenote_category":0},"product_brand":[],"product_cat":[12965,12337],"product_tag":[],"class_list":{"0":"post-693454","1":"product","2":"type-product","3":"status-publish","5":"product_cat-genel-politika","6":"product_cat-politika-siyaset","7":"pa_cilt-ciltsiz","8":"pa_tur-kitap","9":"pa_yayinevi-utopya-yayinevi","10":"pa_yazar-derleme","12":"first","13":"instock","14":"sale","15":"shipping-taxable","16":"purchasable","17":"product-type-simple"},"_links":{"self":[{"href":"https:\/\/roveyayinevi.com.tr\/index.php\/wp-json\/wp\/v2\/product\/693454","targetHints":{"allow":["GET"]}}],"collection":[{"href":"https:\/\/roveyayinevi.com.tr\/index.php\/wp-json\/wp\/v2\/product"}],"about":[{"href":"https:\/\/roveyayinevi.com.tr\/index.php\/wp-json\/wp\/v2\/types\/product"}],"wp:attachment":[{"href":"https:\/\/roveyayinevi.com.tr\/index.php\/wp-json\/wp\/v2\/media?parent=693454"}],"wp:term":[{"taxonomy":"product_brand","embeddable":true,"href":"https:\/\/roveyayinevi.com.tr\/index.php\/wp-json\/wp\/v2\/product_brand?post=693454"},{"taxonomy":"product_cat","embeddable":true,"href":"https:\/\/roveyayinevi.com.tr\/index.php\/wp-json\/wp\/v2\/product_cat?post=693454"},{"taxonomy":"product_tag","embeddable":true,"href":"https:\/\/roveyayinevi.com.tr\/index.php\/wp-json\/wp\/v2\/product_tag?post=693454"}],"curies":[{"name":"wp","href":"https:\/\/api.w.org\/{rel}","templated":true}]}}