{"id":693452,"date":"2025-08-27T14:14:38","date_gmt":"2025-08-27T11:14:38","guid":{"rendered":"https:\/\/roveyayinevi.com.tr\/index.php\/urun\/kic-ve-plastik-sanatlar-uzerine\/"},"modified":"2026-01-29T02:05:55","modified_gmt":"2026-01-28T23:05:55","slug":"kic-ve-plastik-sanatlar-uzerine","status":"publish","type":"product","link":"https:\/\/roveyayinevi.com.tr\/index.php\/urun\/kic-ve-plastik-sanatlar-uzerine\/","title":{"rendered":"Ki\u00e7 ve Plastik Sanatlar \u00dczerine"},"content":{"rendered":"<p>20. y\u00fczy\u0131lda ba\u015f d\u00f6nd\u00fcr\u00fcc\u00fc bir ivme kazanan ki\u00e7, toplumsal yap\u0131da geni\u015f bir yer bularak hem ki\u00e7 \u00fcr\u00fcnlere me\u015fru bir zemin olu\u015fturmu\u015f, hem de kendi ba\u015f\u0131na bir sanat alan\u0131na d\u00f6n\u00fc\u015fm\u00fc\u015ft\u00fcr. Ki\u00e7 sanat, kendi i\u00e7inde tan\u0131mlar\u0131, \u00f6zellikle de var olan sanatsal yap\u0131y\u0131 kullanarak, bunlar\u0131n bi\u00e7imsel uygulamalar\u0131n\u0131 kendine d\u00f6n\u00fck, kolay alg\u0131lanabilir ve taklit edilebilir k\u0131larak, yeni bir varl\u0131k alan\u0131 sa\u011flam\u0131\u015ft\u0131r. Ki\u00e7in bir sanat alan\u0131 oldu\u011fu, h\u00fcmanistik psikolojinin yaratt\u0131\u011f\u0131 insan ve insanl\u0131k anlay\u0131\u015f\u0131 a\u00e7\u0131s\u0131ndan kabul edilebilir durumdad\u0131r. Fakat ayd\u0131n insan ve ger\u00e7ek sanatseverin ki\u00e7i sorgulamas\u0131 bitmemi\u015ftir ama bi\u00e7im de\u011fi\u015fmi\u015ftir. Art\u0131k sorgulama \u2018sanat m\u0131d\u0131r, de\u011fil midir?\u2019 \u015feklinde de\u011fil, \u2018ne kadar sanatt\u0131r\u2019 \u015feklindedir. <\/p>\n","protected":false},"excerpt":{"rendered":"<p>20. y\u00fczy\u0131lda ba\u015f d\u00f6nd\u00fcr\u00fcc\u00fc bir ivme kazanan ki\u00e7, toplumsal yap\u0131da geni\u015f bir yer bularak hem ki\u00e7 \u00fcr\u00fcnlere me\u015fru bir zemin olu\u015fturmu\u015f, hem de kendi ba\u015f\u0131na bir<span class=\"excerpt-hellip\"> [\u2026]<\/span><\/p>\n","protected":false},"featured_media":0,"template":"","meta":{"_monsterinsights_skip_tracking":false,"_monsterinsights_sitenote_active":false,"_monsterinsights_sitenote_note":"","_monsterinsights_sitenote_category":0},"product_brand":[],"product_cat":[12312,12304],"product_tag":[],"class_list":{"0":"post-693452","1":"product","2":"type-product","3":"status-publish","5":"product_cat-diger","6":"product_cat-tarih","7":"pa_cilt-ciltsiz","8":"pa_tur-kitap","9":"pa_yayinevi-utopya-yayinevi","10":"pa_yazar-f-gonca-ilbeyi-demir","12":"first","13":"instock","14":"sale","15":"shipping-taxable","16":"purchasable","17":"product-type-simple"},"_links":{"self":[{"href":"https:\/\/roveyayinevi.com.tr\/index.php\/wp-json\/wp\/v2\/product\/693452","targetHints":{"allow":["GET"]}}],"collection":[{"href":"https:\/\/roveyayinevi.com.tr\/index.php\/wp-json\/wp\/v2\/product"}],"about":[{"href":"https:\/\/roveyayinevi.com.tr\/index.php\/wp-json\/wp\/v2\/types\/product"}],"wp:attachment":[{"href":"https:\/\/roveyayinevi.com.tr\/index.php\/wp-json\/wp\/v2\/media?parent=693452"}],"wp:term":[{"taxonomy":"product_brand","embeddable":true,"href":"https:\/\/roveyayinevi.com.tr\/index.php\/wp-json\/wp\/v2\/product_brand?post=693452"},{"taxonomy":"product_cat","embeddable":true,"href":"https:\/\/roveyayinevi.com.tr\/index.php\/wp-json\/wp\/v2\/product_cat?post=693452"},{"taxonomy":"product_tag","embeddable":true,"href":"https:\/\/roveyayinevi.com.tr\/index.php\/wp-json\/wp\/v2\/product_tag?post=693452"}],"curies":[{"name":"wp","href":"https:\/\/api.w.org\/{rel}","templated":true}]}}