{"id":693451,"date":"2025-08-27T14:14:38","date_gmt":"2025-08-27T11:14:38","guid":{"rendered":"https:\/\/roveyayinevi.com.tr\/index.php\/urun\/isyanin-adi-filistin-intifada-kazanacak\/"},"modified":"2026-01-29T02:05:55","modified_gmt":"2026-01-28T23:05:55","slug":"isyanin-adi-filistin-intifada-kazanacak","status":"publish","type":"product","link":"https:\/\/roveyayinevi.com.tr\/index.php\/urun\/isyanin-adi-filistin-intifada-kazanacak\/","title":{"rendered":"\u0130syan\u0131n Ad\u0131: Filistin \u0130ntifada Kazanacak!"},"content":{"rendered":"<p>Bu kitap, onur ve ba\u011f\u0131ms\u0131zl\u0131k sava\u015f\u0131m\u0131 veren Filistin halk\u0131yla dayan\u0131\u015fma amac\u0131yla, onlara hayranl\u0131kla haz\u0131rland\u0131. Yani, \u0130srailo\u011fullar\u0131n\u0131n  David ve Goliath  s\u00f6ylencesini tersy\u00fcz eden ads\u0131z \u0130ntifada kahramanlar\u0131; Siyonist \u0130srail tanklar\u0131n\u0131n kar\u015f\u0131s\u0131na kocaman y\u00fcre\u011fi ve k\u00fc\u00e7\u00fcc\u00fck elleriyle kavrad\u0131\u011f\u0131 ta\u015fla dikilen 14 ya\u015f\u0131ndaki Farish Qudeh gibilerine&#8230; ABD-\u0130srail politikas\u0131 Bizantinizminin \u00e7\u0131k\u0131\u015fs\u0131z dehlizlerinde a\u00e7maza s\u00fcr\u00fcklenmeye \u00e7al\u0131\u015fan  Filistin Sorunu  konusunda okura derli toplu bir fikir, Filistin davas\u0131n\u0131n g\u00f6zlerden silinmeye \u00e7al\u0131\u015fan me\u015frulu\u011funa ili\u015fkin bir inan\u00e7 vermeyi hedefliyor. Filistin\u2019in gerek Arap aleminde, gerekse d\u00fcnya politikas\u0131nda i\u00e7ine itildi\u011fi yaln\u0131zl\u0131\u011f\u0131 k\u0131rabilmesi i\u00e7in akl\u0131n\u0131 ve y\u00fcre\u011fini sat\u0131l\u0131\u011fa \u00e7\u0131karmam\u0131\u015f herkesin kula\u011f\u0131na, herkesin sesine ihtiyac\u0131 var&#8230; Bu sesler, d\u00fcnyan\u0131n her yan\u0131ndan, bu arada \u0130srail\u2019li bar\u0131\u015f\u00e7\u0131lardan da y\u00fckselmeye ba\u015flad\u0131. Filistin halk\u0131 ile i\u015fgalcili\u011finden soyunmu\u015f. Siyonist-olmayan, bar\u0131\u015f\u00e7\u0131 bir \u0130srail\u2019in yan yana ya\u015fayabilirli\u011finin de g\u00fcvencesini olu\u015fturacaklar ayn\u0131 zamanda&#8230; Evet, Filistin\u2019le dayan\u0131\u015fma, onurlu, \u00f6zg\u00fcrl\u00fck\u00e7\u00fc ve anti-emperyalist bir bar\u0131\u015f\u0131 savunmakt\u0131r, b\u00f6lgede ve d\u00fcnyada&#8230; <\/p>\n","protected":false},"excerpt":{"rendered":"<p>Bu kitap, onur ve ba\u011f\u0131ms\u0131zl\u0131k sava\u015f\u0131m\u0131 veren Filistin halk\u0131yla dayan\u0131\u015fma amac\u0131yla, onlara hayranl\u0131kla haz\u0131rland\u0131. Yani, \u0130srailo\u011fullar\u0131n\u0131n David ve Goliath s\u00f6ylencesini tersy\u00fcz eden ads\u0131z \u0130ntifada kahramanlar\u0131; Siyonist<span class=\"excerpt-hellip\"> [\u2026]<\/span><\/p>\n","protected":false},"featured_media":0,"template":"","meta":{"_monsterinsights_skip_tracking":false,"_monsterinsights_sitenote_active":false,"_monsterinsights_sitenote_note":"","_monsterinsights_sitenote_category":0},"product_brand":[],"product_cat":[17574,13527],"product_tag":[],"class_list":{"0":"post-693451","1":"product","2":"type-product","3":"status-publish","5":"product_cat-politika","6":"product_cat-sureli-yayinlar","7":"pa_cilt-ciltsiz","8":"pa_tur-kitap","9":"pa_yayinevi-utopya-yayinevi","10":"pa_yazar-derleme","12":"first","13":"instock","14":"sale","15":"shipping-taxable","16":"purchasable","17":"product-type-simple"},"_links":{"self":[{"href":"https:\/\/roveyayinevi.com.tr\/index.php\/wp-json\/wp\/v2\/product\/693451","targetHints":{"allow":["GET"]}}],"collection":[{"href":"https:\/\/roveyayinevi.com.tr\/index.php\/wp-json\/wp\/v2\/product"}],"about":[{"href":"https:\/\/roveyayinevi.com.tr\/index.php\/wp-json\/wp\/v2\/types\/product"}],"wp:attachment":[{"href":"https:\/\/roveyayinevi.com.tr\/index.php\/wp-json\/wp\/v2\/media?parent=693451"}],"wp:term":[{"taxonomy":"product_brand","embeddable":true,"href":"https:\/\/roveyayinevi.com.tr\/index.php\/wp-json\/wp\/v2\/product_brand?post=693451"},{"taxonomy":"product_cat","embeddable":true,"href":"https:\/\/roveyayinevi.com.tr\/index.php\/wp-json\/wp\/v2\/product_cat?post=693451"},{"taxonomy":"product_tag","embeddable":true,"href":"https:\/\/roveyayinevi.com.tr\/index.php\/wp-json\/wp\/v2\/product_tag?post=693451"}],"curies":[{"name":"wp","href":"https:\/\/api.w.org\/{rel}","templated":true}]}}