{"id":693450,"date":"2025-08-27T14:14:38","date_gmt":"2025-08-27T11:14:38","guid":{"rendered":"https:\/\/roveyayinevi.com.tr\/index.php\/urun\/ilk-cagda-on-asya-uygarlik-merkezlerinde-egitim\/"},"modified":"2026-01-29T02:05:55","modified_gmt":"2026-01-28T23:05:55","slug":"ilk-cagda-on-asya-uygarlik-merkezlerinde-egitim","status":"publish","type":"product","link":"https:\/\/roveyayinevi.com.tr\/index.php\/urun\/ilk-cagda-on-asya-uygarlik-merkezlerinde-egitim\/","title":{"rendered":"\u0130lk \u00c7a\u011fda \u00d6n Asya Uygarl\u0131k Merkezlerinde E\u011fitim"},"content":{"rendered":"<p>Uygarl\u0131k, evrensel boyutta ele al\u0131nd\u0131\u011f\u0131nda bunun i\u00e7erisinde \u00d6n Asya\u2019n\u0131n \u00f6nemli bir katk\u0131s\u0131 oldu\u011fu ortaya \u00e7\u0131kar. Kent ya\u015fam\u0131n\u0131n gerekli k\u0131ld\u0131\u011f\u0131 k\u00fclt\u00fcrel etkinlikler, \u00f6ncelikle bu co\u011frafyada k\u00f6k salm\u0131\u015ft\u0131r. Al\u0131\u015fveri\u015f ve baz\u0131 gereksinimlerini birtak\u0131m \u015fekillerle ifade ederek \u00f6nemli bir ileti\u015fim arac\u0131 olan yaz\u0131y\u0131 ke\u015ffedenler bu topraklarda ya\u015fam\u0131\u015flard\u0131r. \u00d6n Asya toplumlar\u0131n\u0131n dikkat \u00e7ekici bir \u00f6zelli\u011fi de e\u011fitim-\u00f6\u011fretim merkezleri olan okullara ilk kez tan\u0131kl\u0131k etmi\u015f olmalar\u0131d\u0131r. E\u011fitim te\u015fkilat\u0131, dersler, \u00f6\u011fretilen konular, \u00f6\u011fretmen-\u00f6\u011frenci ili\u015fkileri, uygulanan disiplin, \u00f6\u011frencilerin ge\u00e7tikleri s\u0131navlar, okul binalar\u0131, hatta \u00f6\u011fretmene \u00f6denen \u00fccretlere ili\u015fkin bilgiler bu b\u00f6lgede ya\u015fayan insanlar\u0131n b\u0131rakt\u0131klar\u0131 belgelerle g\u00fcn\u00fcm\u00fcze ula\u015fm\u0131\u015ft\u0131r. \u0130lk kez okullar\u0131n ortaya \u00e7\u0131kt\u0131\u011f\u0131 bu en eski toplumlarda, e\u011fitim sisteminin sorgulanmas\u0131, bir S\u00fcmerli \u00f6\u011frencinin okula giderken duydu\u011fu heyecan ya da M\u0131s\u0131rl\u0131 bir baban\u0131n okumas\u0131 i\u00e7in \u00e7ocu\u011funa verdi\u011fi \u00f6\u011f\u00fctler d\u00fc\u015f\u00fcnd\u00fcr\u00fcc\u00fc ve \u00fczerinde durularak ara\u015ft\u0131r\u0131lmas\u0131 gereken konular olmaktad\u0131r. Bu \u00e7al\u0131\u015fman\u0131n, uygarl\u0131\u011f\u0131n be\u015fi\u011fi olarak \u00f6n plana \u00e7\u0131kan \u00d6n Asya toplumlar\u0131 ile g\u00fcn\u00fcm\u00fcz aras\u0131nda bir ba\u011f kurarken, ayn\u0131 zamanda e\u011fitim faaliyetleri alan\u0131ndaki bak\u0131\u015f a\u00e7\u0131s\u0131n\u0131 da zenginle\u015ftirece\u011fi d\u00fc\u015f\u00fcncesindeyiz. <\/p>\n","protected":false},"excerpt":{"rendered":"<p>Uygarl\u0131k, evrensel boyutta ele al\u0131nd\u0131\u011f\u0131nda bunun i\u00e7erisinde \u00d6n Asya\u2019n\u0131n \u00f6nemli bir katk\u0131s\u0131 oldu\u011fu ortaya \u00e7\u0131kar. Kent ya\u015fam\u0131n\u0131n gerekli k\u0131ld\u0131\u011f\u0131 k\u00fclt\u00fcrel etkinlikler, \u00f6ncelikle bu co\u011frafyada k\u00f6k salm\u0131\u015ft\u0131r.<span class=\"excerpt-hellip\"> [\u2026]<\/span><\/p>\n","protected":false},"featured_media":0,"template":"","meta":{"_monsterinsights_skip_tracking":false,"_monsterinsights_sitenote_active":false,"_monsterinsights_sitenote_note":"","_monsterinsights_sitenote_category":0},"product_brand":[],"product_cat":[12312,12304],"product_tag":[],"class_list":{"0":"post-693450","1":"product","2":"type-product","3":"status-publish","5":"product_cat-diger","6":"product_cat-tarih","7":"pa_cilt-ciltsiz","8":"pa_tur-kitap","9":"pa_yayinevi-utopya-yayinevi","10":"pa_yazar-nazmiye-mutluay","12":"first","13":"instock","14":"sale","15":"shipping-taxable","16":"purchasable","17":"product-type-simple"},"_links":{"self":[{"href":"https:\/\/roveyayinevi.com.tr\/index.php\/wp-json\/wp\/v2\/product\/693450","targetHints":{"allow":["GET"]}}],"collection":[{"href":"https:\/\/roveyayinevi.com.tr\/index.php\/wp-json\/wp\/v2\/product"}],"about":[{"href":"https:\/\/roveyayinevi.com.tr\/index.php\/wp-json\/wp\/v2\/types\/product"}],"wp:attachment":[{"href":"https:\/\/roveyayinevi.com.tr\/index.php\/wp-json\/wp\/v2\/media?parent=693450"}],"wp:term":[{"taxonomy":"product_brand","embeddable":true,"href":"https:\/\/roveyayinevi.com.tr\/index.php\/wp-json\/wp\/v2\/product_brand?post=693450"},{"taxonomy":"product_cat","embeddable":true,"href":"https:\/\/roveyayinevi.com.tr\/index.php\/wp-json\/wp\/v2\/product_cat?post=693450"},{"taxonomy":"product_tag","embeddable":true,"href":"https:\/\/roveyayinevi.com.tr\/index.php\/wp-json\/wp\/v2\/product_tag?post=693450"}],"curies":[{"name":"wp","href":"https:\/\/api.w.org\/{rel}","templated":true}]}}