{"id":693449,"date":"2025-08-27T14:14:38","date_gmt":"2025-08-27T11:14:38","guid":{"rendered":"https:\/\/roveyayinevi.com.tr\/index.php\/urun\/kuresellesmeden-sonra-gecis-surecinde-gezintiler\/"},"modified":"2026-01-29T02:05:55","modified_gmt":"2026-01-28T23:05:55","slug":"kuresellesmeden-sonra-gecis-surecinde-gezintiler","status":"publish","type":"product","link":"https:\/\/roveyayinevi.com.tr\/index.php\/urun\/kuresellesmeden-sonra-gecis-surecinde-gezintiler\/","title":{"rendered":"K\u00fcreselle\u015fmeden Sonra  Ge\u00e7i\u015f S\u00fcrecinde Gezintiler"},"content":{"rendered":"<p>Genel, ku\u015fbak\u0131\u015f\u0131 bir yakla\u015f\u0131m, insanl\u0131\u011f\u0131n \u00f6n\u00fcnde ancak k\u00fcresel \u00e7apta, kolekif davran\u0131\u015fla ve do\u011fru planlanm\u0131\u015f bir e\u015fg\u00fcd\u00fcmle al\u0131ncak \u00f6nlemlerin \u00e7\u00f6z\u00fclebilece\u011fi t\u00fcrde sorunlar\u0131n gittik\u00e7e a\u011f\u0131rla\u015farak birikti\u011fini g\u00f6steriyor. Ancak, ac\u0131 olan \u015fu ki, bu uygarl\u0131k, halen, bu sorunlara elbirli\u011fiyle \u00e7\u00f6z\u00fcm bulabilece\u011fi bir noktadan h\u0131zla ba\u015fka bir noktaya do\u011fru ilerliyor. Ekolojik sistemdeki, ekonomik d\u00fczeydeki, insalar\u0131n d\u00fc\u015f\u00fcnce ve inan\u00e7 sistemlerindeki geli\u015fmelerin ula\u015ft\u0131\u011f\u0131 d\u00fczeye bak\u0131nca, bunun i\u00e7inden \u00e7\u0131kmak i\u00e7in hala zaman\u0131m\u0131z\u0131n kal\u0131p kalmad\u0131\u011f\u0131 dahi art\u0131k belli de\u011fildir. Ergin Y\u0131ld\u0131zo\u011flu <\/p>\n","protected":false},"excerpt":{"rendered":"<p>Genel, ku\u015fbak\u0131\u015f\u0131 bir yakla\u015f\u0131m, insanl\u0131\u011f\u0131n \u00f6n\u00fcnde ancak k\u00fcresel \u00e7apta, kolekif davran\u0131\u015fla ve do\u011fru planlanm\u0131\u015f bir e\u015fg\u00fcd\u00fcmle al\u0131ncak \u00f6nlemlerin \u00e7\u00f6z\u00fclebilece\u011fi t\u00fcrde sorunlar\u0131n gittik\u00e7e a\u011f\u0131rla\u015farak birikti\u011fini g\u00f6steriyor. Ancak,<span class=\"excerpt-hellip\"> [\u2026]<\/span><\/p>\n","protected":false},"featured_media":0,"template":"","meta":{"_monsterinsights_skip_tracking":false,"_monsterinsights_sitenote_active":false,"_monsterinsights_sitenote_note":"","_monsterinsights_sitenote_category":0},"product_brand":[],"product_cat":[13596,12337],"product_tag":[],"class_list":{"0":"post-693449","1":"product","2":"type-product","3":"status-publish","5":"product_cat-avrupa-birligi","6":"product_cat-politika-siyaset","7":"pa_cilt-ciltsiz","8":"pa_tur-kitap","9":"pa_yayinevi-utopya-yayinevi","10":"pa_yazar-ergin-yildizoglu","12":"first","13":"instock","14":"sale","15":"shipping-taxable","16":"purchasable","17":"product-type-simple"},"_links":{"self":[{"href":"https:\/\/roveyayinevi.com.tr\/index.php\/wp-json\/wp\/v2\/product\/693449","targetHints":{"allow":["GET"]}}],"collection":[{"href":"https:\/\/roveyayinevi.com.tr\/index.php\/wp-json\/wp\/v2\/product"}],"about":[{"href":"https:\/\/roveyayinevi.com.tr\/index.php\/wp-json\/wp\/v2\/types\/product"}],"wp:attachment":[{"href":"https:\/\/roveyayinevi.com.tr\/index.php\/wp-json\/wp\/v2\/media?parent=693449"}],"wp:term":[{"taxonomy":"product_brand","embeddable":true,"href":"https:\/\/roveyayinevi.com.tr\/index.php\/wp-json\/wp\/v2\/product_brand?post=693449"},{"taxonomy":"product_cat","embeddable":true,"href":"https:\/\/roveyayinevi.com.tr\/index.php\/wp-json\/wp\/v2\/product_cat?post=693449"},{"taxonomy":"product_tag","embeddable":true,"href":"https:\/\/roveyayinevi.com.tr\/index.php\/wp-json\/wp\/v2\/product_tag?post=693449"}],"curies":[{"name":"wp","href":"https:\/\/api.w.org\/{rel}","templated":true}]}}