{"id":693448,"date":"2025-08-27T14:14:38","date_gmt":"2025-08-27T11:14:38","guid":{"rendered":"https:\/\/roveyayinevi.com.tr\/index.php\/urun\/kuresel-intifada\/"},"modified":"2026-01-29T02:05:55","modified_gmt":"2026-01-28T23:05:55","slug":"kuresel-intifada","status":"publish","type":"product","link":"https:\/\/roveyayinevi.com.tr\/index.php\/urun\/kuresel-intifada\/","title":{"rendered":"K\u00fcresel \u0130ntifada"},"content":{"rendered":"<p>\u00dc\u00e7 b\u00f6l\u00fcmden olu\u015fan kitab\u0131n ilk b\u00f6l\u00fcm\u00fc, k\u00fcreslle\u015fmenin liderli\u011fini elden b\u0131rakmak istemeyen ABD\u2019nin Ortado\u011fu\u2019daki emperyalist ser\u00fcveninin tahliline ayr\u0131l\u0131yor. G\u00fcn\u00fcm\u00fczde  B\u00fcy\u00fck Ortado\u011fu Projesi  ad\u0131n\u0131 alan ve  Ortado\u011fu\u2019nun demokratikle\u015ftirilmesi  kisvesi alt\u0131nda b\u00f6lgenin enerji kaynaklar\u0131n\u0131 denetim alt\u0131na almay\u0131 hedefleyen bu emperyalist giri\u015fimin a\u00e7mazlar\u0131 sergilenirken, Filistin direni\u015finin b\u00f6lgedeki ABD-Siyonizm ortakl\u0131\u011f\u0131n\u0131n oyununu bozmadaki \u00f6nemi vurgulan\u0131yor&#8230; <\/p>\n","protected":false},"excerpt":{"rendered":"<p>\u00dc\u00e7 b\u00f6l\u00fcmden olu\u015fan kitab\u0131n ilk b\u00f6l\u00fcm\u00fc, k\u00fcreslle\u015fmenin liderli\u011fini elden b\u0131rakmak istemeyen ABD\u2019nin Ortado\u011fu\u2019daki emperyalist ser\u00fcveninin tahliline ayr\u0131l\u0131yor. G\u00fcn\u00fcm\u00fczde B\u00fcy\u00fck Ortado\u011fu Projesi ad\u0131n\u0131 alan ve Ortado\u011fu\u2019nun demokratikle\u015ftirilmesi<span class=\"excerpt-hellip\"> [\u2026]<\/span><\/p>\n","protected":false},"featured_media":0,"template":"","meta":{"_monsterinsights_skip_tracking":false,"_monsterinsights_sitenote_active":false,"_monsterinsights_sitenote_note":"","_monsterinsights_sitenote_category":0},"product_brand":[],"product_cat":[13596,12337],"product_tag":[],"class_list":{"0":"post-693448","1":"product","2":"type-product","3":"status-publish","5":"product_cat-avrupa-birligi","6":"product_cat-politika-siyaset","7":"pa_cilt-ciltsiz","8":"pa_tur-kitap","9":"pa_yayinevi-utopya-yayinevi","10":"pa_yazar-temel-demirer","12":"first","13":"instock","14":"sale","15":"shipping-taxable","16":"purchasable","17":"product-type-simple"},"_links":{"self":[{"href":"https:\/\/roveyayinevi.com.tr\/index.php\/wp-json\/wp\/v2\/product\/693448","targetHints":{"allow":["GET"]}}],"collection":[{"href":"https:\/\/roveyayinevi.com.tr\/index.php\/wp-json\/wp\/v2\/product"}],"about":[{"href":"https:\/\/roveyayinevi.com.tr\/index.php\/wp-json\/wp\/v2\/types\/product"}],"wp:attachment":[{"href":"https:\/\/roveyayinevi.com.tr\/index.php\/wp-json\/wp\/v2\/media?parent=693448"}],"wp:term":[{"taxonomy":"product_brand","embeddable":true,"href":"https:\/\/roveyayinevi.com.tr\/index.php\/wp-json\/wp\/v2\/product_brand?post=693448"},{"taxonomy":"product_cat","embeddable":true,"href":"https:\/\/roveyayinevi.com.tr\/index.php\/wp-json\/wp\/v2\/product_cat?post=693448"},{"taxonomy":"product_tag","embeddable":true,"href":"https:\/\/roveyayinevi.com.tr\/index.php\/wp-json\/wp\/v2\/product_tag?post=693448"}],"curies":[{"name":"wp","href":"https:\/\/api.w.org\/{rel}","templated":true}]}}