{"id":693447,"date":"2025-08-27T14:14:37","date_gmt":"2025-08-27T11:14:37","guid":{"rendered":"https:\/\/roveyayinevi.com.tr\/index.php\/urun\/yeni-duzensizlikden-baskaldiriya\/"},"modified":"2026-01-29T02:05:55","modified_gmt":"2026-01-28T23:05:55","slug":"yeni-duzensizlikden-baskaldiriya","status":"publish","type":"product","link":"https:\/\/roveyayinevi.com.tr\/index.php\/urun\/yeni-duzensizlikden-baskaldiriya\/","title":{"rendered":"Yeni D\u00fczen(sizlik)\u2019den Ba\u015fkald\u0131r\u0131ya"},"content":{"rendered":"<p>Kitab\u0131n ilk iki b\u00f6l\u00fcm\u00fc, kapitalist k\u00fcreselle\u015fmenin sald\u0131r\u0131s\u0131 alt\u0131ndaki d\u00fcnyadan ve T\u00fcrkiye&#8217;den karelerle neoliberalizmin toplumsal ve k\u00fclt\u00fcrel ya\u015fam\u0131 s\u00fcr\u00fckledi\u011fi y\u0131k\u0131m\u0131n bir d\u00f6k\u00fcm\u00fcn\u00fc yap\u0131yor. Farkl\u0131 makaleler, b\u00f6ylece mafya ve uyu\u015fturucu ticaretinden postmodernist k\u00f6rle\u015fmeye, kad\u0131nlar\u0131n &#8220;YDD&#8221; ko\u015fullar\u0131ndaki yoksulla\u015fma ve yoksunla\u015fmas\u0131ndan k\u00fclt\u00fcrel y\u0131k\u0131ma, k\u0131rsal\u0131n \u00e7\u00f6k\u00fc\u015f\u00fcnden kamusal\u0131n imhas\u0131na birbirinden ba\u011f\u0131ms\u0131z gibi g\u00f6r\u00fcnen g\u00f6r\u00fcng\u00fcler aras\u0131ndaki ba\u011flar\u0131 okurun g\u00f6zleri \u00f6n\u00fcne seriyor. Ve insanl\u0131\u011f\u0131n i\u00e7ine s\u00fcr\u00fcklendi\u011fi cinnetin failine i\u015faret ediyor: kapitalist k\u00fcreselle\u015fme.\u00dc\u00e7\u00fcnc\u00fc b\u00f6l\u00fcm ise, ABD&#8217;nin Ortado\u011fu&#8217;da tesis etmeye \u00e7abalad\u0131\u011f\u0131 &#8220;Pax Americana&#8221;n\u0131n \u00e7\u0131kmazlar\u0131, ve b\u00f6lgedeki akt\u00f6rlere \u00f6zellikle de K\u00fcrtlere y\u00fcklemeyi hedefledi\u011fi yeni misyonun tehlikelerine dikkat \u00e7ekerek b\u00f6lgenin devrimci dinamiklerini de\u011ferlendiriyor.ABD Imperium&#8217;u kar\u015f\u0131s\u0131ndaki teslimiyet\u00e7i post-modern siyasalara y\u00f6nelik ele\u015ftirilere a\u011f\u0131rl\u0131k veren d\u00f6rd\u00fcnc\u00fc b\u00f6l\u00fcm\u00fcn ard\u0131ndan, yazarlar, neo-liberalizme kar\u015f\u0131 y\u00fckselen k\u00fcresel muhalefetin s\u0131n\u0131rl\u0131l\u0131k ve olanaklar\u0131n\u0131 irdeliyor, topyekun bir direni\u015fe \u00e7a\u011fr\u0131 \u00e7\u0131kart\u0131yorlar. <\/p>\n","protected":false},"excerpt":{"rendered":"<p>Kitab\u0131n ilk iki b\u00f6l\u00fcm\u00fc, kapitalist k\u00fcreselle\u015fmenin sald\u0131r\u0131s\u0131 alt\u0131ndaki d\u00fcnyadan ve T\u00fcrkiye&#8217;den karelerle neoliberalizmin toplumsal ve k\u00fclt\u00fcrel ya\u015fam\u0131 s\u00fcr\u00fckledi\u011fi y\u0131k\u0131m\u0131n bir d\u00f6k\u00fcm\u00fcn\u00fc yap\u0131yor. Farkl\u0131 makaleler, b\u00f6ylece mafya<span class=\"excerpt-hellip\"> [\u2026]<\/span><\/p>\n","protected":false},"featured_media":0,"template":"","meta":{"_monsterinsights_skip_tracking":false,"_monsterinsights_sitenote_active":false,"_monsterinsights_sitenote_note":"","_monsterinsights_sitenote_category":0},"product_brand":[],"product_cat":[12338,12337],"product_tag":[],"class_list":{"0":"post-693447","1":"product","2":"type-product","3":"status-publish","5":"product_cat-dunya-siyaseti-ve-politikasi","6":"product_cat-politika-siyaset","7":"pa_cilt-ciltsiz","8":"pa_tur-kitap","9":"pa_yayinevi-utopya-yayinevi","10":"pa_yazar-kolektif","12":"first","13":"instock","14":"sale","15":"shipping-taxable","16":"purchasable","17":"product-type-simple"},"_links":{"self":[{"href":"https:\/\/roveyayinevi.com.tr\/index.php\/wp-json\/wp\/v2\/product\/693447","targetHints":{"allow":["GET"]}}],"collection":[{"href":"https:\/\/roveyayinevi.com.tr\/index.php\/wp-json\/wp\/v2\/product"}],"about":[{"href":"https:\/\/roveyayinevi.com.tr\/index.php\/wp-json\/wp\/v2\/types\/product"}],"wp:attachment":[{"href":"https:\/\/roveyayinevi.com.tr\/index.php\/wp-json\/wp\/v2\/media?parent=693447"}],"wp:term":[{"taxonomy":"product_brand","embeddable":true,"href":"https:\/\/roveyayinevi.com.tr\/index.php\/wp-json\/wp\/v2\/product_brand?post=693447"},{"taxonomy":"product_cat","embeddable":true,"href":"https:\/\/roveyayinevi.com.tr\/index.php\/wp-json\/wp\/v2\/product_cat?post=693447"},{"taxonomy":"product_tag","embeddable":true,"href":"https:\/\/roveyayinevi.com.tr\/index.php\/wp-json\/wp\/v2\/product_tag?post=693447"}],"curies":[{"name":"wp","href":"https:\/\/api.w.org\/{rel}","templated":true}]}}