{"id":693446,"date":"2025-08-27T14:14:37","date_gmt":"2025-08-27T11:14:37","guid":{"rendered":"https:\/\/roveyayinevi.com.tr\/index.php\/urun\/kul-tebaa-yurttas\/"},"modified":"2026-01-29T02:05:55","modified_gmt":"2026-01-28T23:05:55","slug":"kul-tebaa-yurttas","status":"publish","type":"product","link":"https:\/\/roveyayinevi.com.tr\/index.php\/urun\/kul-tebaa-yurttas\/","title":{"rendered":"Kul Tebaa Yurtta\u015f"},"content":{"rendered":"<p>Fatma G\u00fcrses, bu \u00e7al\u0131\u015fmas\u0131nda yurtta\u015fl\u0131k kitaplar\u0131 \u00fczerinden anlamland\u0131rman\u0131n nas\u0131l ger\u00e7ekle\u015fti\u011fini detayland\u0131r\u0131yor. Bug\u00fcnden bak\u0131larak geriye d\u00f6n\u00fck bir okuma yap\u0131l\u0131yor. Cumhuriyet tarihinin ba\u015f\u0131ndan beri nas\u0131l bir yurtta\u015f olu\u015fturulmak istendi, i\u00e7erikte neler \u00f6n plana \u00e7\u0131kar\u0131ld\u0131, anlamland\u0131rmalar nas\u0131l yap\u0131ld\u0131 sorular\u0131 soruluyor ve yan\u0131tland\u0131r\u0131l\u0131yor. Bu sorular\u0131n yan\u0131tlar\u0131 kitaplar\u0131n zaman i\u00e7indeki de\u011fi\u015fimi g\u00f6zetilerek, siyasal de\u011fi\u015fimlerin belirleyicili\u011fi \u00fczerinden aran\u0131yor. Farkl\u0131 zaman dilimleri siyasal iktidar de\u011fi\u015fiklikleri \u00fczerinden tayin edilmi\u015f. Tek parti y\u00f6netiminin egemen oldu\u011fu d\u00f6nemlerde yaz\u0131lan kitaplarda parti zihniyetinin belirleyicili\u011fi kitaplarda yaz\u0131lanlar\u0131n gerisindeki politikaya da yans\u0131yor. \u00c7ok partili d\u00f6nemde iktidar\u0131n de\u011fi\u015fmesi ve Demokrat Parti\u2019nin iktidara geli\u015fi ile yurtta\u015fl\u0131k kavram\u0131n\u0131n i\u00e7eri\u011finde bir de\u011fi\u015fimin olup olmad\u0131\u011f\u0131, daha sonraki siyasal ortam\u0131n farkl\u0131 d\u00fc\u015f\u00fcncelerin devreye girmesiyle kavramdaki alg\u0131lama ve beklentinin farkl\u0131la\u015fmas\u0131 yine farkl\u0131 d\u00f6nemlerde yay\u0131nlanan kitaplar \u00fczerinden inceleniyor. \u00d6zetle toplumdaki zihniyet de\u011fi\u015fimi, egemen gruplar\u0131n bu de\u011fi\u015fimdeki belirleyicili\u011fi ve yeni yaz\u0131lan kitaplara yans\u0131mas\u0131 inceleme sonucunda ortaya \u00e7\u0131kan verilerin kategorize edilmesiyle netle\u015fiyor. -Prof. Dr. Nilg\u00fcn G\u00fcrkan Pazarc\u0131- <\/p>\n","protected":false},"excerpt":{"rendered":"<p>Fatma G\u00fcrses, bu \u00e7al\u0131\u015fmas\u0131nda yurtta\u015fl\u0131k kitaplar\u0131 \u00fczerinden anlamland\u0131rman\u0131n nas\u0131l ger\u00e7ekle\u015fti\u011fini detayland\u0131r\u0131yor. Bug\u00fcnden bak\u0131larak geriye d\u00f6n\u00fck bir okuma yap\u0131l\u0131yor. Cumhuriyet tarihinin ba\u015f\u0131ndan beri nas\u0131l bir yurtta\u015f olu\u015fturulmak<span class=\"excerpt-hellip\"> [\u2026]<\/span><\/p>\n","protected":false},"featured_media":0,"template":"","meta":{"_monsterinsights_skip_tracking":false,"_monsterinsights_sitenote_active":false,"_monsterinsights_sitenote_note":"","_monsterinsights_sitenote_category":0},"product_brand":[],"product_cat":[13278,12324],"product_tag":[],"class_list":{"0":"post-693446","1":"product","2":"type-product","3":"status-publish","5":"product_cat-sivil-toplum-kuruluslari","6":"product_cat-sosyoloji","7":"pa_cilt-ciltsiz","8":"pa_tur-kitap","9":"pa_yayinevi-utopya-yayinevi","10":"pa_yazar-fatma-gurses","12":"first","13":"instock","14":"sale","15":"shipping-taxable","16":"purchasable","17":"product-type-simple"},"_links":{"self":[{"href":"https:\/\/roveyayinevi.com.tr\/index.php\/wp-json\/wp\/v2\/product\/693446","targetHints":{"allow":["GET"]}}],"collection":[{"href":"https:\/\/roveyayinevi.com.tr\/index.php\/wp-json\/wp\/v2\/product"}],"about":[{"href":"https:\/\/roveyayinevi.com.tr\/index.php\/wp-json\/wp\/v2\/types\/product"}],"wp:attachment":[{"href":"https:\/\/roveyayinevi.com.tr\/index.php\/wp-json\/wp\/v2\/media?parent=693446"}],"wp:term":[{"taxonomy":"product_brand","embeddable":true,"href":"https:\/\/roveyayinevi.com.tr\/index.php\/wp-json\/wp\/v2\/product_brand?post=693446"},{"taxonomy":"product_cat","embeddable":true,"href":"https:\/\/roveyayinevi.com.tr\/index.php\/wp-json\/wp\/v2\/product_cat?post=693446"},{"taxonomy":"product_tag","embeddable":true,"href":"https:\/\/roveyayinevi.com.tr\/index.php\/wp-json\/wp\/v2\/product_tag?post=693446"}],"curies":[{"name":"wp","href":"https:\/\/api.w.org\/{rel}","templated":true}]}}