{"id":693445,"date":"2025-08-27T14:14:37","date_gmt":"2025-08-27T11:14:37","guid":{"rendered":"https:\/\/roveyayinevi.com.tr\/index.php\/urun\/kovboyun-somurge-imparatorlugu\/"},"modified":"2026-01-29T02:05:55","modified_gmt":"2026-01-28T23:05:55","slug":"kovboyun-somurge-imparatorlugu","status":"publish","type":"product","link":"https:\/\/roveyayinevi.com.tr\/index.php\/urun\/kovboyun-somurge-imparatorlugu\/","title":{"rendered":"Kovboyun S\u00f6m\u00fcrge \u0130mparatorlu\u011fu"},"content":{"rendered":"<p>ABD\u2019nin 11 Eyl\u00fcl sald\u0131r\u0131s\u0131ndan sonra hayata ge\u00e7irmeye soyundu\u011fu \u2018\u2018D\u00fcnya \u0130mparatorlu\u011fu\u2019\u2019 distopyas\u0131n\u0131n analiz edildi\u011fi bu yap\u0131tta, farkl\u0131 uluslardan yazarlardan, ABD giri\u015fiminin arka plan\u0131n\u0131 irdeleyen yaz\u0131lar yer al\u0131yor. ABD\u2019nin yeni ve kanl\u0131 projesini sava\u015flarla hayata ge\u00e7irmeye te\u015febb\u00fcs edece\u011fini vurgulayan yazarlar, bu sald\u0131rganl\u0131\u011fa kar\u015f\u0131 durman\u0131n \u00f6nemini vurguluyorlar. ABD\u2019nin sava\u015f ve emperyal yay\u0131lma \u00e7\u0131\u011f\u0131rtkanlar\u0131n\u0131n apolojilerinin de yer ald\u0131\u011f\u0131 kitapta, d\u00fcnyan\u0131n d\u00f6rt buca\u011f\u0131ndan, ABD patentli bu k\u0131yamet ser\u00fcvenine kar\u015f\u0131 duran seslere kulak veriliyor. <\/p>\n","protected":false},"excerpt":{"rendered":"<p>ABD\u2019nin 11 Eyl\u00fcl sald\u0131r\u0131s\u0131ndan sonra hayata ge\u00e7irmeye soyundu\u011fu \u2018\u2018D\u00fcnya \u0130mparatorlu\u011fu\u2019\u2019 distopyas\u0131n\u0131n analiz edildi\u011fi bu yap\u0131tta, farkl\u0131 uluslardan yazarlardan, ABD giri\u015fiminin arka plan\u0131n\u0131 irdeleyen yaz\u0131lar yer al\u0131yor.<span class=\"excerpt-hellip\"> [\u2026]<\/span><\/p>\n","protected":false},"featured_media":0,"template":"","meta":{"_monsterinsights_skip_tracking":false,"_monsterinsights_sitenote_active":false,"_monsterinsights_sitenote_note":"","_monsterinsights_sitenote_category":0},"product_brand":[],"product_cat":[12337,14543],"product_tag":[],"class_list":{"0":"post-693445","1":"product","2":"type-product","3":"status-publish","5":"product_cat-politika-siyaset","6":"product_cat-turkiye-siyaseti-ve-politikasi","7":"pa_cilt-ciltsiz","8":"pa_tur-kitap","9":"pa_yayinevi-utopya-yayinevi","10":"pa_yazar-kolektif","12":"first","13":"instock","14":"sale","15":"shipping-taxable","16":"purchasable","17":"product-type-simple"},"_links":{"self":[{"href":"https:\/\/roveyayinevi.com.tr\/index.php\/wp-json\/wp\/v2\/product\/693445","targetHints":{"allow":["GET"]}}],"collection":[{"href":"https:\/\/roveyayinevi.com.tr\/index.php\/wp-json\/wp\/v2\/product"}],"about":[{"href":"https:\/\/roveyayinevi.com.tr\/index.php\/wp-json\/wp\/v2\/types\/product"}],"wp:attachment":[{"href":"https:\/\/roveyayinevi.com.tr\/index.php\/wp-json\/wp\/v2\/media?parent=693445"}],"wp:term":[{"taxonomy":"product_brand","embeddable":true,"href":"https:\/\/roveyayinevi.com.tr\/index.php\/wp-json\/wp\/v2\/product_brand?post=693445"},{"taxonomy":"product_cat","embeddable":true,"href":"https:\/\/roveyayinevi.com.tr\/index.php\/wp-json\/wp\/v2\/product_cat?post=693445"},{"taxonomy":"product_tag","embeddable":true,"href":"https:\/\/roveyayinevi.com.tr\/index.php\/wp-json\/wp\/v2\/product_tag?post=693445"}],"curies":[{"name":"wp","href":"https:\/\/api.w.org\/{rel}","templated":true}]}}