{"id":693444,"date":"2025-08-27T14:14:37","date_gmt":"2025-08-27T11:14:37","guid":{"rendered":"https:\/\/roveyayinevi.com.tr\/index.php\/urun\/kolombiya-daglarinin-isyanci-onderi-manuel-marulanda-velez\/"},"modified":"2026-01-29T02:05:55","modified_gmt":"2026-01-28T23:05:55","slug":"kolombiya-daglarinin-isyanci-onderi-manuel-marulanda-velez","status":"publish","type":"product","link":"https:\/\/roveyayinevi.com.tr\/index.php\/urun\/kolombiya-daglarinin-isyanci-onderi-manuel-marulanda-velez\/","title":{"rendered":"Kolombiya Da\u011flar\u0131n\u0131n \u0130syanc\u0131 \u00d6nderi: Manuel Marulanda Velez"},"content":{"rendered":"<p>Elinizdeki bu kitap, bitmez t\u00fckenmez enerjisiyle on sekiz ya\u015f\u0131na kadar bir\u00e7ok i\u015fte \u00e7al\u0131\u015fm\u0131\u015f gen\u00e7 bir Kolombiya k\u00f6yl\u00fcs\u00fcn\u00fcn, fa\u015fist Kolombiya rejiminin devrimcileri, liberalleri, k\u00f6yl\u00fcleri katletmek, onlar\u0131n topraklar\u0131n\u0131 ve k\u00fc\u00e7\u00fck m\u00fclklerini ya\u011fmalamak i\u00e7in \u00e7\u0131kt\u0131\u011f\u0131 s\u00fcrek av\u0131na nas\u0131l kar\u015f\u0131 koydu\u011funu, 1948 ko\u015fullar\u0131ndan nas\u0131l s\u0131f\u0131rdan \u00fclkesinin \u00f6zg\u00fcr k\u00f6yl\u00fcl\u00fc\u011f\u00fcn\u00fc ve devrimci m\u00fccadelesini ayaklar\u0131 \u00fczerine dikti\u011finin ger\u00e7ek hik\u00e2yesidir. 60 y\u0131ll\u0131k devrimci m\u00fccadelesiyle, 1948\u2019de 25 ki\u015fiyle ba\u015flad\u0131\u011f\u0131 bu yolculu\u011fu, 26 Mart 2008\u2019de, bug\u00fcn \u00fclkenin \u00fc\u00e7te birini kontrol eden, 20.000 ki\u015filik bir gerilla ordusunu olu\u015fturarak tamamlam\u0131\u015ft\u0131r. Ayr\u0131ca \u015fehirlerde, binlerce militandan olu\u015fan h\u00fccreler bi\u00e7iminde \u00f6rg\u00fctlenmi\u015f, tamamen gizli \u00e7al\u0131\u015fan bir in\u015fa etmi\u015ftir. Bunun yan\u0131nda, sadece Kolombiya\u2019n\u0131n \u015fehirlerine de\u011fil, b\u00fct\u00fcn k\u0131tan\u0131n devrimci damarlar\u0131na kan veren g\u00fc\u00e7l\u00fc bir  Bolivarc\u0131 Kitle Hareketi  yaratm\u0131\u015ft\u0131r. Ana kitle taban\u0131, t\u0131pk\u0131 \u00fclkemizdeki K\u00fcrt halk m\u00fccadelesi gibi k\u00f6yl\u00fcl\u00fck ve devrimci gen\u00e7lik olan FARC-EP g\u00fc\u00e7l\u00fc bir direni\u015f gelene\u011fine sahiptir. Bu 44 y\u0131ll\u0131k direni\u015f tarihi, Manuel Marulanda V\u00e8lez taraf\u0131ndan ilmek ilmek sab\u0131rla \u00f6r\u00fclm\u00fc\u015ft\u00fcr. Bu kitap bu b\u00fcy\u00fck devrimcinin an\u0131s\u0131na ve onun m\u00fccadelesini bilince \u00e7\u0131karma amac\u0131yla haz\u0131rlanm\u0131\u015ft\u0131r&#8230; <\/p>\n","protected":false},"excerpt":{"rendered":"<p>Elinizdeki bu kitap, bitmez t\u00fckenmez enerjisiyle on sekiz ya\u015f\u0131na kadar bir\u00e7ok i\u015fte \u00e7al\u0131\u015fm\u0131\u015f gen\u00e7 bir Kolombiya k\u00f6yl\u00fcs\u00fcn\u00fcn, fa\u015fist Kolombiya rejiminin devrimcileri, liberalleri, k\u00f6yl\u00fcleri katletmek, onlar\u0131n topraklar\u0131n\u0131<span class=\"excerpt-hellip\"> [\u2026]<\/span><\/p>\n","protected":false},"featured_media":0,"template":"","meta":{"_monsterinsights_skip_tracking":false,"_monsterinsights_sitenote_active":false,"_monsterinsights_sitenote_note":"","_monsterinsights_sitenote_category":0},"product_brand":[],"product_cat":[12351,12324],"product_tag":[],"class_list":{"0":"post-693444","1":"product","2":"type-product","3":"status-publish","5":"product_cat-siyaset-sosyolojisi","6":"product_cat-sosyoloji","7":"pa_cilt-ciltsiz","8":"pa_tur-kitap","9":"pa_yayinevi-utopya-yayinevi","10":"pa_yazar-derleme","12":"first","13":"instock","14":"sale","15":"shipping-taxable","16":"purchasable","17":"product-type-simple"},"_links":{"self":[{"href":"https:\/\/roveyayinevi.com.tr\/index.php\/wp-json\/wp\/v2\/product\/693444","targetHints":{"allow":["GET"]}}],"collection":[{"href":"https:\/\/roveyayinevi.com.tr\/index.php\/wp-json\/wp\/v2\/product"}],"about":[{"href":"https:\/\/roveyayinevi.com.tr\/index.php\/wp-json\/wp\/v2\/types\/product"}],"wp:attachment":[{"href":"https:\/\/roveyayinevi.com.tr\/index.php\/wp-json\/wp\/v2\/media?parent=693444"}],"wp:term":[{"taxonomy":"product_brand","embeddable":true,"href":"https:\/\/roveyayinevi.com.tr\/index.php\/wp-json\/wp\/v2\/product_brand?post=693444"},{"taxonomy":"product_cat","embeddable":true,"href":"https:\/\/roveyayinevi.com.tr\/index.php\/wp-json\/wp\/v2\/product_cat?post=693444"},{"taxonomy":"product_tag","embeddable":true,"href":"https:\/\/roveyayinevi.com.tr\/index.php\/wp-json\/wp\/v2\/product_tag?post=693444"}],"curies":[{"name":"wp","href":"https:\/\/api.w.org\/{rel}","templated":true}]}}