{"id":693441,"date":"2025-08-27T14:14:36","date_gmt":"2025-08-27T11:14:36","guid":{"rendered":"https:\/\/roveyayinevi.com.tr\/index.php\/urun\/beckett-ve-genet-tancada-bir-cay\/"},"modified":"2025-11-22T02:28:32","modified_gmt":"2025-11-21T23:28:32","slug":"beckett-ve-genet-tancada-bir-cay","status":"publish","type":"product","link":"https:\/\/roveyayinevi.com.tr\/index.php\/urun\/beckett-ve-genet-tancada-bir-cay\/","title":{"rendered":"Beckett ve Genet &#8211; Tanca\u2019da Bir \u00c7ay"},"content":{"rendered":"<p>Fas\u2019\u0131n Tanca \u015fehrinde, \u00e2\u015f\u0131klar\u0131n, turistlerin ve entelekt\u00fcellerin m\u00fcdavimi oldu\u011fu denize naz\u0131r \u00fcnl\u00fc Hafa Kahvesi. Tara\u00e7alardaki masalarda naneli \u00e7aylar\u0131n\u0131 yudumlayan gen\u00e7lerin aras\u0131nda tan\u0131d\u0131k bir sima, Jean Genet, t\u00fcm ek\u015fili\u011fi ve enerjisiyle siyah tarafta hayata diklenmekte. <\/p>\n","protected":false},"excerpt":{"rendered":"<p>Fas\u2019\u0131n Tanca \u015fehrinde, \u00e2\u015f\u0131klar\u0131n, turistlerin ve entelekt\u00fcellerin m\u00fcdavimi oldu\u011fu denize naz\u0131r \u00fcnl\u00fc Hafa Kahvesi. Tara\u00e7alardaki masalarda naneli \u00e7aylar\u0131n\u0131 yudumlayan gen\u00e7lerin aras\u0131nda tan\u0131d\u0131k bir sima, Jean Genet,<span class=\"excerpt-hellip\"> [\u2026]<\/span><\/p>\n","protected":false},"featured_media":0,"template":"","meta":{"_monsterinsights_skip_tracking":false,"_monsterinsights_sitenote_active":false,"_monsterinsights_sitenote_note":"","_monsterinsights_sitenote_category":0},"product_brand":[],"product_cat":[14009,12291],"product_tag":[],"class_list":{"0":"post-693441","1":"product","2":"type-product","3":"status-publish","5":"product_cat-biyografi-otobiyografi-edebiyat","6":"product_cat-edebiyat","7":"pa_tur-kitap","8":"pa_yayinevi-sel-yayincilik","9":"pa_yazar-tahar-ben-jelloun","11":"first","12":"instock","13":"sale","14":"shipping-taxable","15":"purchasable","16":"product-type-simple"},"_links":{"self":[{"href":"https:\/\/roveyayinevi.com.tr\/index.php\/wp-json\/wp\/v2\/product\/693441","targetHints":{"allow":["GET"]}}],"collection":[{"href":"https:\/\/roveyayinevi.com.tr\/index.php\/wp-json\/wp\/v2\/product"}],"about":[{"href":"https:\/\/roveyayinevi.com.tr\/index.php\/wp-json\/wp\/v2\/types\/product"}],"wp:attachment":[{"href":"https:\/\/roveyayinevi.com.tr\/index.php\/wp-json\/wp\/v2\/media?parent=693441"}],"wp:term":[{"taxonomy":"product_brand","embeddable":true,"href":"https:\/\/roveyayinevi.com.tr\/index.php\/wp-json\/wp\/v2\/product_brand?post=693441"},{"taxonomy":"product_cat","embeddable":true,"href":"https:\/\/roveyayinevi.com.tr\/index.php\/wp-json\/wp\/v2\/product_cat?post=693441"},{"taxonomy":"product_tag","embeddable":true,"href":"https:\/\/roveyayinevi.com.tr\/index.php\/wp-json\/wp\/v2\/product_tag?post=693441"}],"curies":[{"name":"wp","href":"https:\/\/api.w.org\/{rel}","templated":true}]}}