{"id":693440,"date":"2025-08-27T14:14:36","date_gmt":"2025-08-27T11:14:36","guid":{"rendered":"https:\/\/roveyayinevi.com.tr\/index.php\/urun\/televizyon-temsil-kultur\/"},"modified":"2026-01-29T02:05:55","modified_gmt":"2026-01-28T23:05:55","slug":"televizyon-temsil-kultur","status":"publish","type":"product","link":"https:\/\/roveyayinevi.com.tr\/index.php\/urun\/televizyon-temsil-kultur\/","title":{"rendered":"Televizyon Temsil K\u00fclt\u00fcr"},"content":{"rendered":"<p>Televizyonun k\u00fclt\u00fcr ve toplum ya\u015fant\u0131s\u0131yla ili\u015fkisi gerilimli bir ili\u015fkidir; televizyon, hem ortak anlamland\u0131rma sisteminin dili olarak her zaman \u2018k\u00fclt\u00fcr\u2019d\u00fcr, hem de k\u00fclt\u00fcr ve toplum ya\u015fant\u0131s\u0131n\u0131, ideal bir bi\u00e7imde temsil edemeyece\u011fi i\u00e7in hi\u00e7bir zaman gere\u011fince k\u00fclt\u00fcr de\u011fil(mi\u015f) gibidir. Bu nedenle televizyon temsili, bir yandan s\u0131kl\u0131kla toplum ve k\u00fclt\u00fcr\u00fc yerellikleri i\u00e7inde yans\u0131tmad\u0131\u011f\u0131 temelinde ele\u015ftirilirken bir yandan da ka\u00e7\u0131n\u0131lmaz bir bi\u00e7imde anlam \u00fcretimini k\u00fclt\u00fcr\u00fcn s\u0131n\u0131rlar\u0131na ba\u011flayan yerel bir vurguya sahiptir. Bu kitap, televizyonda anlam \u00fcretiminin toplum ve k\u00fclt\u00fcr ya\u015fant\u0131s\u0131yla olan bu gerilimli ili\u015fkisi \u00e7er\u00e7evesinde, ulusal televizyonun 90\u2019l\u0131 y\u0131llar\u0131m\u0131z\u0131 niteleyen geli\u015fmeler ve toplumsal duygu yap\u0131s\u0131yla girdi\u011fi karma\u015f\u0131k etkile\u015fimi de\u011ferlendiriyor. Sevilay \u00c7elenk\u2019e g\u00f6re T\u00fcrkiye\u2019de televizyon, bir kitle ileti\u015fim arac\u0131 olarak, \u2018hakiki de\u011feri\u2019nin de \u00f6tesinde bir \u00f6neme sahip. 1980 sonras\u0131n\u0131n \u2018bireycili\u011fin kutsanmas\u0131\u2019 ile nitelenen ortak ya\u015fam d\u00fcnyas\u0131nda, muteber bir \u2018birey\u2019 kimli\u011fi ger\u00e7ekle\u015ftirmenin ko\u015fullar\u0131na sahip olamayan geni\u015f toplum kesimleri i\u00e7in televizyon, cinsellik ve erotizmden ba\u015flayarak aidiyet ili\u015fkileri ve kimlik kurgular\u0131na kadar pek \u00e7ok \u015feyi ikame eden bir g\u00f6r\u00fcn\u00fcm \u00e7iziyor; dola\u015f\u0131ma soktu\u011fu kurmaca hikayeler arac\u0131l\u0131\u011f\u0131yla izleyicide, \u2018vekaleten ya\u015famak y\u00f6n\u00fcnde bir arzu\u2019yu k\u0131\u015fk\u0131rt\u0131yor. Yazar, toplumsala dair bir anlat\u0131, bir sociolect olarak de\u011ferlendirme e\u011filiminde oldu\u011fu ulusal yay\u0131n ak\u0131\u015f\u0131n\u0131, on iki y\u0131ll\u0131k bir s\u00fcre\u00e7te derinlemesine incelerken, ekrandan yay\u0131lan \u0131\u015f\u0131\u011fn\u0131 g\u00f6zleri kama\u015ft\u0131rarak karanl\u0131\u011fa hapsetti\u011fi stratejileri, ak\u0131\u015f planlamay\u0131 ve program t\u00fcrlerinin ortak ya\u015fam d\u00fcnyam\u0131zla kurdu\u011fu gizemli ili\u015fkiyi okurun g\u00f6r\u00fc\u015f alan\u0131na \u00e7\u0131kar\u0131yor. <\/p>\n","protected":false},"excerpt":{"rendered":"<p>Televizyonun k\u00fclt\u00fcr ve toplum ya\u015fant\u0131s\u0131yla ili\u015fkisi gerilimli bir ili\u015fkidir; televizyon, hem ortak anlamland\u0131rma sisteminin dili olarak her zaman \u2018k\u00fclt\u00fcr\u2019d\u00fcr, hem de k\u00fclt\u00fcr ve toplum ya\u015fant\u0131s\u0131n\u0131, ideal<span class=\"excerpt-hellip\"> [\u2026]<\/span><\/p>\n","protected":false},"featured_media":0,"template":"","meta":{"_monsterinsights_skip_tracking":false,"_monsterinsights_sitenote_active":false,"_monsterinsights_sitenote_note":"","_monsterinsights_sitenote_category":0},"product_brand":[],"product_cat":[22061,13488],"product_tag":[],"class_list":{"0":"post-693440","1":"product","2":"type-product","3":"status-publish","5":"product_cat-sosyal-medya-ve-iletisim","6":"product_cat-toplum-ve-insan","7":"pa_cilt-ciltsiz","8":"pa_tur-kitap","9":"pa_yayinevi-utopya-yayinevi","10":"pa_yazar-sevilay-celenk","12":"first","13":"instock","14":"sale","15":"shipping-taxable","16":"purchasable","17":"product-type-simple"},"_links":{"self":[{"href":"https:\/\/roveyayinevi.com.tr\/index.php\/wp-json\/wp\/v2\/product\/693440","targetHints":{"allow":["GET"]}}],"collection":[{"href":"https:\/\/roveyayinevi.com.tr\/index.php\/wp-json\/wp\/v2\/product"}],"about":[{"href":"https:\/\/roveyayinevi.com.tr\/index.php\/wp-json\/wp\/v2\/types\/product"}],"wp:attachment":[{"href":"https:\/\/roveyayinevi.com.tr\/index.php\/wp-json\/wp\/v2\/media?parent=693440"}],"wp:term":[{"taxonomy":"product_brand","embeddable":true,"href":"https:\/\/roveyayinevi.com.tr\/index.php\/wp-json\/wp\/v2\/product_brand?post=693440"},{"taxonomy":"product_cat","embeddable":true,"href":"https:\/\/roveyayinevi.com.tr\/index.php\/wp-json\/wp\/v2\/product_cat?post=693440"},{"taxonomy":"product_tag","embeddable":true,"href":"https:\/\/roveyayinevi.com.tr\/index.php\/wp-json\/wp\/v2\/product_tag?post=693440"}],"curies":[{"name":"wp","href":"https:\/\/api.w.org\/{rel}","templated":true}]}}