{"id":693438,"date":"2025-08-27T14:14:35","date_gmt":"2025-08-27T11:14:35","guid":{"rendered":"https:\/\/roveyayinevi.com.tr\/index.php\/urun\/antigoniden-burgaza-kucuk-bir-adanin-hikayesi\/"},"modified":"2026-04-16T02:03:09","modified_gmt":"2026-04-15T23:03:09","slug":"antigoniden-burgaza-kucuk-bir-adanin-hikayesi","status":"publish","type":"product","link":"https:\/\/roveyayinevi.com.tr\/index.php\/urun\/antigoniden-burgaza-kucuk-bir-adanin-hikayesi\/","title":{"rendered":"Antigoni\u2019den Burgaz\u2019a K\u00fc\u00e7\u00fck Bir Adan\u0131n Hikayesi"},"content":{"rendered":"<p>Antigoni (Burgazadas\u0131) daha \u00f6nce hik\u00e2yelerini anlatt\u0131\u011f\u0131m\u0131z Prinkipo (B\u00fcy\u00fckada) ve Halki (Heybeliada) ile kar\u015f\u0131la\u015ft\u0131r\u0131ld\u0131\u011f\u0131nda, onlara g\u00f6re \u00e7ok daha i\u00e7ine kapan\u0131k bir ya\u015fama sahiptir. Buras\u0131 \u0130stanbul\u2019un fethinden sonraki 500 y\u0131l i\u00e7inde de varl\u0131\u011f\u0131n\u0131 s\u00fcrd\u00fcren bir Rum k\u00f6y\u00fc idi. G\u00fcnl\u00fck hayatta ve ticarette halk\u0131n anadili olan Rumca, resmi dil T\u00fcrk\u00e7e\u2019den daha fazla kullan\u0131l\u0131rd\u0131. <\/p>\n","protected":false},"excerpt":{"rendered":"<p>Antigoni (Burgazadas\u0131) daha \u00f6nce hik\u00e2yelerini anlatt\u0131\u011f\u0131m\u0131z Prinkipo (B\u00fcy\u00fckada) ve Halki (Heybeliada) ile kar\u015f\u0131la\u015ft\u0131r\u0131ld\u0131\u011f\u0131nda, onlara g\u00f6re \u00e7ok daha i\u00e7ine kapan\u0131k bir ya\u015fama sahiptir. Buras\u0131 \u0130stanbul\u2019un fethinden sonraki<span class=\"excerpt-hellip\"> [\u2026]<\/span><\/p>\n","protected":false},"featured_media":0,"template":"","meta":{"_monsterinsights_skip_tracking":false,"_monsterinsights_sitenote_active":false,"_monsterinsights_sitenote_note":"","_monsterinsights_sitenote_category":0},"product_brand":[],"product_cat":[12312,12304],"product_tag":[],"class_list":{"0":"post-693438","1":"product","2":"type-product","3":"status-publish","5":"product_cat-diger","6":"product_cat-tarih","7":"pa_tur-kitap","8":"pa_yayinevi-sel-yayincilik","9":"pa_yazar-orhan-turker","11":"first","12":"instock","13":"sale","14":"shipping-taxable","15":"purchasable","16":"product-type-simple"},"_links":{"self":[{"href":"https:\/\/roveyayinevi.com.tr\/index.php\/wp-json\/wp\/v2\/product\/693438","targetHints":{"allow":["GET"]}}],"collection":[{"href":"https:\/\/roveyayinevi.com.tr\/index.php\/wp-json\/wp\/v2\/product"}],"about":[{"href":"https:\/\/roveyayinevi.com.tr\/index.php\/wp-json\/wp\/v2\/types\/product"}],"wp:attachment":[{"href":"https:\/\/roveyayinevi.com.tr\/index.php\/wp-json\/wp\/v2\/media?parent=693438"}],"wp:term":[{"taxonomy":"product_brand","embeddable":true,"href":"https:\/\/roveyayinevi.com.tr\/index.php\/wp-json\/wp\/v2\/product_brand?post=693438"},{"taxonomy":"product_cat","embeddable":true,"href":"https:\/\/roveyayinevi.com.tr\/index.php\/wp-json\/wp\/v2\/product_cat?post=693438"},{"taxonomy":"product_tag","embeddable":true,"href":"https:\/\/roveyayinevi.com.tr\/index.php\/wp-json\/wp\/v2\/product_tag?post=693438"}],"curies":[{"name":"wp","href":"https:\/\/api.w.org\/{rel}","templated":true}]}}