{"id":693437,"date":"2025-08-27T14:14:35","date_gmt":"2025-08-27T11:14:35","guid":{"rendered":"https:\/\/roveyayinevi.com.tr\/index.php\/urun\/deniz-uclemesi-serisi-3-asagidaki-yangin-fire-dawn-below\/"},"modified":"2026-04-16T02:03:09","modified_gmt":"2026-04-15T23:03:09","slug":"deniz-uclemesi-serisi-3-asagidaki-yangin-fire-dawn-below","status":"publish","type":"product","link":"https:\/\/roveyayinevi.com.tr\/index.php\/urun\/deniz-uclemesi-serisi-3-asagidaki-yangin-fire-dawn-below\/","title":{"rendered":"Deniz \u00dc\u00e7lemesi Serisi 3 &#8211; A\u015fa\u011f\u0131daki Yang\u0131n (Fire Dawn Below)"},"content":{"rendered":"<p>Nobel \u00f6d\u00fcll\u00fc yazar William Golding, Ge\u00e7i\u015f Ayinleri ve Yan Yana\u2019dan sonra \u00fc\u00e7lemenin bu son kitab\u0131nda bizi tarihin en uzun deniz yolculuklar\u0131ndan birinin nas\u0131l nihayete erdi\u011fine tan\u0131kl\u0131k etmeye \u00e7a\u011f\u0131r\u0131yor.Yolculu\u011fun bu son etab\u0131nda kahraman\u0131m\u0131z Talbot gelece\u011fe dair hayallere dalarken, subaylar aras\u0131na yeni kat\u0131lan mucit Te\u011fmen Ben\u00e9t, geminin k\u0131r\u0131k pruva dire\u011fini onarmak i\u00e7in harekete ge\u00e7er ama bu onar\u0131m hi\u00e7 beklenmedik ba\u015fka bir tehlike do\u011furacakt\u0131r.On dokuzuncu y\u00fczy\u0131l \u0130ngilteresi\u2019nin toplumsal dokusunu olu\u015fturan her s\u0131n\u0131ftan insan\u0131 bir gemide toplayan Golding bu \u00fc\u00e7lemesinde, demokrasi, \u00f6zg\u00fcrl\u00fck, kolonile\u015fme, din, ahlak, b\u00fcrokrasideki yozla\u015fma, aristokrasi, milliyet\u00e7ilik gibi kavramlar\u0131 tart\u0131\u015fmakla kalm\u0131yor, d\u00f6nemin entelekt\u00fcellerinin edebiyat ve bilime yakla\u015f\u0131mlar\u0131n\u0131 da irdeliyor.Golding\u2019in toplum ele\u015ftirisini derin mizah anlay\u0131\u015f\u0131yla harmanlad\u0131\u011f\u0131 A\u015fa\u011f\u0131daki Yang\u0131n, sadece d\u00fcn\u00fcn de\u011fil bug\u00fcn\u00fcn sosyal yap\u0131 ve kavramlar\u0131n\u0131 sorgulaman\u0131n da \u00f6n\u00fcn\u00fc a\u00e7\u0131yor. <\/p>\n","protected":false},"excerpt":{"rendered":"<p>Nobel \u00f6d\u00fcll\u00fc yazar William Golding, Ge\u00e7i\u015f Ayinleri ve Yan Yana\u2019dan sonra \u00fc\u00e7lemenin bu son kitab\u0131nda bizi tarihin en uzun deniz yolculuklar\u0131ndan birinin nas\u0131l nihayete erdi\u011fine tan\u0131kl\u0131k<span class=\"excerpt-hellip\"> [\u2026]<\/span><\/p>\n","protected":false},"featured_media":0,"template":"","meta":{"_monsterinsights_skip_tracking":false,"_monsterinsights_sitenote_active":false,"_monsterinsights_sitenote_note":"","_monsterinsights_sitenote_category":0},"product_brand":[],"product_cat":[12291,12866],"product_tag":[],"class_list":{"0":"post-693437","1":"product","2":"type-product","3":"status-publish","5":"product_cat-edebiyat","6":"product_cat-ingiliz-edebiyati","7":"pa_cilt-ciltsiz","8":"pa_tur-kitap","9":"pa_yayinevi-sel-yayincilik","10":"pa_yazar-william-golding","12":"first","13":"instock","14":"sale","15":"shipping-taxable","16":"purchasable","17":"product-type-simple"},"_links":{"self":[{"href":"https:\/\/roveyayinevi.com.tr\/index.php\/wp-json\/wp\/v2\/product\/693437","targetHints":{"allow":["GET"]}}],"collection":[{"href":"https:\/\/roveyayinevi.com.tr\/index.php\/wp-json\/wp\/v2\/product"}],"about":[{"href":"https:\/\/roveyayinevi.com.tr\/index.php\/wp-json\/wp\/v2\/types\/product"}],"wp:attachment":[{"href":"https:\/\/roveyayinevi.com.tr\/index.php\/wp-json\/wp\/v2\/media?parent=693437"}],"wp:term":[{"taxonomy":"product_brand","embeddable":true,"href":"https:\/\/roveyayinevi.com.tr\/index.php\/wp-json\/wp\/v2\/product_brand?post=693437"},{"taxonomy":"product_cat","embeddable":true,"href":"https:\/\/roveyayinevi.com.tr\/index.php\/wp-json\/wp\/v2\/product_cat?post=693437"},{"taxonomy":"product_tag","embeddable":true,"href":"https:\/\/roveyayinevi.com.tr\/index.php\/wp-json\/wp\/v2\/product_tag?post=693437"}],"curies":[{"name":"wp","href":"https:\/\/api.w.org\/{rel}","templated":true}]}}