{"id":693436,"date":"2025-08-27T14:14:35","date_gmt":"2025-08-27T11:14:35","guid":{"rendered":"https:\/\/roveyayinevi.com.tr\/index.php\/urun\/acinin-antropolojisi\/"},"modified":"2026-04-16T02:03:08","modified_gmt":"2026-04-15T23:03:08","slug":"acinin-antropolojisi","status":"publish","type":"product","link":"https:\/\/roveyayinevi.com.tr\/index.php\/urun\/acinin-antropolojisi\/","title":{"rendered":"Ac\u0131n\u0131n Antropolojisi"},"content":{"rendered":"<p>Ac\u0131, insan\u0131 hastal\u0131klara kar\u015f\u0131 uyaran bedensel bir i\u015flev midir, yoksa mevcut i\u015flevlerin hasar\u0131 ba\u011flam\u0131nda ortaya \u00e7\u0131kan karma\u015f\u0131k bir olgu mu? Hem bedensel hem de duygusal sonu\u00e7lar\u0131yla k\u00fclt\u00fcrel bir izlek midir, insan\u0131n k\u0131r\u0131lgan ve hassas yap\u0131s\u0131n\u0131 sak\u0131n\u0131m g\u00fcd\u00fcs\u00fcyle canl\u0131 tutan bir savunma mekanizmas\u0131 m\u0131? Belki de hepsi&#8230;Antropolog David Le Breton, \u00e7e\u015fitli nedenlere ba\u011fl\u0131 olarak olu\u015fanlardan, bir rit\u00fcel dahilinde deneyimlenmek \u00fczere kasten \u00fcretilenlere; kolayl\u0131kla dindirilebilenlerden sonu \u00f6tenazi talebine varanlara, ac\u0131n\u0131n farkl\u0131 toplumlar ve \u00e7a\u011flar boyunca insan bedeninde ve belle\u011finde kaplad\u0131\u011f\u0131 o b\u00fcy\u00fck ve kuytu alan\u0131 ara\u015ft\u0131rmaya giri\u015fiyor. Farkl\u0131 ve\u00e7helere b\u00fcr\u00fcnebilen bu kavram\u0131n g\u00fc\u00e7l\u00fc sembolik etkilerinden e\u011fitici boyutlar\u0131na, ahlak ile ili\u015fkisinden bir rit\u00fcel olarak konumuna, k\u00fclt\u00fcrel yans\u0131malar\u0131ndan t\u0131bbi bir veri olarak de\u011ferlendirilme s\u00fcrecine uzanan geni\u015f bir kapsam sunuyor.Ac\u0131n\u0131n Antropolojisi, insan\u0131n bulundu\u011fu toplum, k\u00fclt\u00fcr ve \u00e7a\u011f\u0131n da \u00f6tesinde, bireyselli\u011fi uyar\u0131nca kutsal bir yara, ceza, lanet, memento mori ya da \u015fifa olarak g\u00f6r\u00fclebilen bu ka\u00e7\u0131n\u0131lmaz semptoma dair derinlemesine bir \u00e7al\u0131\u015fma&#8230;<\/p>\n","protected":false},"excerpt":{"rendered":"<p>Ac\u0131, insan\u0131 hastal\u0131klara kar\u015f\u0131 uyaran bedensel bir i\u015flev midir, yoksa mevcut i\u015flevlerin hasar\u0131 ba\u011flam\u0131nda ortaya \u00e7\u0131kan karma\u015f\u0131k bir olgu mu? Hem bedensel hem de duygusal sonu\u00e7lar\u0131yla<span class=\"excerpt-hellip\"> [\u2026]<\/span><\/p>\n","protected":false},"featured_media":0,"template":"","meta":{"_monsterinsights_skip_tracking":false,"_monsterinsights_sitenote_active":false,"_monsterinsights_sitenote_note":"","_monsterinsights_sitenote_category":0},"product_brand":[],"product_cat":[12835,12324],"product_tag":[],"class_list":{"0":"post-693436","1":"product","2":"type-product","3":"status-publish","5":"product_cat-genel-sosyoloji","6":"product_cat-sosyoloji","7":"pa_cilt-ciltsiz","8":"pa_tur-kitap","9":"pa_yayinevi-sel-yayincilik","10":"pa_yazar-david-le-breton","12":"first","13":"instock","14":"sale","15":"shipping-taxable","16":"purchasable","17":"product-type-simple"},"_links":{"self":[{"href":"https:\/\/roveyayinevi.com.tr\/index.php\/wp-json\/wp\/v2\/product\/693436","targetHints":{"allow":["GET"]}}],"collection":[{"href":"https:\/\/roveyayinevi.com.tr\/index.php\/wp-json\/wp\/v2\/product"}],"about":[{"href":"https:\/\/roveyayinevi.com.tr\/index.php\/wp-json\/wp\/v2\/types\/product"}],"wp:attachment":[{"href":"https:\/\/roveyayinevi.com.tr\/index.php\/wp-json\/wp\/v2\/media?parent=693436"}],"wp:term":[{"taxonomy":"product_brand","embeddable":true,"href":"https:\/\/roveyayinevi.com.tr\/index.php\/wp-json\/wp\/v2\/product_brand?post=693436"},{"taxonomy":"product_cat","embeddable":true,"href":"https:\/\/roveyayinevi.com.tr\/index.php\/wp-json\/wp\/v2\/product_cat?post=693436"},{"taxonomy":"product_tag","embeddable":true,"href":"https:\/\/roveyayinevi.com.tr\/index.php\/wp-json\/wp\/v2\/product_tag?post=693436"}],"curies":[{"name":"wp","href":"https:\/\/api.w.org\/{rel}","templated":true}]}}