{"id":693435,"date":"2025-08-27T14:14:00","date_gmt":"2025-08-27T11:14:00","guid":{"rendered":"https:\/\/roveyayinevi.com.tr\/index.php\/urun\/jose-bove-bir-koylunun-isyani\/"},"modified":"2026-01-29T02:05:55","modified_gmt":"2026-01-28T23:05:55","slug":"jose-bove-bir-koylunun-isyani","status":"publish","type":"product","link":"https:\/\/roveyayinevi.com.tr\/index.php\/urun\/jose-bove-bir-koylunun-isyani\/","title":{"rendered":"Jose Bove Bir K\u00f6yl\u00fcn\u00fcn \u0130syan\u0131"},"content":{"rendered":"<p>Jose Bove: Bu adam b\u0131y\u0131k b\u0131rakmay\u0131, pipoyu ve Rokfor peynirini seviyor;  McDo lar\u0131 (Mc Donalds\u2019lar\u0131) OGM\u2019leri (Genetik bak\u0131mdan de\u011fi\u015fikli\u011fe u\u011frat\u0131lm\u0131\u015f organizmalar\u0131) de\u011fil.  \u00d6zg\u00fcrle\u015fme sini sat\u0131n almaktansa, hapiste yatmay\u0131 ye\u011fleyecek derecede \u00f6zg\u00fcrl\u00fc\u011f\u00fcn tad\u0131n\u0131 \u00e7\u0131kar\u0131yor. Millau\u2019daki McDo\u2019nun s\u00f6k\u00fcl\u00fcp at\u0131lmas\u0131, size, herkesin i\u00e7inde kendini bulabilece\u011fi modern zamanlar\u0131n bir kahraman\u0131n\u0131 sunuyor. Jose Bove, yine de Asteriks\u2019e benzeyen medyatik karikat\u00fcr\u00fcne indirgenemez. Bu simgenin arkas\u0131nda bir insan vard\u0131r: Birtak\u0131m davalara sad\u0131k kalan bir \u00f6m\u00fcr vard\u0131r. Nas\u0131l  Jose Bove  olunur? K\u00fc\u00e7\u00fckken hangi kazan\u0131n i\u00e7ine d\u00fc\u015fmek gerekiyor b\u00f6yle olmak i\u00e7in? 1970 y\u0131l\u0131nda liseden at\u0131l\u0131r, silah alt\u0131na al\u0131nmay\u0131 reddeder. 1973\u2019te Larzac\u2019a iltica eder ve kar\u0131s\u0131yla birlikte  vatanda ya\u015famaya ve \u00e7al\u0131\u015fmaya  karar verir. \u0130nsan\u0131 tutu\u015fturan, onu derhal harekete ge\u00e7iren k\u00f6kler vard\u0131r: Jose Bove ile Greenpeace\u2019nin G\u00f6kku\u015fa\u0131 Sava\u015f\u00e7\u0131s\u0131\u2019nda kar\u015f\u0131la\u015f\u0131yoruz; onu, \u00f6ld\u00fcr\u00fclen Kanak lider Tjibaou\u2019nun, sendika militanlar\u0131n\u0131n, Tahitili ba\u011fms\u0131zl\u0131k taraftarlar\u0131n\u0131n vb.nin yan\u0131nda buluyoruz. K\u00f6yl\u00fc Konfederasyonunun kurulu\u015funa ve bu konfederasyonun OGM\u2019lere, sa\u011fl\u0131\u011fa zararl\u0131 hayvansal unlara kar\u015f\u0131  k\u00f6yl\u00fcye \u00f6zg\u00fc bir tar\u0131m  i\u00e7in, herkesin suya eri\u015fim hakk\u0131 i\u00e7in verdi\u011fi m\u00fccadelelere kat\u0131l\u0131r. Jose Bove, isyan r\u00fczgar\u0131n\u0131 \u00fcfleyen bu b\u00fcy\u00fck cumhuriyet\u00e7i a\u011f\u0131zlara mensuptur; ve g\u00fcn ge\u00e7tik\u00e7e m\u00fccadele etmenin k\u00f6t\u00fc bir \u015fey olmad\u0131\u011f\u0131n\u0131 ispatlar. Tavizsiz bir hayat. <\/p>\n","protected":false},"excerpt":{"rendered":"<p>Jose Bove: Bu adam b\u0131y\u0131k b\u0131rakmay\u0131, pipoyu ve Rokfor peynirini seviyor; McDo lar\u0131 (Mc Donalds\u2019lar\u0131) OGM\u2019leri (Genetik bak\u0131mdan de\u011fi\u015fikli\u011fe u\u011frat\u0131lm\u0131\u015f organizmalar\u0131) de\u011fil. \u00d6zg\u00fcrle\u015fme sini sat\u0131n almaktansa,<span class=\"excerpt-hellip\"> [\u2026]<\/span><\/p>\n","protected":false},"featured_media":0,"template":"","meta":{"_monsterinsights_skip_tracking":false,"_monsterinsights_sitenote_active":false,"_monsterinsights_sitenote_note":"","_monsterinsights_sitenote_category":0},"product_brand":[],"product_cat":[12364],"product_tag":[],"class_list":{"0":"post-693435","1":"product","2":"type-product","3":"status-publish","5":"product_cat-genel-konular","6":"pa_cilt-ciltsiz","7":"pa_tur-kitap","8":"pa_yayinevi-utopya-yayinevi","9":"pa_yazar-paul-aries","11":"first","12":"instock","13":"sale","14":"shipping-taxable","15":"purchasable","16":"product-type-simple"},"_links":{"self":[{"href":"https:\/\/roveyayinevi.com.tr\/index.php\/wp-json\/wp\/v2\/product\/693435","targetHints":{"allow":["GET"]}}],"collection":[{"href":"https:\/\/roveyayinevi.com.tr\/index.php\/wp-json\/wp\/v2\/product"}],"about":[{"href":"https:\/\/roveyayinevi.com.tr\/index.php\/wp-json\/wp\/v2\/types\/product"}],"wp:attachment":[{"href":"https:\/\/roveyayinevi.com.tr\/index.php\/wp-json\/wp\/v2\/media?parent=693435"}],"wp:term":[{"taxonomy":"product_brand","embeddable":true,"href":"https:\/\/roveyayinevi.com.tr\/index.php\/wp-json\/wp\/v2\/product_brand?post=693435"},{"taxonomy":"product_cat","embeddable":true,"href":"https:\/\/roveyayinevi.com.tr\/index.php\/wp-json\/wp\/v2\/product_cat?post=693435"},{"taxonomy":"product_tag","embeddable":true,"href":"https:\/\/roveyayinevi.com.tr\/index.php\/wp-json\/wp\/v2\/product_tag?post=693435"}],"curies":[{"name":"wp","href":"https:\/\/api.w.org\/{rel}","templated":true}]}}