{"id":693433,"date":"2025-08-27T14:14:00","date_gmt":"2025-08-27T11:14:00","guid":{"rendered":"https:\/\/roveyayinevi.com.tr\/index.php\/urun\/imparatorluga-hayir\/"},"modified":"2026-01-27T02:05:46","modified_gmt":"2026-01-26T23:05:46","slug":"imparatorluga-hayir","status":"publish","type":"product","link":"https:\/\/roveyayinevi.com.tr\/index.php\/urun\/imparatorluga-hayir\/","title":{"rendered":"\u0130mparatorlu\u011fa Hay\u0131r"},"content":{"rendered":"<p>Elinizdeki kitap, ABD imparatorlu\u011funun kapitalist-emperyalist sistemin bekas\u0131 i\u00e7in d\u00fcnyan\u0131n d\u00f6rt bir yan\u0131nda y\u0131llard\u0131r ger\u00e7ekle\u015ftirdi\u011fi \u00f6rt\u00fcl\u00fc operasyonlar\u0131, askeri darbeleri, kanl\u0131 m\u00fcdahaleleri, dezenformasyon giri\u015fimlerini Ve her t\u00fcrden ayak oyunlar\u0131n\u0131 son derece ak\u0131c\u0131 ve yal\u0131n bir dille anlat\u0131yor. Reel sosyalizmin \u00e7\u00f6z\u00fcl\u00fc\u015f\u00fcnden sonra gemi az\u0131ya alan ABD emperyalizminin, kendisine bir me\u015fruiyet zemini yaratmak i\u00e7in ba\u015fvurdu\u011fu yalan ve bahaneleri bir bir sergileyen Parenti, finans kapitalin d\u00fcnya halklar\u0131n\u0131 ili\u011fine dek s\u00f6m\u00fcrmekle kalmad\u0131\u011f\u0131n\u0131, ayn\u0131 zamanda Amerikan halk\u0131n\u0131 da \u00dc\u00e7\u00fcnc\u00fc D\u00fcnyaya \u00f6zg\u00fc ko\u015fullar\u0131n kuca\u011f\u0131na itti\u011fini belgeleriyle ortaya koyuyor. Emperyalizmin tarihi korkun\u00e7 zul\u00fcmlerin, kitlesel katliamlar\u0131n, b\u00fcy\u00fck d\u00fczenbazl\u0131klar\u0131n, ihanetlerin ve ac\u0131mas\u0131z bask\u0131lar\u0131n tarihidir. G\u00fcn\u00fcm\u00fczdeyse kapitalizmin borazanc\u0131ba\u015f\u0131lar\u0131, Yeni D\u00fcnya D\u00fczeni ad\u0131na zafer \u00e7\u0131\u011fl\u0131klar\u0131 at\u0131yor, vars\u0131llar ile yoksullar aras\u0131nda y\u00fczy\u0131llard\u0131r s\u00fcregelen m\u00fccadelenin yerini tek merkezli ve herkesin biat etti\u011fi ekonomik k\u00fcreselle\u015fmenin ald\u0131\u011f\u0131n\u0131 iddia ediyorlar. Ama yine de Meksika\u2019da k\u00f6yl\u00fcler ayaklan\u0131yor, G\u00fcney Afrika\u2019da kitleler seferber oluyor, bir\u00e7ok \u00fclkede i\u015f\u00e7iler ve yerli halklar ya\u015famlar\u0131n\u0131 iyile\u015ftirmek ve topraklar\u0131n\u0131 korumak i\u00e7in \u00f6rg\u00fctleniyorlar.  \u0130mparatorlu\u011fa Hay\u0131r , emperyalizme kar\u015f\u0131 verilen bu m\u00fccadelelerin \u0131\u015f\u0131\u011f\u0131nda ilerici toplumsal d\u00f6n\u00fc\u015f\u00fcmleri tetikleyecek kimi alternatif \u00e7\u00f6z\u00fcm \u00f6nerileri de sunuyor. <\/p>\n","protected":false},"excerpt":{"rendered":"<p>Elinizdeki kitap, ABD imparatorlu\u011funun kapitalist-emperyalist sistemin bekas\u0131 i\u00e7in d\u00fcnyan\u0131n d\u00f6rt bir yan\u0131nda y\u0131llard\u0131r ger\u00e7ekle\u015ftirdi\u011fi \u00f6rt\u00fcl\u00fc operasyonlar\u0131, askeri darbeleri, kanl\u0131 m\u00fcdahaleleri, dezenformasyon giri\u015fimlerini Ve her t\u00fcrden ayak<span class=\"excerpt-hellip\"> [\u2026]<\/span><\/p>\n","protected":false},"featured_media":0,"template":"","meta":{"_monsterinsights_skip_tracking":false,"_monsterinsights_sitenote_active":false,"_monsterinsights_sitenote_note":"","_monsterinsights_sitenote_category":0},"product_brand":[],"product_cat":[16098,12337],"product_tag":[],"class_list":{"0":"post-693433","1":"product","2":"type-product","3":"status-publish","5":"product_cat-politik-akimlar-hareketler","6":"product_cat-politika-siyaset","7":"pa_cilt-ciltsiz","8":"pa_tur-kitap","9":"pa_yayinevi-utopya-yayinevi","10":"pa_yazar-michael-parenti","12":"first","13":"instock","14":"sale","15":"shipping-taxable","16":"purchasable","17":"product-type-simple"},"_links":{"self":[{"href":"https:\/\/roveyayinevi.com.tr\/index.php\/wp-json\/wp\/v2\/product\/693433","targetHints":{"allow":["GET"]}}],"collection":[{"href":"https:\/\/roveyayinevi.com.tr\/index.php\/wp-json\/wp\/v2\/product"}],"about":[{"href":"https:\/\/roveyayinevi.com.tr\/index.php\/wp-json\/wp\/v2\/types\/product"}],"wp:attachment":[{"href":"https:\/\/roveyayinevi.com.tr\/index.php\/wp-json\/wp\/v2\/media?parent=693433"}],"wp:term":[{"taxonomy":"product_brand","embeddable":true,"href":"https:\/\/roveyayinevi.com.tr\/index.php\/wp-json\/wp\/v2\/product_brand?post=693433"},{"taxonomy":"product_cat","embeddable":true,"href":"https:\/\/roveyayinevi.com.tr\/index.php\/wp-json\/wp\/v2\/product_cat?post=693433"},{"taxonomy":"product_tag","embeddable":true,"href":"https:\/\/roveyayinevi.com.tr\/index.php\/wp-json\/wp\/v2\/product_tag?post=693433"}],"curies":[{"name":"wp","href":"https:\/\/api.w.org\/{rel}","templated":true}]}}