{"id":693430,"date":"2025-08-27T14:13:59","date_gmt":"2025-08-27T11:13:59","guid":{"rendered":"https:\/\/roveyayinevi.com.tr\/index.php\/urun\/egitim-universite-yok-ve-aydinlar\/"},"modified":"2026-01-29T02:05:55","modified_gmt":"2026-01-28T23:05:55","slug":"egitim-universite-yok-ve-aydinlar","status":"publish","type":"product","link":"https:\/\/roveyayinevi.com.tr\/index.php\/urun\/egitim-universite-yok-ve-aydinlar\/","title":{"rendered":"E\u011fitim \u00dcniversite Y\u00f6k ve Ayd\u0131nlar"},"content":{"rendered":"<p>E\u011fitim, \u00dcniversite Y\u00f6k ve Ayd\u0131n(lar). T\u00fcrkiyenin bu de\u011fi\u015fmeyen ama h\u0131zla ba\u015fkala\u015fan kronikle\u015ftirilmi\u015f sorunu \u00e7evresinde y\u00fcr\u00fct\u00fclen tart\u0131\u015fmalar katk\u0131da bulunmak amac\u0131yla kaleme al\u0131nm\u0131\u015f yaz\u0131lardan olu\u015fuyor. Y\u00d6K-AKP \u00e7\u0131kmaz\u0131na s\u0131k\u0131\u015fm\u0131\u015f \u00fcniversitelerde ger\u00e7ek bir \u00f6zerlik ve bilim \u00f6zg\u00fcrl\u00fc\u011f\u00fc talebini dile getiren ve gerek\u00e7elendiren yaz\u0131lar, y\u00fcksek \u00f6\u011frenim sorunlar\u0131na k\u00fcresel \u00f6l\u00e7ekte deva olarak sunulan neo-liberal re\u00e7ete&#8217;nin piyasa \u00fcniversitesi modelinin, hem bilim, hem \u00fcniversiteler, hem de kamu a\u00e7\u0131s\u0131ndan zehirli \u00e7\u00fcr\u00fct\u00fcc\u00fc \u00f6zelliklerini de sergiliyor. Kitab\u0131n son b\u00f6l\u00fcm\u00fcnde ise, Ayd\u0131nl\u0131k durumuna ili\u015fkin d\u00fc\u015f\u00fcncelere yer verilmekte ve ayd\u0131nlar\u0131 i\u015f\u00e7ile\u015ftiren i\u015f\u00e7ileri ayd\u0131nla\u015ft\u0131ran devrimci mekanizmalara \u00e7a\u011fr\u0131 \u00e7\u0131kart\u0131lmakta. <\/p>\n","protected":false},"excerpt":{"rendered":"<p>E\u011fitim, \u00dcniversite Y\u00f6k ve Ayd\u0131n(lar). T\u00fcrkiyenin bu de\u011fi\u015fmeyen ama h\u0131zla ba\u015fkala\u015fan kronikle\u015ftirilmi\u015f sorunu \u00e7evresinde y\u00fcr\u00fct\u00fclen tart\u0131\u015fmalar katk\u0131da bulunmak amac\u0131yla kaleme al\u0131nm\u0131\u015f yaz\u0131lardan olu\u015fuyor. Y\u00d6K-AKP \u00e7\u0131kmaz\u0131na s\u0131k\u0131\u015fm\u0131\u015f<span class=\"excerpt-hellip\"> [\u2026]<\/span><\/p>\n","protected":false},"featured_media":0,"template":"","meta":{"_monsterinsights_skip_tracking":false,"_monsterinsights_sitenote_active":false,"_monsterinsights_sitenote_note":"","_monsterinsights_sitenote_category":0},"product_brand":[],"product_cat":[12312,12304],"product_tag":[],"class_list":{"0":"post-693430","1":"product","2":"type-product","3":"status-publish","5":"product_cat-diger","6":"product_cat-tarih","7":"pa_cilt-ciltsiz","8":"pa_tur-kitap","9":"pa_yayinevi-utopya-yayinevi","10":"pa_yazar-temel-demirer","12":"first","13":"instock","14":"sale","15":"shipping-taxable","16":"purchasable","17":"product-type-simple"},"_links":{"self":[{"href":"https:\/\/roveyayinevi.com.tr\/index.php\/wp-json\/wp\/v2\/product\/693430","targetHints":{"allow":["GET"]}}],"collection":[{"href":"https:\/\/roveyayinevi.com.tr\/index.php\/wp-json\/wp\/v2\/product"}],"about":[{"href":"https:\/\/roveyayinevi.com.tr\/index.php\/wp-json\/wp\/v2\/types\/product"}],"wp:attachment":[{"href":"https:\/\/roveyayinevi.com.tr\/index.php\/wp-json\/wp\/v2\/media?parent=693430"}],"wp:term":[{"taxonomy":"product_brand","embeddable":true,"href":"https:\/\/roveyayinevi.com.tr\/index.php\/wp-json\/wp\/v2\/product_brand?post=693430"},{"taxonomy":"product_cat","embeddable":true,"href":"https:\/\/roveyayinevi.com.tr\/index.php\/wp-json\/wp\/v2\/product_cat?post=693430"},{"taxonomy":"product_tag","embeddable":true,"href":"https:\/\/roveyayinevi.com.tr\/index.php\/wp-json\/wp\/v2\/product_tag?post=693430"}],"curies":[{"name":"wp","href":"https:\/\/api.w.org\/{rel}","templated":true}]}}