{"id":693429,"date":"2025-08-27T14:13:59","date_gmt":"2025-08-27T11:13:59","guid":{"rendered":"https:\/\/roveyayinevi.com.tr\/index.php\/urun\/iletisim-ve-emperyalizm-turkiyede-telekomunikasyounun-ekonomi-politigi\/"},"modified":"2026-01-29T02:05:55","modified_gmt":"2026-01-28T23:05:55","slug":"iletisim-ve-emperyalizm-turkiyede-telekomunikasyounun-ekonomi-politigi","status":"publish","type":"product","link":"https:\/\/roveyayinevi.com.tr\/index.php\/urun\/iletisim-ve-emperyalizm-turkiyede-telekomunikasyounun-ekonomi-politigi\/","title":{"rendered":"\u0130leti\u015fim ve Emperyalizm T\u00fcrkiye\u2019de Telekom\u00fcnikasyounun Ekonomi-Politi\u011fi"},"content":{"rendered":"<p>G\u00fcn\u00fcm\u00fczde telekom\u00fcnikasyon altyap\u0131lar\u0131, g\u00fcndelik ya\u015fam\u0131n ge\u00e7mi\u015fte oldu\u011fundan daha farkl\u0131 bir par\u00e7as\u0131, ayn\u0131 zamanda da k\u00fcreselle\u015fme ideolojisinin en \u00f6nemli dayanak noktalar\u0131ndan biridir. Ancak, telekom\u00fcnikasyona bug\u00fcn y\u00fcklenen  k\u00fcresel kapitalizmin olu\u015fturucusu  rol\u00fcn\u00fcn tarihi ve maddi k\u00f6kenleri vard\u0131r. Bu rol\u00fcn anla\u015f\u0131labilmesi i\u00e7in, telekom\u00fcnikasyonun tarihiyle birle\u015ftirilmesi ve ba\u011fl\u0131 oldu\u011fu maddi k\u00f6kenlerin i\u00e7ine yeniden yerle\u015ftirilmesi gerekmektedir. Kitap, T\u00fcrkiye\u2019de telekom\u00fcnikasyon politikalar\u0131 tarihini, belirleyici g\u00fc\u00e7 ili\u015fkileri, d\u00f6nemsel olarak \u00fcstlendi\u011fi i\u015flevler ve ko\u015fullar \u00e7er\u00e7evesinde ele almakta ve g\u00fcn\u00fcm\u00fcz telekom\u00fcnikasyon politikalar\u0131nda ya\u015fanan de\u011fi\u015fimin \u00e7\u00f6z\u00fcmlenebilmesi i\u00e7in bir temel olu\u015fturmaktad\u0131r.  Elinizdeki kitap, ileti\u015fim teknolojilerine ili\u015fkin politikalar\u0131 T\u00fcrkiye \u00f6zelinde, ekonomi, politik yakla\u015f\u0131m ba\u011flam\u0131nda ele alarak bu bo\u015flu\u011fu doldurmay\u0131 ama\u00e7lamaktad\u0131r. Bu boyutuyla i\u00e7i bo\u015f iyimserlik masallar\u0131n\u0131n yerine, sistematik ara\u015ft\u0131rmaya dayanan bir bilgi \u00fcretimini koyman\u0131n ne kadar de\u011ferli olabilece\u011fini g\u00f6stermektedir. Ba\u015faran\u2019\u0131n \u00e7al\u0131\u015fmas\u0131, T\u00fcrkiye\u2019de ileti\u015fim teknolojilerine ili\u015fkin olarak g\u00fcn\u00fcm\u00fczde yap\u0131lmakta olan tart\u0131\u015fmalar\u0131 zenginle\u015ftirecek ve derinle\u015ftirecek niteliktedir.  Haluk Geray <\/p>\n","protected":false},"excerpt":{"rendered":"<p>G\u00fcn\u00fcm\u00fczde telekom\u00fcnikasyon altyap\u0131lar\u0131, g\u00fcndelik ya\u015fam\u0131n ge\u00e7mi\u015fte oldu\u011fundan daha farkl\u0131 bir par\u00e7as\u0131, ayn\u0131 zamanda da k\u00fcreselle\u015fme ideolojisinin en \u00f6nemli dayanak noktalar\u0131ndan biridir. Ancak, telekom\u00fcnikasyona bug\u00fcn y\u00fcklenen k\u00fcresel<span class=\"excerpt-hellip\"> [\u2026]<\/span><\/p>\n","protected":false},"featured_media":0,"template":"","meta":{"_monsterinsights_skip_tracking":false,"_monsterinsights_sitenote_active":false,"_monsterinsights_sitenote_note":"","_monsterinsights_sitenote_category":0},"product_brand":[],"product_cat":[13517,12304],"product_tag":[],"class_list":{"0":"post-693429","1":"product","2":"type-product","3":"status-publish","5":"product_cat-osmanli-tarihi","6":"product_cat-tarih","7":"pa_cilt-ciltsiz","8":"pa_tur-kitap","9":"pa_yayinevi-utopya-yayinevi","10":"pa_yazar-funda-basaran","12":"first","13":"instock","14":"sale","15":"shipping-taxable","16":"purchasable","17":"product-type-simple"},"_links":{"self":[{"href":"https:\/\/roveyayinevi.com.tr\/index.php\/wp-json\/wp\/v2\/product\/693429","targetHints":{"allow":["GET"]}}],"collection":[{"href":"https:\/\/roveyayinevi.com.tr\/index.php\/wp-json\/wp\/v2\/product"}],"about":[{"href":"https:\/\/roveyayinevi.com.tr\/index.php\/wp-json\/wp\/v2\/types\/product"}],"wp:attachment":[{"href":"https:\/\/roveyayinevi.com.tr\/index.php\/wp-json\/wp\/v2\/media?parent=693429"}],"wp:term":[{"taxonomy":"product_brand","embeddable":true,"href":"https:\/\/roveyayinevi.com.tr\/index.php\/wp-json\/wp\/v2\/product_brand?post=693429"},{"taxonomy":"product_cat","embeddable":true,"href":"https:\/\/roveyayinevi.com.tr\/index.php\/wp-json\/wp\/v2\/product_cat?post=693429"},{"taxonomy":"product_tag","embeddable":true,"href":"https:\/\/roveyayinevi.com.tr\/index.php\/wp-json\/wp\/v2\/product_tag?post=693429"}],"curies":[{"name":"wp","href":"https:\/\/api.w.org\/{rel}","templated":true}]}}