{"id":693426,"date":"2025-08-27T14:13:58","date_gmt":"2025-08-27T11:13:58","guid":{"rendered":"https:\/\/roveyayinevi.com.tr\/index.php\/urun\/avrupa-birligi-ve-cokkulturculuk-yalani\/"},"modified":"2026-01-29T02:05:55","modified_gmt":"2026-01-28T23:05:55","slug":"avrupa-birligi-ve-cokkulturculuk-yalani","status":"publish","type":"product","link":"https:\/\/roveyayinevi.com.tr\/index.php\/urun\/avrupa-birligi-ve-cokkulturculuk-yalani\/","title":{"rendered":"Avrupa Birli\u011fi ve \u00c7okk\u00fclt\u00fcrc\u00fcl\u00fck Yalan\u0131"},"content":{"rendered":"<p>\u201cD\u00f6neklerce \u2018devrim olmad\u0131 demokrasi verelim\u2019 form\u00fcl\u00fcyle tarif edilmeye kalk\u0131\u015f\u0131lan AB \u2018pek cazip\u2019 olsa da; hayat\u0131n bu yamal\u0131 boh\u00e7aya hi\u00e7 mi hi\u00e7 tahamm\u00fcl\u00fc yoktur&#8230;Art\u0131k \u2018Ama\u2019s\u0131z, \u2018Fakat\u2019s\u0131zca; yani \u2018eveleyip-geveleme\u2019den y\u00fcksek sesle telaffuz edelim: Ne ABD Irak\u2019a demokrasi ihra\u00e7 ediyor ne de AB s\u00fcreci T\u00fcrkiye\u2019yi daha demokratik bir \u00fclke yap\u0131yor.Siz, AB (Kopenhag Kriterleri) savunucular\u0131&#8230; Siz savundu\u011funuz \u015feyin \u2018serbest piyasa\u2019 dedikleri kapitalist talan ile tahakk\u00fcm oldu\u011fundan haberdar\u0131n\u0131z de\u011fil mi?AB, savunucular\u0131 nas\u0131l sunmaya kalk\u0131\u015f\u0131rsa kalk\u0131\u015fs\u0131n, neo-liberal \u00f6zelle\u015ftirmeci bir sald\u0131r\u0131d\u0131r&#8230; AB\u2019ye \u2018uyum\u2019 kapitalist sistemin bug\u00fcnk\u00fc y\u00fcz\u00fc olan yeni liberal politikalar da \u2018uyum\u2019dur&#8230;E\u011fer bunlar b\u00f6yleyse, ki b\u00f6yledir; AB dediniz mi, onun da m\u00fcsebbibi oldu\u011fu \u2018YDD\u2019den s\u00f6z ediyorsunuz demektir&#8230; Bu ba\u011flamda AB\u2019ye her \u2018Evet\u2019, emperyalist-kapitalizm e\u015fitsizlik ve tablosuna da \u2013dolayl\u0131\/dolays\u0131z- bir \u2018Evet\u2019tir!\u015eimdi, art\u0131k \u2018hakikat\u2019le y\u00fczle\u015fme zaman\u0131d\u0131r: Sermaye stratejilerinden birini tercih etmek, ne zamand\u0131r \u2018solculuk\u2019 olmu\u015ftur?AB yanl\u0131lar\u0131n\u0131n, \u2018devrimci d\u00f6n\u00fc\u015f\u00fcm\u2019 diye bir dertleri yoktur. \u00c7\u00fcnk\u00fc sorunlara mevcut uygarl\u0131\u011f\u0131 a\u015fan anti-kapitalist bir perspektiften bakmazlar. \u00d6yle oldu\u011funda laf\u0131 geveleyecek, ne yer ne de malzeme kal\u0131r \u00e7\u00fcnk\u00fc.Halbuki esas meseleyi g\u00f6rmek, d\u00fcnyay\u0131 de\u011fi\u015ftirecek dinami\u011fi kavramakt\u0131r&#8230;\u201d <\/p>\n","protected":false},"excerpt":{"rendered":"<p>\u201cD\u00f6neklerce \u2018devrim olmad\u0131 demokrasi verelim\u2019 form\u00fcl\u00fcyle tarif edilmeye kalk\u0131\u015f\u0131lan AB \u2018pek cazip\u2019 olsa da; hayat\u0131n bu yamal\u0131 boh\u00e7aya hi\u00e7 mi hi\u00e7 tahamm\u00fcl\u00fc yoktur&#8230;Art\u0131k \u2018Ama\u2019s\u0131z, \u2018Fakat\u2019s\u0131zca; yani<span class=\"excerpt-hellip\"> [\u2026]<\/span><\/p>\n","protected":false},"featured_media":0,"template":"","meta":{"_monsterinsights_skip_tracking":false,"_monsterinsights_sitenote_active":false,"_monsterinsights_sitenote_note":"","_monsterinsights_sitenote_category":0},"product_brand":[],"product_cat":[12338,12337],"product_tag":[],"class_list":{"0":"post-693426","1":"product","2":"type-product","3":"status-publish","5":"product_cat-dunya-siyaseti-ve-politikasi","6":"product_cat-politika-siyaset","7":"pa_cilt-ciltsiz","8":"pa_tur-kitap","9":"pa_yayinevi-utopya-yayinevi","10":"pa_yazar-sibel-ozbudun","12":"first","13":"instock","14":"sale","15":"shipping-taxable","16":"purchasable","17":"product-type-simple"},"_links":{"self":[{"href":"https:\/\/roveyayinevi.com.tr\/index.php\/wp-json\/wp\/v2\/product\/693426","targetHints":{"allow":["GET"]}}],"collection":[{"href":"https:\/\/roveyayinevi.com.tr\/index.php\/wp-json\/wp\/v2\/product"}],"about":[{"href":"https:\/\/roveyayinevi.com.tr\/index.php\/wp-json\/wp\/v2\/types\/product"}],"wp:attachment":[{"href":"https:\/\/roveyayinevi.com.tr\/index.php\/wp-json\/wp\/v2\/media?parent=693426"}],"wp:term":[{"taxonomy":"product_brand","embeddable":true,"href":"https:\/\/roveyayinevi.com.tr\/index.php\/wp-json\/wp\/v2\/product_brand?post=693426"},{"taxonomy":"product_cat","embeddable":true,"href":"https:\/\/roveyayinevi.com.tr\/index.php\/wp-json\/wp\/v2\/product_cat?post=693426"},{"taxonomy":"product_tag","embeddable":true,"href":"https:\/\/roveyayinevi.com.tr\/index.php\/wp-json\/wp\/v2\/product_tag?post=693426"}],"curies":[{"name":"wp","href":"https:\/\/api.w.org\/{rel}","templated":true}]}}