{"id":693425,"date":"2025-08-27T14:13:58","date_gmt":"2025-08-27T11:13:58","guid":{"rendered":"https:\/\/roveyayinevi.com.tr\/index.php\/urun\/adil-okay-ile-gecerken\/"},"modified":"2026-01-29T02:05:55","modified_gmt":"2026-01-28T23:05:55","slug":"adil-okay-ile-gecerken","status":"publish","type":"product","link":"https:\/\/roveyayinevi.com.tr\/index.php\/urun\/adil-okay-ile-gecerken\/","title":{"rendered":"Adil Okay ile Ge\u00e7erken&#8230;"},"content":{"rendered":"<p>Adil Okay\u2019la ortak bir kitap haz\u0131rlamaya ne zaman karar verdim? Adil\u2019le tan\u0131\u015fmam\u0131zdan, kendisinin, ailesinin, karde\u015flerinin ve bilhassa babas\u0131n\u0131n ya\u015fam\u0131n\u0131 \u00f6\u011frendikten, a\u011fabeyi Arif Okay\u2019la dostlu\u011fumuzdan bir s\u00fcre sonra bu d\u00fc\u015f\u00fcncenin do\u011fdu\u011funu ve zaman i\u00e7inde, g\u00fcne\u015fi g\u00f6re g\u00f6re, r\u00fczg\u00e2rda ve karda tomurcukland\u0131\u011f\u0131n\u0131 ve ye\u015ferdi\u011fini biliyorum. \u0130ki kez \u00f6ld\u00fcr\u00fclmek istenen, her suikasttan sonra kalan izleri h\u00e2l\u00e2 v\u00fccudunda ta\u015f\u0131yan, ba\u015f\u0131ndan bin bir ser\u00fcven ge\u00e7en, defalarca \u00f6l\u00fcmle iki ad\u0131ml\u0131k mesafede k\u00f6\u015fe kapmaca oynayan Adil Okay\u2019\u0131n hayat\u0131, \u00f6yle s\u0131radan bir hayat de\u011fildir&#8230; 1980 Y\u0131l\u0131nda Adana cezaevinden firar ettikten ve hemen ertesinde bir y\u0131ldan fazla kald\u0131\u011f\u0131 L\u00fcbnan\u2019da Filistin halk\u0131yla direni\u015fe kat\u0131ld\u0131ktan ve bu sava\u015ftan sa\u011f \u00e7\u0131kt\u0131ktan sonra, geldi\u011fi Fransa\u2019da yirmi y\u0131l ya\u015fad\u0131&#8230; Paris, maris hikaye, Akdeniz\u2019in \u00e7a\u011fr\u0131lar\u0131na dayanamad\u0131 ve \u00fclkesine d\u00f6nd\u00fc. G\u00fcne\u015fi, denizi, yak\u0131nlar\u0131n\u0131 ve yolda\u015flar\u0131n\u0131 buldu. Kimini bazen bir rastlant\u0131 sonucu, sokakta y\u00fcr\u00fcrken, kimini bir toplant\u0131 s\u0131ras\u0131nda, kimini bir \u015fiir okuma g\u00fcn\u00fcnde veya gecesinde, kimini bir g\u00f6steri ve y\u00fcr\u00fcy\u00fc\u015fte&#8230; Gidenler atlar\u0131n\u0131 mahmuzlayarak ve arkalar\u0131nda destanlar b\u0131rakarak gittiler ve kalanlar yolda\u015flar\u0131n\u0131n destanlar\u0131n\u0131 onlar\u0131n an\u0131lar\u0131na sayg\u0131 g\u00f6stererek ve onlar\u0131 kal\u0131c\u0131la\u015ft\u0131rmak umuduyla yazmay\u0131 g\u00f6rev edindiler. Bu \u00e7al\u0131\u015fma da sonu\u00e7 itibariyle bu yolda bir katk\u0131 sunabilirse ne mutlu bize&#8230;  -M. \u015eehmus G\u00fczel- <\/p>\n","protected":false},"excerpt":{"rendered":"<p>Adil Okay\u2019la ortak bir kitap haz\u0131rlamaya ne zaman karar verdim? Adil\u2019le tan\u0131\u015fmam\u0131zdan, kendisinin, ailesinin, karde\u015flerinin ve bilhassa babas\u0131n\u0131n ya\u015fam\u0131n\u0131 \u00f6\u011frendikten, a\u011fabeyi Arif Okay\u2019la dostlu\u011fumuzdan bir s\u00fcre<span class=\"excerpt-hellip\"> [\u2026]<\/span><\/p>\n","protected":false},"featured_media":0,"template":"","meta":{"_monsterinsights_skip_tracking":false,"_monsterinsights_sitenote_active":false,"_monsterinsights_sitenote_note":"","_monsterinsights_sitenote_category":0},"product_brand":[],"product_cat":[12312,12304],"product_tag":[],"class_list":{"0":"post-693425","1":"product","2":"type-product","3":"status-publish","5":"product_cat-diger","6":"product_cat-tarih","7":"pa_cilt-ciltsiz","8":"pa_tur-kitap","9":"pa_yayinevi-utopya-yayinevi","10":"pa_yazar-m-sehmus-guzel","12":"first","13":"instock","14":"sale","15":"shipping-taxable","16":"purchasable","17":"product-type-simple"},"_links":{"self":[{"href":"https:\/\/roveyayinevi.com.tr\/index.php\/wp-json\/wp\/v2\/product\/693425","targetHints":{"allow":["GET"]}}],"collection":[{"href":"https:\/\/roveyayinevi.com.tr\/index.php\/wp-json\/wp\/v2\/product"}],"about":[{"href":"https:\/\/roveyayinevi.com.tr\/index.php\/wp-json\/wp\/v2\/types\/product"}],"wp:attachment":[{"href":"https:\/\/roveyayinevi.com.tr\/index.php\/wp-json\/wp\/v2\/media?parent=693425"}],"wp:term":[{"taxonomy":"product_brand","embeddable":true,"href":"https:\/\/roveyayinevi.com.tr\/index.php\/wp-json\/wp\/v2\/product_brand?post=693425"},{"taxonomy":"product_cat","embeddable":true,"href":"https:\/\/roveyayinevi.com.tr\/index.php\/wp-json\/wp\/v2\/product_cat?post=693425"},{"taxonomy":"product_tag","embeddable":true,"href":"https:\/\/roveyayinevi.com.tr\/index.php\/wp-json\/wp\/v2\/product_tag?post=693425"}],"curies":[{"name":"wp","href":"https:\/\/api.w.org\/{rel}","templated":true}]}}