{"id":693424,"date":"2025-08-27T14:13:58","date_gmt":"2025-08-27T11:13:58","guid":{"rendered":"https:\/\/roveyayinevi.com.tr\/index.php\/urun\/halk-egitimi-yetiskin-egitimi\/"},"modified":"2026-01-29T02:05:55","modified_gmt":"2026-01-28T23:05:55","slug":"halk-egitimi-yetiskin-egitimi","status":"publish","type":"product","link":"https:\/\/roveyayinevi.com.tr\/index.php\/urun\/halk-egitimi-yetiskin-egitimi\/","title":{"rendered":"Halk E\u011fitimi  (Yeti\u015fkin E\u011fitimi)"},"content":{"rendered":"<p>Kitap, s\u0131n\u0131f \u00f6\u011fretmenli\u011fi program\u0131ndaki \u00f6\u011frencilere yard\u0131mc\u0131 bir kaynak ve i\u00e7eri\u011fi de bu ders program\u0131yla \u00f6rt\u00fc\u015fmektedir. On b\u00f6l\u00fcmden olu\u015fan kitapta, d\u00fcnyada ve \u00fclkede yayg\u0131n olarak kullan\u0131lan tan\u0131m ve kavramlara yer verilmektedir. Halk e\u011fitimine neden gerek duyuldu\u011fu ve ilgili e\u011fitim felsefeleri; yeti\u015fkinlerde \u00f6\u011frenme konusu \u00f6zetlenmektedir.Yeti\u015fkin e\u011fitimde kullan\u0131lan \u00f6\u011frenme y\u00f6ntemleri ile kullan\u0131lan ara\u00e7-ger\u00e7ler; yeti\u015fkin e\u011fitimcide aranan nitelikler ve yeti\u015fkin e\u011fitimcinin g\u00f6revleri ve yeti\u015fkin e\u011fitiminin tarihsel geli\u015fimi \u00f6ztlenmektedir. Yeti\u015fkin e\u011fitimiyle ilgili bu genel bilgilerden sonra, yeti\u015fkin e\u011fitimi konusunda T\u00fcrkiye\u2019de ne olup bitti\u011fine de\u011finilmekte;yeti\u015fkin e\u011fitimin tarihsel ge\u00e7mi\u015fi;yasal ve kurumsal durum;belli ba\u015fl\u0131 kurumlar\u0131n yeti\u015fkin e\u011fitimi etkinlikleri ve uygulamalar\u0131 ile yeti\u015fkin e\u011fitimiyle ilgili sorunlar, gelecek ve \u00f6neriler tart\u0131\u015f\u0131lmaktad\u0131r. <\/p>\n","protected":false},"excerpt":{"rendered":"<p>Kitap, s\u0131n\u0131f \u00f6\u011fretmenli\u011fi program\u0131ndaki \u00f6\u011frencilere yard\u0131mc\u0131 bir kaynak ve i\u00e7eri\u011fi de bu ders program\u0131yla \u00f6rt\u00fc\u015fmektedir. On b\u00f6l\u00fcmden olu\u015fan kitapta, d\u00fcnyada ve \u00fclkede yayg\u0131n olarak kullan\u0131lan tan\u0131m<span class=\"excerpt-hellip\"> [\u2026]<\/span><\/p>\n","protected":false},"featured_media":0,"template":"","meta":{"_monsterinsights_skip_tracking":false,"_monsterinsights_sitenote_active":false,"_monsterinsights_sitenote_note":"","_monsterinsights_sitenote_category":0},"product_brand":[],"product_cat":[12312,12304],"product_tag":[],"class_list":{"0":"post-693424","1":"product","2":"type-product","3":"status-publish","5":"product_cat-diger","6":"product_cat-tarih","7":"pa_cilt-ciltsiz","8":"pa_tur-kitap","9":"pa_yayinevi-utopya-yayinevi","10":"pa_yazar-rifat-okcabol","12":"first","13":"instock","14":"sale","15":"shipping-taxable","16":"purchasable","17":"product-type-simple"},"_links":{"self":[{"href":"https:\/\/roveyayinevi.com.tr\/index.php\/wp-json\/wp\/v2\/product\/693424","targetHints":{"allow":["GET"]}}],"collection":[{"href":"https:\/\/roveyayinevi.com.tr\/index.php\/wp-json\/wp\/v2\/product"}],"about":[{"href":"https:\/\/roveyayinevi.com.tr\/index.php\/wp-json\/wp\/v2\/types\/product"}],"wp:attachment":[{"href":"https:\/\/roveyayinevi.com.tr\/index.php\/wp-json\/wp\/v2\/media?parent=693424"}],"wp:term":[{"taxonomy":"product_brand","embeddable":true,"href":"https:\/\/roveyayinevi.com.tr\/index.php\/wp-json\/wp\/v2\/product_brand?post=693424"},{"taxonomy":"product_cat","embeddable":true,"href":"https:\/\/roveyayinevi.com.tr\/index.php\/wp-json\/wp\/v2\/product_cat?post=693424"},{"taxonomy":"product_tag","embeddable":true,"href":"https:\/\/roveyayinevi.com.tr\/index.php\/wp-json\/wp\/v2\/product_tag?post=693424"}],"curies":[{"name":"wp","href":"https:\/\/api.w.org\/{rel}","templated":true}]}}