{"id":693423,"date":"2025-08-27T14:13:57","date_gmt":"2025-08-27T11:13:57","guid":{"rendered":"https:\/\/roveyayinevi.com.tr\/index.php\/urun\/eylul-5\/"},"modified":"2026-01-29T02:05:55","modified_gmt":"2026-01-28T23:05:55","slug":"eylul-5","status":"publish","type":"product","link":"https:\/\/roveyayinevi.com.tr\/index.php\/urun\/eylul-5\/","title":{"rendered":"Eyl\u00fcl"},"content":{"rendered":"<p>12 Eyl\u00fcl&#8217;\u00fc karikat\u00fcrlerle anlatan ilgin\u00e7 bir kitap&#8230; H\u00fcz\u00fcnlendirirken d\u00fc\u015f\u00fcnd\u00fcren d\u00fc\u015f\u00fcnd\u00fcr\u00fcrken dudak alt\u0131nda g\u00fcl\u00fcmseten bir \u00e7al\u0131\u015fma&#8230; Tabip Taner \u00d6zek&#8217;ten&#8230; <\/p>\n","protected":false},"excerpt":{"rendered":"<p>12 Eyl\u00fcl&#8217;\u00fc karikat\u00fcrlerle anlatan ilgin\u00e7 bir kitap&#8230; H\u00fcz\u00fcnlendirirken d\u00fc\u015f\u00fcnd\u00fcren d\u00fc\u015f\u00fcnd\u00fcr\u00fcrken dudak alt\u0131nda g\u00fcl\u00fcmseten bir \u00e7al\u0131\u015fma&#8230; Tabip Taner \u00d6zek&#8217;ten&#8230;<\/p>\n","protected":false},"featured_media":0,"template":"","meta":{"_monsterinsights_skip_tracking":false,"_monsterinsights_sitenote_active":false,"_monsterinsights_sitenote_note":"","_monsterinsights_sitenote_category":0},"product_brand":[],"product_cat":[12304,13650],"product_tag":[],"class_list":{"0":"post-693423","1":"product","2":"type-product","3":"status-publish","5":"product_cat-tarih","6":"product_cat-turk-tarihi-arastirmalari","7":"pa_cilt-ciltsiz","8":"pa_tur-kitap","9":"pa_yayinevi-utopya-yayinevi","10":"pa_yazar-taner-ozek","12":"first","13":"instock","14":"sale","15":"shipping-taxable","16":"purchasable","17":"product-type-simple"},"_links":{"self":[{"href":"https:\/\/roveyayinevi.com.tr\/index.php\/wp-json\/wp\/v2\/product\/693423","targetHints":{"allow":["GET"]}}],"collection":[{"href":"https:\/\/roveyayinevi.com.tr\/index.php\/wp-json\/wp\/v2\/product"}],"about":[{"href":"https:\/\/roveyayinevi.com.tr\/index.php\/wp-json\/wp\/v2\/types\/product"}],"wp:attachment":[{"href":"https:\/\/roveyayinevi.com.tr\/index.php\/wp-json\/wp\/v2\/media?parent=693423"}],"wp:term":[{"taxonomy":"product_brand","embeddable":true,"href":"https:\/\/roveyayinevi.com.tr\/index.php\/wp-json\/wp\/v2\/product_brand?post=693423"},{"taxonomy":"product_cat","embeddable":true,"href":"https:\/\/roveyayinevi.com.tr\/index.php\/wp-json\/wp\/v2\/product_cat?post=693423"},{"taxonomy":"product_tag","embeddable":true,"href":"https:\/\/roveyayinevi.com.tr\/index.php\/wp-json\/wp\/v2\/product_tag?post=693423"}],"curies":[{"name":"wp","href":"https:\/\/api.w.org\/{rel}","templated":true}]}}