{"id":693422,"date":"2025-08-27T14:13:57","date_gmt":"2025-08-27T11:13:57","guid":{"rendered":"https:\/\/roveyayinevi.com.tr\/index.php\/urun\/etnopsikiyatri-kulturun-psikiyatrik-boyutu-psikiyatrinin-kulturel-boyutu\/"},"modified":"2026-01-29T02:05:55","modified_gmt":"2026-01-28T23:05:55","slug":"etnopsikiyatri-kulturun-psikiyatrik-boyutu-psikiyatrinin-kulturel-boyutu","status":"publish","type":"product","link":"https:\/\/roveyayinevi.com.tr\/index.php\/urun\/etnopsikiyatri-kulturun-psikiyatrik-boyutu-psikiyatrinin-kulturel-boyutu\/","title":{"rendered":"Etnopsikiyatri K\u00fclt\u00fcr\u00fcn Psikiyatrik Boyutu Psikiyatrinin K\u00fclt\u00fcrel Boyutu"},"content":{"rendered":"<p>Bug\u00fcn istisnas\u0131z b\u00fct\u00fcn toplumlar, insanl\u0131k tarihinde e\u015fi benzeri g\u00f6r\u00fclmemi\u015f son derece h\u0131zl\u0131 de\u011fi\u015fimlerle kar\u015f\u0131 kar\u015f\u0131ya kalm\u0131\u015f durumdad\u0131rlar. Teknolojik geli\u015fmeler, toplumsal ili\u015fkilerin evrimi, i\u00e7 ve d\u0131\u015f g\u00f6\u00e7 hareketleri, h\u0131zlanm\u0131\u015f \u015fehirle\u015fme s\u00fcre\u00e7leri, ki\u015filik \u00f6rgenlenmesinde tekrar tekrar, bazen son derece kaba d\u00fczenlemeleri beraberinde getirmektedir. Etnopsikiyatri, psikolojik ve psikopatolojik alan\u0131n k\u00fclt\u00fcr alan\u0131yla kar\u015f\u0131la\u015ft\u0131\u011f\u0131 bu tip durumlara yan\u0131t vermek i\u00e7in, psikiyatrinin ortodokslu\u011fundan ve klasik sosyolojiden kopma yoluyla kuruldu. Ba\u015fkalar\u0131n\u0131n k\u00fclt\u00fcr\u00fcyle ait olunan k\u00fclt\u00fcr ve ac\u0131 \u00e7eken bir ruhsal ya\u015famla, \u00e7e\u015fitli k\u00fclt\u00fcrel y\u00fcceltme olanaklar\u0131 i\u00e7inde denge bulan bir ruhsal ya\u015fam aras\u0131ndaki s\u00fcrekli gidi\u015f-geli\u015f hareketinden do\u011fan bu s\u0131n\u0131r prati\u011finden yola \u00e7\u0131karak, \u015fu tan\u0131mlamay\u0131 \u00f6nerebiliriz: etnopsikiyatri, psikopatolojik davran\u0131\u015flarla bunlar\u0131n i\u00e7inde yer ald\u0131\u011f\u0131 k\u00fclt\u00fcrler aras\u0131ndaki ili\u015fkilerin incelenmesidir. Zihinsel bozukluklar\u0131n k\u00fclt\u00fcrel boyutunu ve k\u00fclt\u00fcr\u00fcn psikiyatrik boyutunu anlamaya \u00e7al\u0131\u015fan \u00e7ok disiplinli bir ara\u015ft\u0131rma ve buna dayanan pratiktir. Bu kitap, bir klinik hekimi taraf\u0131ndan de\u011fil, yirmi y\u0131la yak\u0131nd\u0131r Afrika, Ma\u011frip, Avrupa ve G\u00fcney Amerika toplumlar\u0131yla ili\u015fki halinde \u00e7al\u0131\u015fan bir etnolog taraf\u0131ndan yaz\u0131ld\u0131, Yazar, bu \u00e7al\u0131\u015fmas\u0131nda geni\u015f bir alan ara\u015ft\u0131rmas\u0131yla etnopsikiyatrinin de\u011fi\u015fik ak\u0131mlar\u0131n\u0131 m\u00fcmk\u00fcn oldu\u011funca nesnel bi\u00e7imde sergilemeye \u00e7al\u0131\u015f\u0131rken, y\u00f6ntemi bi\u00e7imlendiren ba\u015fl\u0131ca tarihsel ak\u0131mlar\u0131n birka\u00e7\u0131n\u0131, \u00e7a\u011fda\u015f etnopsikiyatrik ara\u015ft\u0131rman\u0131n b\u00fcy\u00fck temel direklerini ve etnopsikiyatrlar taraf\u0131ndan kurulup kullan\u0131lan i\u015flemsel ara\u00e7lar\u0131 okuyucuya sunuyor. <\/p>\n","protected":false},"excerpt":{"rendered":"<p>Bug\u00fcn istisnas\u0131z b\u00fct\u00fcn toplumlar, insanl\u0131k tarihinde e\u015fi benzeri g\u00f6r\u00fclmemi\u015f son derece h\u0131zl\u0131 de\u011fi\u015fimlerle kar\u015f\u0131 kar\u015f\u0131ya kalm\u0131\u015f durumdad\u0131rlar. Teknolojik geli\u015fmeler, toplumsal ili\u015fkilerin evrimi, i\u00e7 ve d\u0131\u015f g\u00f6\u00e7<span class=\"excerpt-hellip\"> [\u2026]<\/span><\/p>\n","protected":false},"featured_media":0,"template":"","meta":{"_monsterinsights_skip_tracking":false,"_monsterinsights_sitenote_active":false,"_monsterinsights_sitenote_note":"","_monsterinsights_sitenote_category":0},"product_brand":[],"product_cat":[13633,12324],"product_tag":[],"class_list":{"0":"post-693422","1":"product","2":"type-product","3":"status-publish","5":"product_cat-kultur-ve-bilim","6":"product_cat-sosyoloji","7":"pa_cilt-ciltsiz","8":"pa_tur-kitap","9":"pa_yayinevi-utopya-yayinevi","10":"pa_yazar-francois-laplantine","12":"first","13":"instock","14":"sale","15":"shipping-taxable","16":"purchasable","17":"product-type-simple"},"_links":{"self":[{"href":"https:\/\/roveyayinevi.com.tr\/index.php\/wp-json\/wp\/v2\/product\/693422","targetHints":{"allow":["GET"]}}],"collection":[{"href":"https:\/\/roveyayinevi.com.tr\/index.php\/wp-json\/wp\/v2\/product"}],"about":[{"href":"https:\/\/roveyayinevi.com.tr\/index.php\/wp-json\/wp\/v2\/types\/product"}],"wp:attachment":[{"href":"https:\/\/roveyayinevi.com.tr\/index.php\/wp-json\/wp\/v2\/media?parent=693422"}],"wp:term":[{"taxonomy":"product_brand","embeddable":true,"href":"https:\/\/roveyayinevi.com.tr\/index.php\/wp-json\/wp\/v2\/product_brand?post=693422"},{"taxonomy":"product_cat","embeddable":true,"href":"https:\/\/roveyayinevi.com.tr\/index.php\/wp-json\/wp\/v2\/product_cat?post=693422"},{"taxonomy":"product_tag","embeddable":true,"href":"https:\/\/roveyayinevi.com.tr\/index.php\/wp-json\/wp\/v2\/product_tag?post=693422"}],"curies":[{"name":"wp","href":"https:\/\/api.w.org\/{rel}","templated":true}]}}