{"id":693421,"date":"2025-08-27T14:13:57","date_gmt":"2025-08-27T11:13:57","guid":{"rendered":"https:\/\/roveyayinevi.com.tr\/index.php\/urun\/antropoloji-gozuyle-sinif-kultur-kimlik-yazilari\/"},"modified":"2026-01-29T02:05:55","modified_gmt":"2026-01-28T23:05:55","slug":"antropoloji-gozuyle-sinif-kultur-kimlik-yazilari","status":"publish","type":"product","link":"https:\/\/roveyayinevi.com.tr\/index.php\/urun\/antropoloji-gozuyle-sinif-kultur-kimlik-yazilari\/","title":{"rendered":"Antropoloji G\u00f6z\u00fcyle: S\u0131n\u0131f, K\u00fclt\u00fcr, Kimlik Yaz\u0131lar\u0131"},"content":{"rendered":"<p>Bu kitab\u0131 olu\u015fturan yaz\u0131lar, bir  sav  ve bir  ilgi  etraf\u0131nda toparlan\u0131yor:  Kimlik  ile  s\u0131n\u0131f  aras\u0131nda a\u015f\u0131lmaz bir u\u00e7urumun olmad\u0131\u011f\u0131, her ikisinin birbirini besle(yebil)di\u011fi ve insanl\u0131\u011f\u0131n kad\u00eem d\u00fc\u015f\u00fc  \u00d6zg\u00fcrl\u00fck  ve  E\u015fitlik in, ya da \u00f6zg\u00fcrl\u00fck\u00e7\u00fc bir e\u015fitlik i\u00e7erisinde karde\u015fle\u015fmenin, hem farkl\u0131l\u0131k hem de birli\u011fi vazge\u00e7ilmez sayan bir yakla\u015f\u0131mdan, bir ba\u015fka deyi\u015fle kimlik ile s\u0131n\u0131f\u0131 ba\u011fda\u015ft\u0131rabilmeden ge\u00e7ti\u011fi sav\u0131; ve bu sav\u0131n arg\u00fcmanlar\u0131n\u0131n g\u00f6zlemlenebilece\u011fi Latin Amerika toplumsal muhalefet hareketlerine ilgi&#8230; Bu sav ve bu ilginin  kimlik\/s\u0131n\u0131f  a\u00e7maz\u0131na k\u0131st\u0131r\u0131lmaya \u00e7al\u0131\u015f\u0131lan bu co\u011frafyan\u0131n kilitlerini a\u00e7mada i\u015flevsel olabilece\u011fi kanaatindeyim. Bence, bu nedenledir ki, \u00fczerlerinde d\u00fc\u015f\u00fcn\u00fclmeyi hak ediyorlar&#8230; <\/p>\n","protected":false},"excerpt":{"rendered":"<p>Bu kitab\u0131 olu\u015fturan yaz\u0131lar, bir sav ve bir ilgi etraf\u0131nda toparlan\u0131yor: Kimlik ile s\u0131n\u0131f aras\u0131nda a\u015f\u0131lmaz bir u\u00e7urumun olmad\u0131\u011f\u0131, her ikisinin birbirini besle(yebil)di\u011fi ve insanl\u0131\u011f\u0131n kad\u00eem<span class=\"excerpt-hellip\"> [\u2026]<\/span><\/p>\n","protected":false},"featured_media":0,"template":"","meta":{"_monsterinsights_skip_tracking":false,"_monsterinsights_sitenote_active":false,"_monsterinsights_sitenote_note":"","_monsterinsights_sitenote_category":0},"product_brand":[],"product_cat":[15499,13488],"product_tag":[],"class_list":{"0":"post-693421","1":"product","2":"type-product","3":"status-publish","5":"product_cat-antropoloji","6":"product_cat-toplum-ve-insan","7":"pa_cilt-ciltsiz","8":"pa_tur-kitap","9":"pa_yayinevi-utopya-yayinevi","10":"pa_yazar-sibel-ozbudun","12":"first","13":"instock","14":"sale","15":"shipping-taxable","16":"purchasable","17":"product-type-simple"},"_links":{"self":[{"href":"https:\/\/roveyayinevi.com.tr\/index.php\/wp-json\/wp\/v2\/product\/693421","targetHints":{"allow":["GET"]}}],"collection":[{"href":"https:\/\/roveyayinevi.com.tr\/index.php\/wp-json\/wp\/v2\/product"}],"about":[{"href":"https:\/\/roveyayinevi.com.tr\/index.php\/wp-json\/wp\/v2\/types\/product"}],"wp:attachment":[{"href":"https:\/\/roveyayinevi.com.tr\/index.php\/wp-json\/wp\/v2\/media?parent=693421"}],"wp:term":[{"taxonomy":"product_brand","embeddable":true,"href":"https:\/\/roveyayinevi.com.tr\/index.php\/wp-json\/wp\/v2\/product_brand?post=693421"},{"taxonomy":"product_cat","embeddable":true,"href":"https:\/\/roveyayinevi.com.tr\/index.php\/wp-json\/wp\/v2\/product_cat?post=693421"},{"taxonomy":"product_tag","embeddable":true,"href":"https:\/\/roveyayinevi.com.tr\/index.php\/wp-json\/wp\/v2\/product_tag?post=693421"}],"curies":[{"name":"wp","href":"https:\/\/api.w.org\/{rel}","templated":true}]}}