{"id":693419,"date":"2025-08-27T14:13:57","date_gmt":"2025-08-27T11:13:57","guid":{"rendered":"https:\/\/roveyayinevi.com.tr\/index.php\/urun\/genetik-kukla-ask\/"},"modified":"2026-01-29T02:05:54","modified_gmt":"2026-01-28T23:05:54","slug":"genetik-kukla-ask","status":"publish","type":"product","link":"https:\/\/roveyayinevi.com.tr\/index.php\/urun\/genetik-kukla-ask\/","title":{"rendered":"Genetik Kukla: A\u015fk"},"content":{"rendered":"<p>Duygusal ve tensel temas sanat\u0131 diye adland\u0131rd\u0131\u011f\u0131m\u0131z a\u015fk\u0131 neden bu kadar arzular ve saplant\u0131ya d\u00f6n\u00fc\u015ft\u00fcr\u00fcr\u00fcz. \u0130nsani duygular\u0131m\u0131z\u0131n bir yans\u0131mas\u0131 m\u0131 yoksa vah\u015fi do\u011fam\u0131z\u0131n egemen bir par\u00e7as\u0131 m\u0131? Bunun cevab\u0131n\u0131 insan\u0131n do\u011fumuyla ba\u015flayan s\u00fcreci inceleyerek verebiliriz. Do\u011fada birlikte ya\u015fad\u0131\u011f\u0131m\u0131z di\u011fer canl\u0131lara bakt\u0131\u011f\u0131m\u0131zda, t\u0131pk\u0131 onlar gibi \u00fcreme d\u00fcrt\u00fcs\u00fcyle soyumuzu devam ettirmeyi arzular\u0131z; ancak insan yavrusu vah\u015fi do\u011fanlar\u0131n aksine, premat\u00fcre olarak do\u011far ve di\u011fer t\u00fcm canl\u0131lardan daha uzun s\u00fcre bak\u0131ma ve korunmaya muhta\u00e7t\u0131r. G\u00fcn\u00fcm\u00fczde s\u0131radanla\u015fm\u0131\u015f baz\u0131 davran\u0131\u015f ve duygular\u0131n ma\u011fara d\u00f6neminden s\u00fcregelen bir yolculu\u011fu oldu\u011funu bilmek, hem \u015fa\u015f\u0131rt\u0131c\u0131 hem e\u011flencelidir. T\u0131pk\u0131 geni\u015f ve d\u00fcz bir vadinin ortas\u0131nda akan \u0131rma\u011f\u0131n co\u015fkusunun binlerce y\u0131ld\u0131r insana hissettirdi\u011fi bereket ve ya\u015fam\u0131n zenginli\u011fini veya damla \u015fekilli m\u00fccevherin g\u00f6z al\u0131c\u0131 ihti\u015fam\u0131n\u0131n ilk \u00e7a\u011flardaki sava\u015f\u00e7\u0131lar\u0131n ta\u015f baltalar\u0131ndan esinlenildi\u011fi gibi binlerce ilkel be\u011feni, davran\u0131\u015f ve duyguyu ya\u015f\u0131yoruz&#8230; \u0130\u015fte bizi genetik olarak farkl\u0131la\u015ft\u0131ran, genlerimize \u015fifrelenmi\u015f ve bizlere de\u011ferlilik hazz\u0131 katan k\u00f6keni binlerce y\u0131l \u00f6ncesine dayanan duygu: A\u015fkt\u0131r. Tamamen genlerin belirledi\u011fi bir ya\u015fam\u0131 insan\u0131n salt kendisinin y\u00f6nlendirdi\u011fini sanmas\u0131 en b\u00fcy\u00fck yan\u0131lg\u0131s\u0131d\u0131r. Kim oldu\u011fumuz kiminle birlikte olaca\u011f\u0131m\u0131z, zevklerimiz ve ya\u015fam kalitemiz ve s\u00fcremiz genlerimizin kodlar\u0131d\u0131r; T\u0131pk\u0131 A\u015fklar\u0131m\u0131z Gibi&#8230; <\/p>\n","protected":false},"excerpt":{"rendered":"<p>Duygusal ve tensel temas sanat\u0131 diye adland\u0131rd\u0131\u011f\u0131m\u0131z a\u015fk\u0131 neden bu kadar arzular ve saplant\u0131ya d\u00f6n\u00fc\u015ft\u00fcr\u00fcr\u00fcz. \u0130nsani duygular\u0131m\u0131z\u0131n bir yans\u0131mas\u0131 m\u0131 yoksa vah\u015fi do\u011fam\u0131z\u0131n egemen bir par\u00e7as\u0131<span class=\"excerpt-hellip\"> [\u2026]<\/span><\/p>\n","protected":false},"featured_media":0,"template":"","meta":{"_monsterinsights_skip_tracking":false,"_monsterinsights_sitenote_active":false,"_monsterinsights_sitenote_note":"","_monsterinsights_sitenote_category":0},"product_brand":[],"product_cat":[12291,12711],"product_tag":[],"class_list":{"0":"post-693419","1":"product","2":"type-product","3":"status-publish","5":"product_cat-edebiyat","6":"product_cat-roman-oyku","7":"pa_cilt-ciltsiz","8":"pa_tur-kitap","9":"pa_yayinevi-utopya-yayinevi","10":"pa_yazar-mehmet-irfan","12":"first","13":"instock","14":"sale","15":"shipping-taxable","16":"purchasable","17":"product-type-simple"},"_links":{"self":[{"href":"https:\/\/roveyayinevi.com.tr\/index.php\/wp-json\/wp\/v2\/product\/693419","targetHints":{"allow":["GET"]}}],"collection":[{"href":"https:\/\/roveyayinevi.com.tr\/index.php\/wp-json\/wp\/v2\/product"}],"about":[{"href":"https:\/\/roveyayinevi.com.tr\/index.php\/wp-json\/wp\/v2\/types\/product"}],"wp:attachment":[{"href":"https:\/\/roveyayinevi.com.tr\/index.php\/wp-json\/wp\/v2\/media?parent=693419"}],"wp:term":[{"taxonomy":"product_brand","embeddable":true,"href":"https:\/\/roveyayinevi.com.tr\/index.php\/wp-json\/wp\/v2\/product_brand?post=693419"},{"taxonomy":"product_cat","embeddable":true,"href":"https:\/\/roveyayinevi.com.tr\/index.php\/wp-json\/wp\/v2\/product_cat?post=693419"},{"taxonomy":"product_tag","embeddable":true,"href":"https:\/\/roveyayinevi.com.tr\/index.php\/wp-json\/wp\/v2\/product_tag?post=693419"}],"curies":[{"name":"wp","href":"https:\/\/api.w.org\/{rel}","templated":true}]}}